{"id":725,"date":"2025-11-11T18:27:48","date_gmt":"2025-11-11T17:27:48","guid":{"rendered":"https:\/\/kvanumzen.hu\/?page_id=725"},"modified":"2025-11-12T13:26:02","modified_gmt":"2025-11-12T12:26:02","slug":"hirlevel","status":"publish","type":"page","link":"https:\/\/kvanumzen.hu\/hu\/hirlevel\/","title":{"rendered":"H\u00edrlev\u00e9l"},"content":{"rendered":"<p>Feliratkoz\u00e1si lehet\u0151s\u00e9g a <a href=\"https:\/\/mailchi.mp\/6cec2379691e\/feliratkozas\"><strong>Kvan Um Magyarorsz\u00e1g h\u00edrlevel\u00e9re<\/strong><\/a>.<\/p>\n<p><a href=\"https:\/\/kvanumzen.hu\/hu\/adatvedelmi-tajekoztato\/\"><strong>Adatv\u00e9delmi t\u00e1j\u00e9koztat\u00f3<\/strong><\/a><\/p>\n","protected":false},"excerpt":{"rendered":"<p>Feliratkoz\u00e1si lehet\u0151s\u00e9g a Kvan Um Magyarorsz\u00e1g h\u00edrlevel\u00e9re. Adatv\u00e9delmi t\u00e1j\u00e9koztat\u00f3<\/p>\n","protected":false},"author":1,"featured_media":0,"parent":0,"menu_order":0,"comment_status":"closed","ping_status":"closed","template":"","meta":{"footnotes":""},"class_list":["post-725","page","type-page","status-publish","hentry"],"yoast_head":"<!-- This site is optimized with the Yoast SEO plugin v27.3 - https:\/\/yoast.com\/product\/yoast-seo-wordpress\/ -->\n<title>H\u00edrlev\u00e9l - Kvan Um Zen Magyarorsz\u00e1g<\/title>\n<meta name=\"robots\" content=\"index, follow, max-snippet:-1, max-image-preview:large, max-video-preview:-1\" \/>\n<link rel=\"canonical\" href=\"https:\/\/kvanumzen.hu\/hu\/hirlevel\/\" \/>\n<meta property=\"og:locale\" content=\"hu_HU\" \/>\n<meta property=\"og:type\" content=\"article\" \/>\n<meta property=\"og:title\" content=\"H\u00edrlev\u00e9l - Kvan Um Zen Magyarorsz\u00e1g\" \/>\n<meta property=\"og:description\" content=\"Feliratkoz\u00e1si lehet\u0151s\u00e9g a Kvan Um Magyarorsz\u00e1g h\u00edrlevel\u00e9re. Adatv\u00e9delmi t\u00e1j\u00e9koztat\u00f3\" \/>\n<meta property=\"og:url\" content=\"https:\/\/kvanumzen.hu\/hu\/hirlevel\/\" \/>\n<meta property=\"og:site_name\" content=\"Kvan Um Zen Magyarorsz\u00e1g\" \/>\n<meta property=\"article:publisher\" content=\"https:\/\/www.facebook.com\/KvanumZenIskola\" \/>\n<meta property=\"article:modified_time\" content=\"2025-11-12T12:26:02+00:00\" \/>\n<meta name=\"twitter:card\" content=\"summary_large_image\" \/>\n<meta name=\"twitter:label1\" content=\"Becs\u00fclt olvas\u00e1si id\u0151\" \/>\n\t<meta name=\"twitter:data1\" content=\"1 perc\" \/>\n<script type=\"application\/ld+json\" class=\"yoast-schema-graph\">{\"@context\":\"https:\\\/\\\/schema.org\",\"@graph\":[{\"@type\":\"WebPage\",\"@id\":\"https:\\\/\\\/kvanumzen.hu\\\/hirlevel\\\/\",\"url\":\"https:\\\/\\\/kvanumzen.hu\\\/hirlevel\\\/\",\"name\":\"H\u00edrlev\u00e9l - Kvan Um Zen Magyarorsz\u00e1g\",\"isPartOf\":{\"@id\":\"https:\\\/\\\/kvanumzen.hu\\\/#website\"},\"datePublished\":\"2025-11-11T17:27:48+00:00\",\"dateModified\":\"2025-11-12T12:26:02+00:00\",\"breadcrumb\":{\"@id\":\"https:\\\/\\\/kvanumzen.hu\\\/hirlevel\\\/#breadcrumb\"},\"inLanguage\":\"hu\",\"potentialAction\":[{\"@type\":\"ReadAction\",\"target\":[\"https:\\\/\\\/kvanumzen.hu\\\/hirlevel\\\/\"]}]},{\"@type\":\"BreadcrumbList\",\"@id\":\"https:\\\/\\\/kvanumzen.hu\\\/hirlevel\\\/#breadcrumb\",\"itemListElement\":[{\"@type\":\"ListItem\",\"position\":1,\"name\":\"Home\",\"item\":\"https:\\\/\\\/kvanumzen.hu\\\/\"},{\"@type\":\"ListItem\",\"position\":2,\"name\":\"H\u00edrlev\u00e9l\"}]},{\"@type\":\"WebSite\",\"@id\":\"https:\\\/\\\/kvanumzen.hu\\\/#website\",\"url\":\"https:\\\/\\\/kvanumzen.hu\\\/\",\"name\":\"Kvan Um Zen Magyarorsz\u00e1g\",\"description\":\"\",\"publisher\":{\"@id\":\"https:\\\/\\\/kvanumzen.hu\\\/#organization\"},\"potentialAction\":[{\"@type\":\"SearchAction\",\"target\":{\"@type\":\"EntryPoint\",\"urlTemplate\":\"https:\\\/\\\/kvanumzen.hu\\\/?s={search_term_string}\"},\"query-input\":{\"@type\":\"PropertyValueSpecification\",\"valueRequired\":true,\"valueName\":\"search_term_string\"}}],\"inLanguage\":\"hu\"},{\"@type\":\"Organization\",\"@id\":\"https:\\\/\\\/kvanumzen.hu\\\/#organization\",\"name\":\"Kvan Um Zen Magyarorsz\u00e1g\",\"url\":\"https:\\\/\\\/kvanumzen.hu\\\/\",\"logo\":{\"@type\":\"ImageObject\",\"inLanguage\":\"hu\",\"@id\":\"https:\\\/\\\/kvanumzen.hu\\\/#\\\/schema\\\/logo\\\/image\\\/\",\"url\":\"https:\\\/\\\/kvanumzen.hu\\\/wp-content\\\/uploads\\\/2020\\\/08\\\/KvanUm_200x200.png\",\"contentUrl\":\"https:\\\/\\\/kvanumzen.hu\\\/wp-content\\\/uploads\\\/2020\\\/08\\\/KvanUm_200x200.png\",\"width\":200,\"height\":199,\"caption\":\"Kvan Um Zen Magyarorsz\u00e1g\"},\"image\":{\"@id\":\"https:\\\/\\\/kvanumzen.hu\\\/#\\\/schema\\\/logo\\\/image\\\/\"},\"sameAs\":[\"https:\\\/\\\/www.facebook.com\\\/KvanumZenIskola\"]}]}<\/script>\n<!-- \/ Yoast SEO plugin. -->","yoast_head_json":{"title":"H\u00edrlev\u00e9l - Kvan Um Zen Magyarorsz\u00e1g","robots":{"index":"index","follow":"follow","max-snippet":"max-snippet:-1","max-image-preview":"max-image-preview:large","max-video-preview":"max-video-preview:-1"},"canonical":"https:\/\/kvanumzen.hu\/hu\/hirlevel\/","og_locale":"hu_HU","og_type":"article","og_title":"H\u00edrlev\u00e9l - Kvan Um Zen Magyarorsz\u00e1g","og_description":"Feliratkoz\u00e1si lehet\u0151s\u00e9g a Kvan Um Magyarorsz\u00e1g h\u00edrlevel\u00e9re. Adatv\u00e9delmi t\u00e1j\u00e9koztat\u00f3","og_url":"https:\/\/kvanumzen.hu\/hu\/hirlevel\/","og_site_name":"Kvan Um Zen Magyarorsz\u00e1g","article_publisher":"https:\/\/www.facebook.com\/KvanumZenIskola","article_modified_time":"2025-11-12T12:26:02+00:00","twitter_card":"summary_large_image","twitter_misc":{"Becs\u00fclt olvas\u00e1si id\u0151":"1 perc"},"schema":{"@context":"https:\/\/schema.org","@graph":[{"@type":"WebPage","@id":"https:\/\/kvanumzen.hu\/hirlevel\/","url":"https:\/\/kvanumzen.hu\/hirlevel\/","name":"H\u00edrlev\u00e9l - Kvan Um Zen Magyarorsz\u00e1g","isPartOf":{"@id":"https:\/\/kvanumzen.hu\/#website"},"datePublished":"2025-11-11T17:27:48+00:00","dateModified":"2025-11-12T12:26:02+00:00","breadcrumb":{"@id":"https:\/\/kvanumzen.hu\/hirlevel\/#breadcrumb"},"inLanguage":"hu","potentialAction":[{"@type":"ReadAction","target":["https:\/\/kvanumzen.hu\/hirlevel\/"]}]},{"@type":"BreadcrumbList","@id":"https:\/\/kvanumzen.hu\/hirlevel\/#breadcrumb","itemListElement":[{"@type":"ListItem","position":1,"name":"Home","item":"https:\/\/kvanumzen.hu\/"},{"@type":"ListItem","position":2,"name":"H\u00edrlev\u00e9l"}]},{"@type":"WebSite","@id":"https:\/\/kvanumzen.hu\/#website","url":"https:\/\/kvanumzen.hu\/","name":"Kvan Um Zen Magyarorsz\u00e1g","description":"","publisher":{"@id":"https:\/\/kvanumzen.hu\/#organization"},"potentialAction":[{"@type":"SearchAction","target":{"@type":"EntryPoint","urlTemplate":"https:\/\/kvanumzen.hu\/?s={search_term_string}"},"query-input":{"@type":"PropertyValueSpecification","valueRequired":true,"valueName":"search_term_string"}}],"inLanguage":"hu"},{"@type":"Organization","@id":"https:\/\/kvanumzen.hu\/#organization","name":"Kvan Um Zen Magyarorsz\u00e1g","url":"https:\/\/kvanumzen.hu\/","logo":{"@type":"ImageObject","inLanguage":"hu","@id":"https:\/\/kvanumzen.hu\/#\/schema\/logo\/image\/","url":"https:\/\/kvanumzen.hu\/wp-content\/uploads\/2020\/08\/KvanUm_200x200.png","contentUrl":"https:\/\/kvanumzen.hu\/wp-content\/uploads\/2020\/08\/KvanUm_200x200.png","width":200,"height":199,"caption":"Kvan Um Zen Magyarorsz\u00e1g"},"image":{"@id":"https:\/\/kvanumzen.hu\/#\/schema\/logo\/image\/"},"sameAs":["https:\/\/www.facebook.com\/KvanumZenIskola"]}]}},"_links":{"self":[{"href":"https:\/\/kvanumzen.hu\/hu\/wp-json\/wp\/v2\/pages\/725","targetHints":{"allow":["GET"]}}],"collection":[{"href":"https:\/\/kvanumzen.hu\/hu\/wp-json\/wp\/v2\/pages"}],"about":[{"href":"https:\/\/kvanumzen.hu\/hu\/wp-json\/wp\/v2\/types\/page"}],"author":[{"embeddable":true,"href":"https:\/\/kvanumzen.hu\/hu\/wp-json\/wp\/v2\/users\/1"}],"replies":[{"embeddable":true,"href":"https:\/\/kvanumzen.hu\/hu\/wp-json\/wp\/v2\/comments?post=725"}],"version-history":[{"count":2,"href":"https:\/\/kvanumzen.hu\/hu\/wp-json\/wp\/v2\/pages\/725\/revisions"}],"predecessor-version":[{"id":728,"href":"https:\/\/kvanumzen.hu\/hu\/wp-json\/wp\/v2\/pages\/725\/revisions\/728"}],"wp:attachment":[{"href":"https:\/\/kvanumzen.hu\/hu\/wp-json\/wp\/v2\/media?parent=725"}],"curies":[{"name":"wp","href":"https:\/\/api.w.org\/{rel}","templated":true}]}}