{"id":706,"date":"2025-11-01T11:13:27","date_gmt":"2025-11-01T10:13:27","guid":{"rendered":"https:\/\/kvanumzen.hu\/?page_id=706"},"modified":"2025-11-07T15:14:14","modified_gmt":"2025-11-07T14:14:14","slug":"adatvedelmi-tajekoztato","status":"publish","type":"page","link":"https:\/\/kvanumzen.hu\/en\/adatvedelmi-tajekoztato\/","title":{"rendered":"Adatv\u00e9delmi t\u00e1j\u00e9koztat\u00f3"},"content":{"rendered":"<p>&nbsp;<\/p>\n<p><strong>Adatkezel\u00e9si t\u00e1j\u00e9koztat\u00f3<\/strong><\/p>\n<p>A jelen t\u00e1j\u00e9koztat\u00f3 c\u00e9lja, hogy t\u00e1j\u00e9koztat\u00e1st ny\u00fajtson a Kvan Um Zen Magyarorsz\u00e1g inform\u00e1lis csoport \u00e1ltal alkalmazott adatv\u00e9delmi \u00e9s adatkezel\u00e9si elvekr\u0151l a <a href=\"https:\/\/kvanumzen.hu\/hu\/\">https:\/\/kvanumzen.hu\/hu\/<\/a> honlaphoz kapcsol\u00f3d\u00f3 h\u00edrlev\u00e9l k\u00fcld\u00e9s\u00e9re vonatkoz\u00f3an.<\/p>\n<ol>\n<li><strong> Az adatkezel\u0151 adatai<br \/>\n<\/strong>N\u00e9v: J\u00e9key Fruzsina, a Kvan Um Zen Magyarorsz\u00e1g inform\u00e1lis csoport h\u00edrlevel\u00e9nek kezel\u0151je (tov\u00e1bbiakban: Adatkezel\u0151)<br \/>\nE-mail: <a href=\"mailto:kvanumzen@gmail.com\">kvanumzen@gmail.com<\/a><\/p>\n<p>Az Adatkezel\u0151 az al\u00e1bbi szolg\u00e1ltat\u00e1son kereszt\u00fcl v\u00e9gzi az adatkezel\u00e9st (tov\u00e1bbiakban: Adatfeldolgoz\u00f3).<br \/>\nA Mailchimp tulajdonosa \u00e9s \u00fczemeltet\u0151je a The Rocket Science Group LLC,<\/li>\n<\/ol>\n<ol start=\"2\">\n<li><strong> Az adatkezel\u00e9s c\u00e9lja<br \/>\n<\/strong>A Kvan Um Zen Magyarorsz\u00e1g h\u00edrlevel\u00e9ben t\u00e1j\u00e9koztat\u00e1st ny\u00fajtunk a csoportban felmer\u00fcl\u0151 h\u00edrekr\u0151l, k\u00fcl\u00f6n\u00f6sen a zengyakorl\u00e1ssal kapcsolatos esem\u00e9nyekr\u0151l, k\u00f6z\u00f6ss\u00e9gi programokr\u00f3l \u00e9s kezdem\u00e9nyez\u00e9sekr\u0151l, tov\u00e1bb\u00e1 besz\u00e1molunk kor\u00e1bbi esem\u00e9nyeken elhangzott dharma tan\u00edt\u00e1sokr\u00f3l.<\/p>\n<p>Az adatkezel\u00e9s c\u00e9lja, hogy a h\u00edrlev\u00e9lre feliratkoz\u00f3k rendszeres \u00e9rtes\u00edt\u00e9st kapjanak a Kvan Um Zen csoport tev\u00e9kenys\u00e9g\u00e9r\u0151l \u00e9s kapcsol\u00f3d\u00f3 esem\u00e9nyeir\u0151l.<\/p>\n<p>Az adatkezel\u00e9s c\u00e9lja teh\u00e1t a h\u00edrlev\u00e9l \u00d6n \u00e1ltal megadott e-mail c\u00edm\u00e9re t\u00f6rt\u00e9n\u0151 elk\u00fcld\u00e9s\u00e9nek biztos\u00edt\u00e1sa. Adatkezel\u0151 az \u00d6n \u00e1ltal rendelkez\u00e9sre bocs\u00e1tott adatokat c\u00e9lhoz k\u00f6t\u00f6tten, kiz\u00e1r\u00f3lag a Kvan Um Zen Magyarorsz\u00e1g h\u00edrlevel\u00e9nek k\u00fcld\u00e9s\u00e9re haszn\u00e1lja a Mailchimp szolg\u00e1ltat\u00e1s\u00e1n kereszt\u00fcl, azt harmadik f\u00e9lnek nem adja ki.<\/li>\n<li><strong> Az adatkezel\u00e9s m\u00f3dja<br \/>\n<\/strong>Adatkezel\u0151 a megadott szem\u00e9lyes adatokat a megadottakt\u00f3l elt\u00e9r\u0151 c\u00e9lokra nem haszn\u00e1lja, illetve nem haszn\u00e1lhatja fel. Adatkezel\u0151 a neki megadott szem\u00e9lyes adatokat nem ellen\u0151rzi. A megadott adatok val\u00f3dis\u00e1g\u00e1\u00e9rt kiz\u00e1r\u00f3lag az azt megad\u00f3 szem\u00e9ly felel.<br \/>\n\u00d6n az e-mail c\u00edm\u00e9nek megad\u00e1sakor egyben felel\u0151ss\u00e9get v\u00e1llal az\u00e9rt, hogy a megadott e-mail c\u00edmr\u0151l kiz\u00e1r\u00f3lag \u00d6n vesz ig\u00e9nybe szolg\u00e1ltat\u00e1st.<\/li>\n<\/ol>\n<ol start=\"4\">\n<li><strong> Az adatkezel\u00e9s jogalapja<br \/>\n<\/strong>Az adatok jogalapja az EU \u00c1ltal\u00e1nos adatv\u00e9delmi rendelete (GDPR) 6. cikk (1) bekezd\u00e9s\u00e9nek a) pontja alapj\u00e1n az \u00e9rintett \u00e1ltal megadott kifejezett \u00f6nk\u00e9ntes hozz\u00e1j\u00e1rul\u00e1s.<\/li>\n<\/ol>\n<ol start=\"5\">\n<li><strong> A kezelt adatok k\u00f6re<\/strong><\/li>\n<\/ol>\n<ul>\n<li>n\u00e9v (ha megadj\u00e1k)<\/li>\n<li>e-mail c\u00edm<\/li>\n<li>feliratkoz\u00e1s id\u0151pontja \u00e9s IP-c\u00edme (a Mailchimp rendszer\u00e9ben automatikusan napl\u00f3zva)<\/li>\n<\/ul>\n<ol start=\"6\">\n<li><strong> Az adatfeldolgoz\u00f3 (t\u00e1rhelyszolg\u00e1ltat\u00f3)<br \/>\n<\/strong>Az Adatkezel\u0151 a h\u00edrlev\u00e9lk\u00fcld\u00e9st a <strong>Mailchimp<\/strong> (Intuit Inc.) szolg\u00e1ltat\u00e1s\u00e1n kereszt\u00fcl v\u00e9gzi.<br \/>\nA Mailchimp adatfeldolgoz\u00f3k\u00e9nt j\u00e1r el.<br \/>\nAdatv\u00e9delmi nyilatkozat: https:\/\/www.intuit.com\/privacy\/statement\/A Mailchimp r\u00e9szt vesz az <strong>EU\u2013USA adatv\u00e9delmi keretrendszerben<\/strong>, amely biztos\u00edtja a megfelel\u0151 adatv\u00e9delmi szintet.<br \/>\nAz adatok forr\u00e1sa k\u00f6zvetlen\u00fcl a h\u00edrlev\u00e9lre feliratkoz\u00f3 szem\u00e9lyt\u0151l \u00e9rkezik.<\/li>\n<\/ol>\n<ol start=\"7\">\n<li><strong> Adatmeg\u0151rz\u00e9s<br \/>\n<\/strong>H\u00edrlev\u00e9l eset\u00e9ben az Adatkezel\u0151 mindaddig kezeli az \u00d6n h\u00edrlev\u00e9l feliratkoz\u00e1sa sor\u00e1n megadott adatait, ameddig \u00d6n a h\u00edrlev\u00e9lr\u0151l le nem iratkozik a feliratkoz\u00f3k list\u00e1j\u00e1r\u00f3l, a h\u00edrlev\u00e9l alj\u00e1n tal\u00e1lhat\u00f3 \u201eLeiratkoz\u00e1s\u201d gombra kattintva. Leiratkoz\u00e1s eset\u00e9n az Adatkezel\u0151 a tov\u00e1bbiakban a h\u00edrlev\u00e9llel nem keresi meg \u00d6nt. \u00d6n b\u00e1rmikor ingyenesen leiratkozhat a h\u00edrlev\u00e9lr\u0151l \u00e9s hozz\u00e1j\u00e1rul\u00e1s\u00e1t visszavonhatja.<\/li>\n<\/ol>\n<ol start=\"8\">\n<li><strong> Az \u00e9rintett jogai<br \/>\n<\/strong>A feliratkoz\u00f3k k\u00e9rhetik adataik t\u00f6rl\u00e9s\u00e9t, helyesb\u00edt\u00e9s\u00e9t vagy lek\u00e9rhetik, milyen adatokat t\u00e1rol az Adatkezel\u0151 r\u00f3luk. Ezeket a k\u00e9r\u00e9seket e-mailben lehet jelezni a fenti el\u00e9rhet\u0151s\u00e9gen.<\/p>\n<p>A h\u00edrlev\u00e9lre feliratkoz\u00f3k (\u201e\u00e9rintettek\u201d) az al\u00e1bbi jogokkal \u00e9lhetnek a szem\u00e9lyes adataik kezel\u00e9se kapcs\u00e1n:<\/li>\n<\/ol>\n<ul>\n<li>T\u00e1j\u00e9koztat\u00e1shoz val\u00f3 jog<br \/>\nA h\u00edrlev\u00e9lre feliratkoz\u00f3 b\u00e1rmikor t\u00e1j\u00e9koztat\u00e1st k\u00e9rhet arr\u00f3l, hogy a Kvan Um Zen Magyarorsz\u00e1g csoportja milyen szem\u00e9lyes adatokat kezel r\u00f3la, milyen c\u00e9lb\u00f3l, mennyi ideig, \u00e9s kinek tov\u00e1bb\u00edtja azokat.<br \/>\nA t\u00e1j\u00e9koztat\u00e1s \u00edr\u00e1sban k\u00e9rhet\u0151 a megadott kapcsolattart\u00e1si e-mail-c\u00edmen.<br \/>\nSz\u00fcks\u00e9g eset\u00e9n, a szem\u00e9lyazonoss\u00e1g igazol\u00e1sa ut\u00e1n sz\u00f3ban is adhat\u00f3 t\u00e1j\u00e9koztat\u00e1s.<\/li>\n<\/ul>\n<ul>\n<li>Hozz\u00e1j\u00e1rul\u00e1s visszavon\u00e1s\u00e1nak joga<br \/>\nA h\u00edrlev\u00e9lre feliratkoz\u00f3 b\u00e1rmikor visszavonhatja a h\u00edrlev\u00e9lhez adott hozz\u00e1j\u00e1rul\u00e1s\u00e1t.<br \/>\nA visszavon\u00e1s nem \u00e9rinti a visszavon\u00e1s el\u0151tti adatkezel\u00e9s jogszer\u0171s\u00e9g\u00e9t, \u00e9s a leiratkoz\u00e1s ut\u00e1n az adatok t\u00f6rl\u00e9sre ker\u00fclnek.<\/li>\n<\/ul>\n<ul>\n<li>Hozz\u00e1f\u00e9r\u00e9s joga<br \/>\nA h\u00edrlev\u00e9lre feliratkoz\u00f3 k\u00e9rheti, hogy megismerhesse, milyen adatokat kezel r\u00f3la a Kvan Um Zen Magyarorsz\u00e1g, milyen c\u00e9lb\u00f3l \u00e9s mennyi ideig.<br \/>\nK\u00e9r\u00e9sre az adatok m\u00e1solata is megk\u00fcldhet\u0151 elektronikus form\u00e1ban, legfeljebb 30 napon bel\u00fcl.<\/li>\n<\/ul>\n<ul>\n<li>Helyesb\u00edt\u00e9s \u00e9s t\u00f6rl\u00e9s joga<br \/>\nA feliratkoz\u00f3 k\u00e9rheti, hogy pontatlan adatait helyesb\u00edtse az Adatkezel\u0151, vagy a t\u00e1rolt adatokat t\u00f6r\u00f6lje, ha:<\/li>\n<\/ul>\n<ul>\n<li style=\"list-style-type: none;\">\n<ul>\n<li>azokra m\u00e1r nincs sz\u00fcks\u00e9g a h\u00edrlev\u00e9lk\u00fcld\u00e9shez,<\/li>\n<li>a hozz\u00e1j\u00e1rul\u00e1s\u00e1t visszavonta,<\/li>\n<li>az adatkezel\u00e9s jogellenes,<\/li>\n<li>vagy jogszab\u00e1ly el\u0151\u00edrja a t\u00f6rl\u00e9st.<\/li>\n<\/ul>\n<\/li>\n<\/ul>\n<p>A t\u00f6rl\u00e9s nem k\u00e9rhet\u0151, ha az adatkezel\u00e9s jogi k\u00f6telezetts\u00e9g teljes\u00edt\u00e9s\u00e9hez vagy jogi ig\u00e9nyek \u00e9rv\u00e9nyes\u00edt\u00e9s\u00e9hez sz\u00fcks\u00e9ges.<\/p>\n<ul>\n<li>Az adatkezel\u00e9s korl\u00e1toz\u00e1s\u00e1nak joga<br \/>\nA feliratkoz\u00f3 k\u00e9rheti, hogy az adatok kezel\u00e9se csak t\u00e1rol\u00e1sra korl\u00e1toz\u00f3djon, ha p\u00e9ld\u00e1ul vitatja az adatok pontoss\u00e1g\u00e1t, vagy jogi ig\u00e9ny \u00e9rv\u00e9nyes\u00edt\u00e9se miatt sz\u00fcks\u00e9g van r\u00e1juk.<\/li>\n<\/ul>\n<ul>\n<li>Adathordozhat\u00f3s\u00e1g joga<br \/>\nA h\u00edrlev\u00e9lre feliratkoz\u00f3 k\u00e9rheti, hogy az Adatkezel\u0151 \u00e1ltal kezelt szem\u00e9lyes adatokat sz\u00e1m\u00edt\u00f3g\u00e9ppel olvashat\u00f3 form\u00e1tumban \u00e1tadja \u00d6nnek, vagy k\u00e9r\u00e9s\u00e9re azokat egy m\u00e1sik adatkezel\u0151 r\u00e9sz\u00e9re tov\u00e1bb\u00edtsa.<\/li>\n<\/ul>\n<ul>\n<li>Tiltakoz\u00e1s joga<br \/>\nA feliratkoz\u00f3 b\u00e1rmikor tiltakozhat szem\u00e9lyes adatai kezel\u00e9se ellen.<br \/>\nIlyen esetben az adatkezel\u00e9st az Adatkezel\u0151 megsz\u00fcnteti, kiv\u00e9ve, ha az adatkezel\u00e9st jogi k\u00f6telezetts\u00e9g vagy jogos \u00e9rdek indokolja.<\/li>\n<\/ul>\n<ul>\n<li>Jogorvoslathoz val\u00f3 jog<br \/>\nHa valaki \u00fagy v\u00e9li, hogy az adatkezel\u00e9s nem felel meg a jogszab\u00e1lyoknak, panaszt tehet a <strong>Nemzeti Adatv\u00e9delmi \u00e9s Inform\u00e1ci\u00f3szabads\u00e1g Hat\u00f3s\u00e1gn\u00e1l (NAIH)<br \/>\n<\/strong>1055 Budapest, Falk Miksa utca 9\u201311.;<\/li>\n<\/ul>\n<p>&nbsp;<\/p>","protected":false},"excerpt":{"rendered":"<p>&nbsp; Adatkezel\u00e9si t\u00e1j\u00e9koztat\u00f3 A jelen t\u00e1j\u00e9koztat\u00f3 c\u00e9lja, hogy t\u00e1j\u00e9koztat\u00e1st ny\u00fajtson a Kvan Um Zen Magyarorsz\u00e1g inform\u00e1lis csoport \u00e1ltal alkalmazott adatv\u00e9delmi \u00e9s adatkezel\u00e9si elvekr\u0151l a https:\/\/kvanumzen.hu\/hu\/ honlaphoz kapcsol\u00f3d\u00f3 h\u00edrlev\u00e9l k\u00fcld\u00e9s\u00e9re vonatkoz\u00f3an. Az adatkezel\u0151 adatai N\u00e9v: J\u00e9key Fruzsina, a Kvan Um Zen Magyarorsz\u00e1g inform\u00e1lis csoport h\u00edrlevel\u00e9nek kezel\u0151je (tov\u00e1bbiakban: Adatkezel\u0151) E-mail: kvanumzen@gmail.com Az Adatkezel\u0151 az al\u00e1bbi szolg\u00e1ltat\u00e1son kereszt\u00fcl v\u00e9gzi az adatkezel\u00e9st (tov\u00e1bbiakban: Adatfeldolgoz\u00f3). A Mailchimp tulajdonosa \u00e9s \u00fczemeltet\u0151je a The Rocket Science Group LLC, Az adatkezel\u00e9s c\u00e9lja A Kvan Um Zen Magyarorsz\u00e1g h\u00edrlevel\u00e9ben t\u00e1j\u00e9koztat\u00e1st ny\u00fajtunk a csoportban felmer\u00fcl\u0151 h\u00edrekr\u0151l, k\u00fcl\u00f6n\u00f6sen a zengyakorl\u00e1ssal kapcsolatos esem\u00e9nyekr\u0151l, k\u00f6z\u00f6ss\u00e9gi programokr\u00f3l \u00e9s kezdem\u00e9nyez\u00e9sekr\u0151l, tov\u00e1bb\u00e1 besz\u00e1molunk kor\u00e1bbi esem\u00e9nyeken elhangzott dharma tan\u00edt\u00e1sokr\u00f3l. Az adatkezel\u00e9s c\u00e9lja, hogy a h\u00edrlev\u00e9lre feliratkoz\u00f3k rendszeres \u00e9rtes\u00edt\u00e9st kapjanak a Kvan Um Zen csoport tev\u00e9kenys\u00e9g\u00e9r\u0151l \u00e9s kapcsol\u00f3d\u00f3 [&hellip;]<\/p>\n","protected":false},"author":1,"featured_media":0,"parent":0,"menu_order":0,"comment_status":"closed","ping_status":"closed","template":"","meta":{"footnotes":""},"class_list":["post-706","page","type-page","status-publish","hentry"],"yoast_head":"<!-- This site is optimized with the Yoast SEO plugin v27.3 - https:\/\/yoast.com\/product\/yoast-seo-wordpress\/ -->\n<title>Adatv\u00e9delmi t\u00e1j\u00e9koztat\u00f3 - Kvan Um Zen Magyarorsz\u00e1g<\/title>\n<meta name=\"robots\" content=\"index, follow, max-snippet:-1, max-image-preview:large, max-video-preview:-1\" \/>\n<link rel=\"canonical\" href=\"https:\/\/kvanumzen.hu\/en\/adatvedelmi-tajekoztato\/\" \/>\n<meta property=\"og:locale\" content=\"en_GB\" \/>\n<meta property=\"og:type\" content=\"article\" \/>\n<meta property=\"og:title\" content=\"Adatv\u00e9delmi t\u00e1j\u00e9koztat\u00f3 - Kvan Um Zen Magyarorsz\u00e1g\" \/>\n<meta property=\"og:description\" content=\"&nbsp; Adatkezel\u00e9si t\u00e1j\u00e9koztat\u00f3 A jelen t\u00e1j\u00e9koztat\u00f3 c\u00e9lja, hogy t\u00e1j\u00e9koztat\u00e1st ny\u00fajtson a Kvan Um Zen Magyarorsz\u00e1g inform\u00e1lis csoport \u00e1ltal alkalmazott adatv\u00e9delmi \u00e9s adatkezel\u00e9si elvekr\u0151l a https:\/\/kvanumzen.hu\/hu\/ honlaphoz kapcsol\u00f3d\u00f3 h\u00edrlev\u00e9l k\u00fcld\u00e9s\u00e9re vonatkoz\u00f3an. Az adatkezel\u0151 adatai N\u00e9v: J\u00e9key Fruzsina, a Kvan Um Zen Magyarorsz\u00e1g inform\u00e1lis csoport h\u00edrlevel\u00e9nek kezel\u0151je (tov\u00e1bbiakban: Adatkezel\u0151) E-mail: kvanumzen@gmail.com Az Adatkezel\u0151 az al\u00e1bbi szolg\u00e1ltat\u00e1son kereszt\u00fcl v\u00e9gzi az adatkezel\u00e9st (tov\u00e1bbiakban: Adatfeldolgoz\u00f3). A Mailchimp tulajdonosa \u00e9s \u00fczemeltet\u0151je a The Rocket Science Group LLC, Az adatkezel\u00e9s c\u00e9lja A Kvan Um Zen Magyarorsz\u00e1g h\u00edrlevel\u00e9ben t\u00e1j\u00e9koztat\u00e1st ny\u00fajtunk a csoportban felmer\u00fcl\u0151 h\u00edrekr\u0151l, k\u00fcl\u00f6n\u00f6sen a zengyakorl\u00e1ssal kapcsolatos esem\u00e9nyekr\u0151l, k\u00f6z\u00f6ss\u00e9gi programokr\u00f3l \u00e9s kezdem\u00e9nyez\u00e9sekr\u0151l, tov\u00e1bb\u00e1 besz\u00e1molunk kor\u00e1bbi esem\u00e9nyeken elhangzott dharma tan\u00edt\u00e1sokr\u00f3l. Az adatkezel\u00e9s c\u00e9lja, hogy a h\u00edrlev\u00e9lre feliratkoz\u00f3k rendszeres \u00e9rtes\u00edt\u00e9st kapjanak a Kvan Um Zen csoport tev\u00e9kenys\u00e9g\u00e9r\u0151l \u00e9s kapcsol\u00f3d\u00f3 [&hellip;]\" \/>\n<meta property=\"og:url\" content=\"https:\/\/kvanumzen.hu\/en\/adatvedelmi-tajekoztato\/\" \/>\n<meta property=\"og:site_name\" content=\"Kvan Um Zen Magyarorsz\u00e1g\" \/>\n<meta property=\"article:publisher\" content=\"https:\/\/www.facebook.com\/KvanumZenIskola\" \/>\n<meta property=\"article:modified_time\" content=\"2025-11-07T14:14:14+00:00\" \/>\n<meta name=\"twitter:card\" content=\"summary_large_image\" \/>\n<meta name=\"twitter:label1\" content=\"Estimated reading time\" \/>\n\t<meta name=\"twitter:data1\" content=\"4 minutes\" \/>\n<script type=\"application\/ld+json\" class=\"yoast-schema-graph\">{\"@context\":\"https:\\\/\\\/schema.org\",\"@graph\":[{\"@type\":\"WebPage\",\"@id\":\"https:\\\/\\\/kvanumzen.hu\\\/adatvedelmi-tajekoztato\\\/\",\"url\":\"https:\\\/\\\/kvanumzen.hu\\\/adatvedelmi-tajekoztato\\\/\",\"name\":\"Adatv\u00e9delmi t\u00e1j\u00e9koztat\u00f3 - Kvan Um Zen Magyarorsz\u00e1g\",\"isPartOf\":{\"@id\":\"https:\\\/\\\/kvanumzen.hu\\\/#website\"},\"datePublished\":\"2025-11-01T10:13:27+00:00\",\"dateModified\":\"2025-11-07T14:14:14+00:00\",\"breadcrumb\":{\"@id\":\"https:\\\/\\\/kvanumzen.hu\\\/adatvedelmi-tajekoztato\\\/#breadcrumb\"},\"inLanguage\":\"en-GB\",\"potentialAction\":[{\"@type\":\"ReadAction\",\"target\":[\"https:\\\/\\\/kvanumzen.hu\\\/adatvedelmi-tajekoztato\\\/\"]}]},{\"@type\":\"BreadcrumbList\",\"@id\":\"https:\\\/\\\/kvanumzen.hu\\\/adatvedelmi-tajekoztato\\\/#breadcrumb\",\"itemListElement\":[{\"@type\":\"ListItem\",\"position\":1,\"name\":\"Home\",\"item\":\"https:\\\/\\\/kvanumzen.hu\\\/\"},{\"@type\":\"ListItem\",\"position\":2,\"name\":\"Adatv\u00e9delmi t\u00e1j\u00e9koztat\u00f3\"}]},{\"@type\":\"WebSite\",\"@id\":\"https:\\\/\\\/kvanumzen.hu\\\/#website\",\"url\":\"https:\\\/\\\/kvanumzen.hu\\\/\",\"name\":\"Kvan Um Zen Magyarorsz\u00e1g\",\"description\":\"\",\"publisher\":{\"@id\":\"https:\\\/\\\/kvanumzen.hu\\\/#organization\"},\"potentialAction\":[{\"@type\":\"SearchAction\",\"target\":{\"@type\":\"EntryPoint\",\"urlTemplate\":\"https:\\\/\\\/kvanumzen.hu\\\/?s={search_term_string}\"},\"query-input\":{\"@type\":\"PropertyValueSpecification\",\"valueRequired\":true,\"valueName\":\"search_term_string\"}}],\"inLanguage\":\"en-GB\"},{\"@type\":\"Organization\",\"@id\":\"https:\\\/\\\/kvanumzen.hu\\\/#organization\",\"name\":\"Kvan Um Zen Magyarorsz\u00e1g\",\"url\":\"https:\\\/\\\/kvanumzen.hu\\\/\",\"logo\":{\"@type\":\"ImageObject\",\"inLanguage\":\"en-GB\",\"@id\":\"https:\\\/\\\/kvanumzen.hu\\\/#\\\/schema\\\/logo\\\/image\\\/\",\"url\":\"https:\\\/\\\/kvanumzen.hu\\\/wp-content\\\/uploads\\\/2020\\\/08\\\/KvanUm_200x200.png\",\"contentUrl\":\"https:\\\/\\\/kvanumzen.hu\\\/wp-content\\\/uploads\\\/2020\\\/08\\\/KvanUm_200x200.png\",\"width\":200,\"height\":199,\"caption\":\"Kvan Um Zen Magyarorsz\u00e1g\"},\"image\":{\"@id\":\"https:\\\/\\\/kvanumzen.hu\\\/#\\\/schema\\\/logo\\\/image\\\/\"},\"sameAs\":[\"https:\\\/\\\/www.facebook.com\\\/KvanumZenIskola\"]}]}<\/script>\n<!-- \/ Yoast SEO plugin. -->","yoast_head_json":{"title":"Adatv\u00e9delmi t\u00e1j\u00e9koztat\u00f3 - Kvan Um Zen Magyarorsz\u00e1g","robots":{"index":"index","follow":"follow","max-snippet":"max-snippet:-1","max-image-preview":"max-image-preview:large","max-video-preview":"max-video-preview:-1"},"canonical":"https:\/\/kvanumzen.hu\/en\/adatvedelmi-tajekoztato\/","og_locale":"en_GB","og_type":"article","og_title":"Adatv\u00e9delmi t\u00e1j\u00e9koztat\u00f3 - Kvan Um Zen Magyarorsz\u00e1g","og_description":"&nbsp; Adatkezel\u00e9si t\u00e1j\u00e9koztat\u00f3 A jelen t\u00e1j\u00e9koztat\u00f3 c\u00e9lja, hogy t\u00e1j\u00e9koztat\u00e1st ny\u00fajtson a Kvan Um Zen Magyarorsz\u00e1g inform\u00e1lis csoport \u00e1ltal alkalmazott adatv\u00e9delmi \u00e9s adatkezel\u00e9si elvekr\u0151l a https:\/\/kvanumzen.hu\/hu\/ honlaphoz kapcsol\u00f3d\u00f3 h\u00edrlev\u00e9l k\u00fcld\u00e9s\u00e9re vonatkoz\u00f3an. Az adatkezel\u0151 adatai N\u00e9v: J\u00e9key Fruzsina, a Kvan Um Zen Magyarorsz\u00e1g inform\u00e1lis csoport h\u00edrlevel\u00e9nek kezel\u0151je (tov\u00e1bbiakban: Adatkezel\u0151) E-mail: kvanumzen@gmail.com Az Adatkezel\u0151 az al\u00e1bbi szolg\u00e1ltat\u00e1son kereszt\u00fcl v\u00e9gzi az adatkezel\u00e9st (tov\u00e1bbiakban: Adatfeldolgoz\u00f3). A Mailchimp tulajdonosa \u00e9s \u00fczemeltet\u0151je a The Rocket Science Group LLC, Az adatkezel\u00e9s c\u00e9lja A Kvan Um Zen Magyarorsz\u00e1g h\u00edrlevel\u00e9ben t\u00e1j\u00e9koztat\u00e1st ny\u00fajtunk a csoportban felmer\u00fcl\u0151 h\u00edrekr\u0151l, k\u00fcl\u00f6n\u00f6sen a zengyakorl\u00e1ssal kapcsolatos esem\u00e9nyekr\u0151l, k\u00f6z\u00f6ss\u00e9gi programokr\u00f3l \u00e9s kezdem\u00e9nyez\u00e9sekr\u0151l, tov\u00e1bb\u00e1 besz\u00e1molunk kor\u00e1bbi esem\u00e9nyeken elhangzott dharma tan\u00edt\u00e1sokr\u00f3l. Az adatkezel\u00e9s c\u00e9lja, hogy a h\u00edrlev\u00e9lre feliratkoz\u00f3k rendszeres \u00e9rtes\u00edt\u00e9st kapjanak a Kvan Um Zen csoport tev\u00e9kenys\u00e9g\u00e9r\u0151l \u00e9s kapcsol\u00f3d\u00f3 [&hellip;]","og_url":"https:\/\/kvanumzen.hu\/en\/adatvedelmi-tajekoztato\/","og_site_name":"Kvan Um Zen Magyarorsz\u00e1g","article_publisher":"https:\/\/www.facebook.com\/KvanumZenIskola","article_modified_time":"2025-11-07T14:14:14+00:00","twitter_card":"summary_large_image","twitter_misc":{"Estimated reading time":"4 minutes"},"schema":{"@context":"https:\/\/schema.org","@graph":[{"@type":"WebPage","@id":"https:\/\/kvanumzen.hu\/adatvedelmi-tajekoztato\/","url":"https:\/\/kvanumzen.hu\/adatvedelmi-tajekoztato\/","name":"Adatv\u00e9delmi t\u00e1j\u00e9koztat\u00f3 - Kvan Um Zen Magyarorsz\u00e1g","isPartOf":{"@id":"https:\/\/kvanumzen.hu\/#website"},"datePublished":"2025-11-01T10:13:27+00:00","dateModified":"2025-11-07T14:14:14+00:00","breadcrumb":{"@id":"https:\/\/kvanumzen.hu\/adatvedelmi-tajekoztato\/#breadcrumb"},"inLanguage":"en-GB","potentialAction":[{"@type":"ReadAction","target":["https:\/\/kvanumzen.hu\/adatvedelmi-tajekoztato\/"]}]},{"@type":"BreadcrumbList","@id":"https:\/\/kvanumzen.hu\/adatvedelmi-tajekoztato\/#breadcrumb","itemListElement":[{"@type":"ListItem","position":1,"name":"Home","item":"https:\/\/kvanumzen.hu\/"},{"@type":"ListItem","position":2,"name":"Adatv\u00e9delmi t\u00e1j\u00e9koztat\u00f3"}]},{"@type":"WebSite","@id":"https:\/\/kvanumzen.hu\/#website","url":"https:\/\/kvanumzen.hu\/","name":"Kwan Um Zen Hungary","description":"","publisher":{"@id":"https:\/\/kvanumzen.hu\/#organization"},"potentialAction":[{"@type":"SearchAction","target":{"@type":"EntryPoint","urlTemplate":"https:\/\/kvanumzen.hu\/?s={search_term_string}"},"query-input":{"@type":"PropertyValueSpecification","valueRequired":true,"valueName":"search_term_string"}}],"inLanguage":"en-GB"},{"@type":"Organization","@id":"https:\/\/kvanumzen.hu\/#organization","name":"Kwan Um Zen Hungary","url":"https:\/\/kvanumzen.hu\/","logo":{"@type":"ImageObject","inLanguage":"en-GB","@id":"https:\/\/kvanumzen.hu\/#\/schema\/logo\/image\/","url":"https:\/\/kvanumzen.hu\/wp-content\/uploads\/2020\/08\/KvanUm_200x200.png","contentUrl":"https:\/\/kvanumzen.hu\/wp-content\/uploads\/2020\/08\/KvanUm_200x200.png","width":200,"height":199,"caption":"Kvan Um Zen Magyarorsz\u00e1g"},"image":{"@id":"https:\/\/kvanumzen.hu\/#\/schema\/logo\/image\/"},"sameAs":["https:\/\/www.facebook.com\/KvanumZenIskola"]}]}},"_links":{"self":[{"href":"https:\/\/kvanumzen.hu\/en\/wp-json\/wp\/v2\/pages\/706","targetHints":{"allow":["GET"]}}],"collection":[{"href":"https:\/\/kvanumzen.hu\/en\/wp-json\/wp\/v2\/pages"}],"about":[{"href":"https:\/\/kvanumzen.hu\/en\/wp-json\/wp\/v2\/types\/page"}],"author":[{"embeddable":true,"href":"https:\/\/kvanumzen.hu\/en\/wp-json\/wp\/v2\/users\/1"}],"replies":[{"embeddable":true,"href":"https:\/\/kvanumzen.hu\/en\/wp-json\/wp\/v2\/comments?post=706"}],"version-history":[{"count":14,"href":"https:\/\/kvanumzen.hu\/en\/wp-json\/wp\/v2\/pages\/706\/revisions"}],"predecessor-version":[{"id":723,"href":"https:\/\/kvanumzen.hu\/en\/wp-json\/wp\/v2\/pages\/706\/revisions\/723"}],"wp:attachment":[{"href":"https:\/\/kvanumzen.hu\/en\/wp-json\/wp\/v2\/media?parent=706"}],"curies":[{"name":"wp","href":"https:\/\/api.w.org\/{rel}","templated":true}]}}