{"id":70,"date":"2020-08-11T17:26:11","date_gmt":"2020-08-11T15:26:11","guid":{"rendered":"https:\/\/newzen.kvanumzen.hu\/?page_id=70"},"modified":"2020-10-04T17:02:26","modified_gmt":"2020-10-04T15:02:26","slug":"leborulas","status":"publish","type":"page","link":"https:\/\/kvanumzen.hu\/en\/leborulas\/","title":{"rendered":"Bowing"},"content":{"rendered":"<p style=\"text-align: justify;\">Bowing practice means that your body and your mind become one very quickly. Also, it is a very good way to take away lazy  mind, desire mind and angry mind.<br \/>When you\u2019re sleeping, your body\u2019s lying in your bed, but your mind flies around and goes somewhere. Maybe you go to Las Vegas or you go to the ocean or you go to New York, or some monster is chasing you. Your body\u2019s in bed, but your consciousness already went somewhere.<br \/>When we wake up, many times, our consciousness and our body don\u2019t quickly connect. So you wander around your house, and drink coffee, you bump into things. Then slowly, slowly your consciousness and your body again come together. So that\u2019s why, first thing in the morning, we do one hundred and eight bows. Through these one hundred and eight bows, your body and your consciousness become one very quickly. In this way, being clear and functioning clearly is possible.<br \/><br \/>We always bow one hundred and eight times. One hundred and eight is a number from Hinduism and Buddhism. That means there are one hundred and eight defilements in the mind. Or, sometimes they say one hundred and eight compartments in the mind. Each bow takes away one defilement, cleans one compartment in your mind. So our bowing practice is like a repentance ceremony every morning.<br \/>In the daytime, in our sleep, our consciousness flies around somewhere. Also, we make something, we make many things in our consciousness. Then, we repent! So we do one hundred and eight bows; that\u2019s already repenting our foolish thinking, taking away our foolish thinking.<br \/><br \/>Some people cannot sit. Sometimes due to health limitations or they have too much thinking, and if they sit, they cannot control their consciousness. Then, bowing is very good. Using your body in this way is very important.<br \/><br \/>The direction of bowing is very important. I want to put down my small I, see my true nature and help all beings. So, any kind of exercise can help your body and mind become one, but with just exercise, the direction is often not clear. Sometimes it\u2019s for my health, sometimes it\u2019s for my good looks, sometimes it\u2019s to win a competition, but in Buddhism, everything\u2019s direction is the same point \u2014 how to perceive my true nature and save all beings from suffering.<br \/>Our bowing takes away our karma mind, our thinking mind, and return to this moment very clearly, want to find my true nature and save all beings from suffering. This is why bowing practice is so important. If somebody has much anger, or much desire, or lazy mind, then every day, 300 bows, or 500 bows, even 1,000 bows, every day. Then their center will become very strong, they can control their karma, take away their karma, and become clear. This helps the practitioner and this world.<\/p>","protected":false},"excerpt":{"rendered":"<p>A leborul\u00e1s gyakorl\u00e1sa sor\u00e1n a tested \u00e9s a tudatod vill\u00e1mgyorsan eggy\u00e9 v\u00e1lik. Egy\u00fattal nagyon j\u00f3 m\u00f3dszer a lusta, a v\u00e1ggyal \u00e9s a haraggal telt tudat megsz\u00fcntet\u00e9s\u00e9re is.Amikor alszol, m\u00edg a tested az \u00e1gyban fekszik, tudatod \u00f6ssze-vissza repdes, folyton elk\u00f3sz\u00e1l valahov\u00e1. Tal\u00e1n Las Vegas-ba, az \u00f3ce\u00e1nhoz, vagy New York-ba, de az is lehet, hogy \u00e9ppen valami sz\u00f6rnyeteg \u00fcld\u00f6z \u00e1lmodban. A tested az \u00e1gyban van, de a tudatod m\u00e1r valahol eg\u00e9szen m\u00e1shol j\u00e1r.Amikor fel\u00e9bredsz, gyakran el\u0151fordul, hogy a tested \u00e9s a tudatod nem tud gyorsan eggy\u00e9 v\u00e1lni. Csak j\u00f6ssz-m\u00e9sz a h\u00e1zban, iszol egy k\u00e1v\u00e9t, megbotlasz ebben-abban\u2026 Azt\u00e1n lassan-lassan a tudatod \u00e9s a tested tal\u00e1lkoznak. Ez\u00e9rt van az, hogy reggel az az els\u0151 dolgunk, hogy csin\u00e1lunk 108 leborul\u00e1st. Ez alatt a sz\u00e1znyolc leborul\u00e1s [&hellip;]<\/p>\n","protected":false},"author":1,"featured_media":0,"parent":0,"menu_order":0,"comment_status":"closed","ping_status":"closed","template":"","meta":{"footnotes":""},"class_list":["post-70","page","type-page","status-publish","hentry"],"yoast_head":"<!-- This site is optimized with the Yoast SEO plugin v27.5 - https:\/\/yoast.com\/product\/yoast-seo-wordpress\/ -->\n<title>Leborul\u00e1s - Kvan Um Zen Magyarorsz\u00e1g<\/title>\n<meta name=\"robots\" content=\"index, follow, max-snippet:-1, max-image-preview:large, max-video-preview:-1\" \/>\n<link rel=\"canonical\" href=\"https:\/\/kvanumzen.hu\/en\/leborulas\/\" \/>\n<meta property=\"og:locale\" content=\"en_GB\" \/>\n<meta property=\"og:type\" content=\"article\" \/>\n<meta property=\"og:title\" content=\"Leborul\u00e1s - Kvan Um Zen Magyarorsz\u00e1g\" \/>\n<meta property=\"og:description\" content=\"A leborul\u00e1s gyakorl\u00e1sa sor\u00e1n a tested \u00e9s a tudatod vill\u00e1mgyorsan eggy\u00e9 v\u00e1lik. Egy\u00fattal nagyon j\u00f3 m\u00f3dszer a lusta, a v\u00e1ggyal \u00e9s a haraggal telt tudat megsz\u00fcntet\u00e9s\u00e9re is.Amikor alszol, m\u00edg a tested az \u00e1gyban fekszik, tudatod \u00f6ssze-vissza repdes, folyton elk\u00f3sz\u00e1l valahov\u00e1. Tal\u00e1n Las Vegas-ba, az \u00f3ce\u00e1nhoz, vagy New York-ba, de az is lehet, hogy \u00e9ppen valami sz\u00f6rnyeteg \u00fcld\u00f6z \u00e1lmodban. A tested az \u00e1gyban van, de a tudatod m\u00e1r valahol eg\u00e9szen m\u00e1shol j\u00e1r.Amikor fel\u00e9bredsz, gyakran el\u0151fordul, hogy a tested \u00e9s a tudatod nem tud gyorsan eggy\u00e9 v\u00e1lni. Csak j\u00f6ssz-m\u00e9sz a h\u00e1zban, iszol egy k\u00e1v\u00e9t, megbotlasz ebben-abban\u2026 Azt\u00e1n lassan-lassan a tudatod \u00e9s a tested tal\u00e1lkoznak. Ez\u00e9rt van az, hogy reggel az az els\u0151 dolgunk, hogy csin\u00e1lunk 108 leborul\u00e1st. Ez alatt a sz\u00e1znyolc leborul\u00e1s [&hellip;]\" \/>\n<meta property=\"og:url\" content=\"https:\/\/kvanumzen.hu\/en\/leborulas\/\" \/>\n<meta property=\"og:site_name\" content=\"Kvan Um Zen Magyarorsz\u00e1g\" \/>\n<meta property=\"article:publisher\" content=\"https:\/\/www.facebook.com\/KvanumZenIskola\" \/>\n<meta property=\"article:modified_time\" content=\"2020-10-04T15:02:26+00:00\" \/>\n<meta name=\"twitter:card\" content=\"summary_large_image\" \/>\n<meta name=\"twitter:label1\" content=\"Estimated reading time\" \/>\n\t<meta name=\"twitter:data1\" content=\"3 minutes\" \/>\n<script type=\"application\/ld+json\" class=\"yoast-schema-graph\">{\"@context\":\"https:\\\/\\\/schema.org\",\"@graph\":[{\"@type\":\"WebPage\",\"@id\":\"https:\\\/\\\/kvanumzen.hu\\\/hu\\\/leborulas\\\/\",\"url\":\"https:\\\/\\\/kvanumzen.hu\\\/hu\\\/leborulas\\\/\",\"name\":\"Leborul\u00e1s - Kvan Um Zen Magyarorsz\u00e1g\",\"isPartOf\":{\"@id\":\"https:\\\/\\\/kvanumzen.hu\\\/#website\"},\"datePublished\":\"2020-08-11T15:26:11+00:00\",\"dateModified\":\"2020-10-04T15:02:26+00:00\",\"breadcrumb\":{\"@id\":\"https:\\\/\\\/kvanumzen.hu\\\/hu\\\/leborulas\\\/#breadcrumb\"},\"inLanguage\":\"en-GB\",\"potentialAction\":[{\"@type\":\"ReadAction\",\"target\":[\"https:\\\/\\\/kvanumzen.hu\\\/hu\\\/leborulas\\\/\"]}]},{\"@type\":\"BreadcrumbList\",\"@id\":\"https:\\\/\\\/kvanumzen.hu\\\/hu\\\/leborulas\\\/#breadcrumb\",\"itemListElement\":[{\"@type\":\"ListItem\",\"position\":1,\"name\":\"Home\",\"item\":\"https:\\\/\\\/kvanumzen.hu\\\/\"},{\"@type\":\"ListItem\",\"position\":2,\"name\":\"Leborul\u00e1s\"}]},{\"@type\":\"WebSite\",\"@id\":\"https:\\\/\\\/kvanumzen.hu\\\/#website\",\"url\":\"https:\\\/\\\/kvanumzen.hu\\\/\",\"name\":\"Kvan Um Zen Magyarorsz\u00e1g\",\"description\":\"\",\"publisher\":{\"@id\":\"https:\\\/\\\/kvanumzen.hu\\\/#organization\"},\"potentialAction\":[{\"@type\":\"SearchAction\",\"target\":{\"@type\":\"EntryPoint\",\"urlTemplate\":\"https:\\\/\\\/kvanumzen.hu\\\/?s={search_term_string}\"},\"query-input\":{\"@type\":\"PropertyValueSpecification\",\"valueRequired\":true,\"valueName\":\"search_term_string\"}}],\"inLanguage\":\"en-GB\"},{\"@type\":\"Organization\",\"@id\":\"https:\\\/\\\/kvanumzen.hu\\\/#organization\",\"name\":\"Kvan Um Zen Magyarorsz\u00e1g\",\"url\":\"https:\\\/\\\/kvanumzen.hu\\\/\",\"logo\":{\"@type\":\"ImageObject\",\"inLanguage\":\"en-GB\",\"@id\":\"https:\\\/\\\/kvanumzen.hu\\\/#\\\/schema\\\/logo\\\/image\\\/\",\"url\":\"https:\\\/\\\/kvanumzen.hu\\\/wp-content\\\/uploads\\\/2020\\\/08\\\/KvanUm_200x200.png\",\"contentUrl\":\"https:\\\/\\\/kvanumzen.hu\\\/wp-content\\\/uploads\\\/2020\\\/08\\\/KvanUm_200x200.png\",\"width\":200,\"height\":199,\"caption\":\"Kvan Um Zen Magyarorsz\u00e1g\"},\"image\":{\"@id\":\"https:\\\/\\\/kvanumzen.hu\\\/#\\\/schema\\\/logo\\\/image\\\/\"},\"sameAs\":[\"https:\\\/\\\/www.facebook.com\\\/KvanumZenIskola\"]}]}<\/script>\n<!-- \/ Yoast SEO plugin. -->","yoast_head_json":{"title":"Leborul\u00e1s - Kvan Um Zen Magyarorsz\u00e1g","robots":{"index":"index","follow":"follow","max-snippet":"max-snippet:-1","max-image-preview":"max-image-preview:large","max-video-preview":"max-video-preview:-1"},"canonical":"https:\/\/kvanumzen.hu\/en\/leborulas\/","og_locale":"en_GB","og_type":"article","og_title":"Leborul\u00e1s - Kvan Um Zen Magyarorsz\u00e1g","og_description":"A leborul\u00e1s gyakorl\u00e1sa sor\u00e1n a tested \u00e9s a tudatod vill\u00e1mgyorsan eggy\u00e9 v\u00e1lik. Egy\u00fattal nagyon j\u00f3 m\u00f3dszer a lusta, a v\u00e1ggyal \u00e9s a haraggal telt tudat megsz\u00fcntet\u00e9s\u00e9re is.Amikor alszol, m\u00edg a tested az \u00e1gyban fekszik, tudatod \u00f6ssze-vissza repdes, folyton elk\u00f3sz\u00e1l valahov\u00e1. Tal\u00e1n Las Vegas-ba, az \u00f3ce\u00e1nhoz, vagy New York-ba, de az is lehet, hogy \u00e9ppen valami sz\u00f6rnyeteg \u00fcld\u00f6z \u00e1lmodban. A tested az \u00e1gyban van, de a tudatod m\u00e1r valahol eg\u00e9szen m\u00e1shol j\u00e1r.Amikor fel\u00e9bredsz, gyakran el\u0151fordul, hogy a tested \u00e9s a tudatod nem tud gyorsan eggy\u00e9 v\u00e1lni. Csak j\u00f6ssz-m\u00e9sz a h\u00e1zban, iszol egy k\u00e1v\u00e9t, megbotlasz ebben-abban\u2026 Azt\u00e1n lassan-lassan a tudatod \u00e9s a tested tal\u00e1lkoznak. Ez\u00e9rt van az, hogy reggel az az els\u0151 dolgunk, hogy csin\u00e1lunk 108 leborul\u00e1st. Ez alatt a sz\u00e1znyolc leborul\u00e1s [&hellip;]","og_url":"https:\/\/kvanumzen.hu\/en\/leborulas\/","og_site_name":"Kvan Um Zen Magyarorsz\u00e1g","article_publisher":"https:\/\/www.facebook.com\/KvanumZenIskola","article_modified_time":"2020-10-04T15:02:26+00:00","twitter_card":"summary_large_image","twitter_misc":{"Estimated reading time":"3 minutes"},"schema":{"@context":"https:\/\/schema.org","@graph":[{"@type":"WebPage","@id":"https:\/\/kvanumzen.hu\/hu\/leborulas\/","url":"https:\/\/kvanumzen.hu\/hu\/leborulas\/","name":"Leborul\u00e1s - Kvan Um Zen Magyarorsz\u00e1g","isPartOf":{"@id":"https:\/\/kvanumzen.hu\/#website"},"datePublished":"2020-08-11T15:26:11+00:00","dateModified":"2020-10-04T15:02:26+00:00","breadcrumb":{"@id":"https:\/\/kvanumzen.hu\/hu\/leborulas\/#breadcrumb"},"inLanguage":"en-GB","potentialAction":[{"@type":"ReadAction","target":["https:\/\/kvanumzen.hu\/hu\/leborulas\/"]}]},{"@type":"BreadcrumbList","@id":"https:\/\/kvanumzen.hu\/hu\/leborulas\/#breadcrumb","itemListElement":[{"@type":"ListItem","position":1,"name":"Home","item":"https:\/\/kvanumzen.hu\/"},{"@type":"ListItem","position":2,"name":"Leborul\u00e1s"}]},{"@type":"WebSite","@id":"https:\/\/kvanumzen.hu\/#website","url":"https:\/\/kvanumzen.hu\/","name":"Kwan Um Zen Hungary","description":"","publisher":{"@id":"https:\/\/kvanumzen.hu\/#organization"},"potentialAction":[{"@type":"SearchAction","target":{"@type":"EntryPoint","urlTemplate":"https:\/\/kvanumzen.hu\/?s={search_term_string}"},"query-input":{"@type":"PropertyValueSpecification","valueRequired":true,"valueName":"search_term_string"}}],"inLanguage":"en-GB"},{"@type":"Organization","@id":"https:\/\/kvanumzen.hu\/#organization","name":"Kwan Um Zen Hungary","url":"https:\/\/kvanumzen.hu\/","logo":{"@type":"ImageObject","inLanguage":"en-GB","@id":"https:\/\/kvanumzen.hu\/#\/schema\/logo\/image\/","url":"https:\/\/kvanumzen.hu\/wp-content\/uploads\/2020\/08\/KvanUm_200x200.png","contentUrl":"https:\/\/kvanumzen.hu\/wp-content\/uploads\/2020\/08\/KvanUm_200x200.png","width":200,"height":199,"caption":"Kvan Um Zen Magyarorsz\u00e1g"},"image":{"@id":"https:\/\/kvanumzen.hu\/#\/schema\/logo\/image\/"},"sameAs":["https:\/\/www.facebook.com\/KvanumZenIskola"]}]}},"_links":{"self":[{"href":"https:\/\/kvanumzen.hu\/en\/wp-json\/wp\/v2\/pages\/70","targetHints":{"allow":["GET"]}}],"collection":[{"href":"https:\/\/kvanumzen.hu\/en\/wp-json\/wp\/v2\/pages"}],"about":[{"href":"https:\/\/kvanumzen.hu\/en\/wp-json\/wp\/v2\/types\/page"}],"author":[{"embeddable":true,"href":"https:\/\/kvanumzen.hu\/en\/wp-json\/wp\/v2\/users\/1"}],"replies":[{"embeddable":true,"href":"https:\/\/kvanumzen.hu\/en\/wp-json\/wp\/v2\/comments?post=70"}],"version-history":[{"count":0,"href":"https:\/\/kvanumzen.hu\/en\/wp-json\/wp\/v2\/pages\/70\/revisions"}],"wp:attachment":[{"href":"https:\/\/kvanumzen.hu\/en\/wp-json\/wp\/v2\/media?parent=70"}],"curies":[{"name":"wp","href":"https:\/\/api.w.org\/{rel}","templated":true}]}}