{"id":681,"date":"2025-07-30T03:36:49","date_gmt":"2025-07-30T02:36:49","guid":{"rendered":"https:\/\/kvanumzen.hu\/?page_id=681"},"modified":"2025-07-30T03:46:15","modified_gmt":"2025-07-30T02:46:15","slug":"bajai-zen-kozpont","status":"publish","type":"page","link":"https:\/\/kvanumzen.hu\/en\/bajai-zen-kozpont\/","title":{"rendered":"Bajai Zen k\u00f6zpont"},"content":{"rendered":"<p>Rendszeres gyakorlatok: Kedd 18.00 &#8211; 19.30 \u00e9s Vas\u00e1rnap 16.00-18.00<br>C\u00edm: <a href=\"https:\/\/maps.app.goo.gl\/89g1RvdWGU2Bq83Z8\">Baja K\u00edgy\u00f3 u. 23-25 A\/2\/6<\/a><br>Information: <a href=\"mailto:fleashp@gmail.com\">T\u00f6r\u00f6k P\u00e9ter<\/a> (70\/635-1377)<\/p>\n\n\n\n<p><\/p>\n\n\n\n<p><\/p>\n\n\n\n<figure class=\"wp-block-gallery has-nested-images columns-default is-cropped wp-block-gallery-1 is-layout-flex wp-block-gallery-is-layout-flex\">\n<figure class=\"wp-block-image size-large\"><img decoding=\"async\" width=\"768\" height=\"1024\" data-id=\"684\" src=\"https:\/\/kvanumzen.hu\/wp-content\/uploads\/2025\/07\/BZC_03-768x1024.jpg\" alt=\"\" class=\"wp-image-684\" srcset=\"https:\/\/kvanumzen.hu\/wp-content\/uploads\/2025\/07\/BZC_03-768x1024.jpg 768w, https:\/\/kvanumzen.hu\/wp-content\/uploads\/2025\/07\/BZC_03-225x300.jpg 225w, https:\/\/kvanumzen.hu\/wp-content\/uploads\/2025\/07\/BZC_03-1152x1536.jpg 1152w, https:\/\/kvanumzen.hu\/wp-content\/uploads\/2025\/07\/BZC_03-1536x2048.jpg 1536w, https:\/\/kvanumzen.hu\/wp-content\/uploads\/2025\/07\/BZC_03-9x12.jpg 9w, https:\/\/kvanumzen.hu\/wp-content\/uploads\/2025\/07\/BZC_03-1000x1333.jpg 1000w, https:\/\/kvanumzen.hu\/wp-content\/uploads\/2025\/07\/BZC_03-230x307.jpg 230w, https:\/\/kvanumzen.hu\/wp-content\/uploads\/2025\/07\/BZC_03-350x467.jpg 350w, https:\/\/kvanumzen.hu\/wp-content\/uploads\/2025\/07\/BZC_03-480x640.jpg 480w, https:\/\/kvanumzen.hu\/wp-content\/uploads\/2025\/07\/BZC_03-scaled.jpg 1920w\" sizes=\"(max-width: 768px) 100vw, 768px\" \/><\/figure>\n\n\n\n<figure class=\"wp-block-image size-large\"><img decoding=\"async\" width=\"768\" height=\"1024\" data-id=\"683\" src=\"https:\/\/kvanumzen.hu\/wp-content\/uploads\/2025\/07\/BZC_02-768x1024.jpg\" alt=\"\" class=\"wp-image-683\" srcset=\"https:\/\/kvanumzen.hu\/wp-content\/uploads\/2025\/07\/BZC_02-768x1024.jpg 768w, https:\/\/kvanumzen.hu\/wp-content\/uploads\/2025\/07\/BZC_02-225x300.jpg 225w, https:\/\/kvanumzen.hu\/wp-content\/uploads\/2025\/07\/BZC_02-1152x1536.jpg 1152w, https:\/\/kvanumzen.hu\/wp-content\/uploads\/2025\/07\/BZC_02-1536x2048.jpg 1536w, https:\/\/kvanumzen.hu\/wp-content\/uploads\/2025\/07\/BZC_02-9x12.jpg 9w, https:\/\/kvanumzen.hu\/wp-content\/uploads\/2025\/07\/BZC_02-1000x1333.jpg 1000w, https:\/\/kvanumzen.hu\/wp-content\/uploads\/2025\/07\/BZC_02-230x307.jpg 230w, https:\/\/kvanumzen.hu\/wp-content\/uploads\/2025\/07\/BZC_02-350x467.jpg 350w, https:\/\/kvanumzen.hu\/wp-content\/uploads\/2025\/07\/BZC_02-480x640.jpg 480w, https:\/\/kvanumzen.hu\/wp-content\/uploads\/2025\/07\/BZC_02-scaled.jpg 1920w\" sizes=\"(max-width: 768px) 100vw, 768px\" \/><\/figure>\n\n\n\n<figure class=\"wp-block-image size-large\"><img decoding=\"async\" width=\"768\" height=\"1024\" data-id=\"682\" src=\"https:\/\/kvanumzen.hu\/wp-content\/uploads\/2025\/07\/BZC_01-768x1024.jpg\" alt=\"\" class=\"wp-image-682\" srcset=\"https:\/\/kvanumzen.hu\/wp-content\/uploads\/2025\/07\/BZC_01-768x1024.jpg 768w, https:\/\/kvanumzen.hu\/wp-content\/uploads\/2025\/07\/BZC_01-225x300.jpg 225w, https:\/\/kvanumzen.hu\/wp-content\/uploads\/2025\/07\/BZC_01-1152x1536.jpg 1152w, https:\/\/kvanumzen.hu\/wp-content\/uploads\/2025\/07\/BZC_01-1536x2048.jpg 1536w, https:\/\/kvanumzen.hu\/wp-content\/uploads\/2025\/07\/BZC_01-9x12.jpg 9w, https:\/\/kvanumzen.hu\/wp-content\/uploads\/2025\/07\/BZC_01-1000x1333.jpg 1000w, https:\/\/kvanumzen.hu\/wp-content\/uploads\/2025\/07\/BZC_01-230x307.jpg 230w, https:\/\/kvanumzen.hu\/wp-content\/uploads\/2025\/07\/BZC_01-350x467.jpg 350w, https:\/\/kvanumzen.hu\/wp-content\/uploads\/2025\/07\/BZC_01-480x640.jpg 480w, https:\/\/kvanumzen.hu\/wp-content\/uploads\/2025\/07\/BZC_01-scaled.jpg 1920w\" sizes=\"(max-width: 768px) 100vw, 768px\" \/><\/figure>\n<\/figure>","protected":false},"excerpt":{"rendered":"<p>Rendszeres gyakorlatok: Kedd 18.00 &#8211; 19.30 \u00e9s Vas\u00e1rnap 16.00-18.00C\u00edm: Baja K\u00edgy\u00f3 u. 23-25 A\/2\/6Inform\u00e1ci\u00f3: T\u00f6r\u00f6k P\u00e9ter (70\/635-1377)<\/p>","protected":false},"author":1,"featured_media":0,"parent":0,"menu_order":0,"comment_status":"closed","ping_status":"closed","template":"","meta":{"footnotes":""},"class_list":["post-681","page","type-page","status-publish","hentry"],"yoast_head":"<!-- This site is optimized with the Yoast SEO plugin v27.5 - https:\/\/yoast.com\/product\/yoast-seo-wordpress\/ -->\n<title>Bajai Zen k\u00f6zpont - Kvan Um Zen Magyarorsz\u00e1g<\/title>\n<meta name=\"robots\" content=\"index, follow, max-snippet:-1, max-image-preview:large, max-video-preview:-1\" \/>\n<link rel=\"canonical\" href=\"https:\/\/kvanumzen.hu\/en\/bajai-zen-kozpont\/\" \/>\n<meta property=\"og:locale\" content=\"en_GB\" \/>\n<meta property=\"og:type\" content=\"article\" \/>\n<meta property=\"og:title\" content=\"Bajai Zen k\u00f6zpont - Kvan Um Zen Magyarorsz\u00e1g\" \/>\n<meta property=\"og:description\" content=\"Rendszeres gyakorlatok: Kedd 18.00 &#8211; 19.30 \u00e9s Vas\u00e1rnap 16.00-18.00C\u00edm: Baja K\u00edgy\u00f3 u. 23-25 A\/2\/6Inform\u00e1ci\u00f3: T\u00f6r\u00f6k P\u00e9ter (70\/635-1377)\" \/>\n<meta property=\"og:url\" content=\"https:\/\/kvanumzen.hu\/en\/bajai-zen-kozpont\/\" \/>\n<meta property=\"og:site_name\" content=\"Kvan Um Zen Magyarorsz\u00e1g\" \/>\n<meta property=\"article:publisher\" content=\"https:\/\/www.facebook.com\/KvanumZenIskola\" \/>\n<meta property=\"article:modified_time\" content=\"2025-07-30T02:46:15+00:00\" \/>\n<meta property=\"og:image\" content=\"https:\/\/kvanumzen.hu\/wp-content\/uploads\/2025\/07\/BZC_03-scaled.jpg\" \/>\n\t<meta property=\"og:image:width\" content=\"1920\" \/>\n\t<meta property=\"og:image:height\" content=\"2560\" \/>\n\t<meta property=\"og:image:type\" content=\"image\/jpeg\" \/>\n<meta name=\"twitter:card\" content=\"summary_large_image\" \/>\n<meta name=\"twitter:label1\" content=\"Estimated reading time\" \/>\n\t<meta name=\"twitter:data1\" content=\"1 minute\" \/>\n<script type=\"application\/ld+json\" class=\"yoast-schema-graph\">{\"@context\":\"https:\\\/\\\/schema.org\",\"@graph\":[{\"@type\":\"WebPage\",\"@id\":\"https:\\\/\\\/kvanumzen.hu\\\/bajai-zen-kozpont\\\/\",\"url\":\"https:\\\/\\\/kvanumzen.hu\\\/bajai-zen-kozpont\\\/\",\"name\":\"Bajai Zen k\u00f6zpont - Kvan Um Zen Magyarorsz\u00e1g\",\"isPartOf\":{\"@id\":\"https:\\\/\\\/kvanumzen.hu\\\/#website\"},\"primaryImageOfPage\":{\"@id\":\"https:\\\/\\\/kvanumzen.hu\\\/bajai-zen-kozpont\\\/#primaryimage\"},\"image\":{\"@id\":\"https:\\\/\\\/kvanumzen.hu\\\/bajai-zen-kozpont\\\/#primaryimage\"},\"thumbnailUrl\":\"https:\\\/\\\/kvanumzen.hu\\\/wp-content\\\/uploads\\\/2025\\\/07\\\/BZC_03-768x1024.jpg\",\"datePublished\":\"2025-07-30T02:36:49+00:00\",\"dateModified\":\"2025-07-30T02:46:15+00:00\",\"breadcrumb\":{\"@id\":\"https:\\\/\\\/kvanumzen.hu\\\/bajai-zen-kozpont\\\/#breadcrumb\"},\"inLanguage\":\"en-GB\",\"potentialAction\":[{\"@type\":\"ReadAction\",\"target\":[\"https:\\\/\\\/kvanumzen.hu\\\/bajai-zen-kozpont\\\/\"]}]},{\"@type\":\"ImageObject\",\"inLanguage\":\"en-GB\",\"@id\":\"https:\\\/\\\/kvanumzen.hu\\\/bajai-zen-kozpont\\\/#primaryimage\",\"url\":\"https:\\\/\\\/kvanumzen.hu\\\/wp-content\\\/uploads\\\/2025\\\/07\\\/BZC_03-768x1024.jpg\",\"contentUrl\":\"https:\\\/\\\/kvanumzen.hu\\\/wp-content\\\/uploads\\\/2025\\\/07\\\/BZC_03-768x1024.jpg\"},{\"@type\":\"BreadcrumbList\",\"@id\":\"https:\\\/\\\/kvanumzen.hu\\\/bajai-zen-kozpont\\\/#breadcrumb\",\"itemListElement\":[{\"@type\":\"ListItem\",\"position\":1,\"name\":\"Home\",\"item\":\"https:\\\/\\\/kvanumzen.hu\\\/\"},{\"@type\":\"ListItem\",\"position\":2,\"name\":\"Bajai Zen k\u00f6zpont\"}]},{\"@type\":\"WebSite\",\"@id\":\"https:\\\/\\\/kvanumzen.hu\\\/#website\",\"url\":\"https:\\\/\\\/kvanumzen.hu\\\/\",\"name\":\"Kvan Um Zen Magyarorsz\u00e1g\",\"description\":\"\",\"publisher\":{\"@id\":\"https:\\\/\\\/kvanumzen.hu\\\/#organization\"},\"potentialAction\":[{\"@type\":\"SearchAction\",\"target\":{\"@type\":\"EntryPoint\",\"urlTemplate\":\"https:\\\/\\\/kvanumzen.hu\\\/?s={search_term_string}\"},\"query-input\":{\"@type\":\"PropertyValueSpecification\",\"valueRequired\":true,\"valueName\":\"search_term_string\"}}],\"inLanguage\":\"en-GB\"},{\"@type\":\"Organization\",\"@id\":\"https:\\\/\\\/kvanumzen.hu\\\/#organization\",\"name\":\"Kvan Um Zen Magyarorsz\u00e1g\",\"url\":\"https:\\\/\\\/kvanumzen.hu\\\/\",\"logo\":{\"@type\":\"ImageObject\",\"inLanguage\":\"en-GB\",\"@id\":\"https:\\\/\\\/kvanumzen.hu\\\/#\\\/schema\\\/logo\\\/image\\\/\",\"url\":\"https:\\\/\\\/kvanumzen.hu\\\/wp-content\\\/uploads\\\/2020\\\/08\\\/KvanUm_200x200.png\",\"contentUrl\":\"https:\\\/\\\/kvanumzen.hu\\\/wp-content\\\/uploads\\\/2020\\\/08\\\/KvanUm_200x200.png\",\"width\":200,\"height\":199,\"caption\":\"Kvan Um Zen Magyarorsz\u00e1g\"},\"image\":{\"@id\":\"https:\\\/\\\/kvanumzen.hu\\\/#\\\/schema\\\/logo\\\/image\\\/\"},\"sameAs\":[\"https:\\\/\\\/www.facebook.com\\\/KvanumZenIskola\"]}]}<\/script>\n<!-- \/ Yoast SEO plugin. -->","yoast_head_json":{"title":"Bajai Zen k\u00f6zpont - Kvan Um Zen Magyarorsz\u00e1g","robots":{"index":"index","follow":"follow","max-snippet":"max-snippet:-1","max-image-preview":"max-image-preview:large","max-video-preview":"max-video-preview:-1"},"canonical":"https:\/\/kvanumzen.hu\/en\/bajai-zen-kozpont\/","og_locale":"en_GB","og_type":"article","og_title":"Bajai Zen k\u00f6zpont - Kvan Um Zen Magyarorsz\u00e1g","og_description":"Rendszeres gyakorlatok: Kedd 18.00 &#8211; 19.30 \u00e9s Vas\u00e1rnap 16.00-18.00C\u00edm: Baja K\u00edgy\u00f3 u. 23-25 A\/2\/6Inform\u00e1ci\u00f3: T\u00f6r\u00f6k P\u00e9ter (70\/635-1377)","og_url":"https:\/\/kvanumzen.hu\/en\/bajai-zen-kozpont\/","og_site_name":"Kvan Um Zen Magyarorsz\u00e1g","article_publisher":"https:\/\/www.facebook.com\/KvanumZenIskola","article_modified_time":"2025-07-30T02:46:15+00:00","og_image":[{"width":1920,"height":2560,"url":"https:\/\/kvanumzen.hu\/wp-content\/uploads\/2025\/07\/BZC_03-scaled.jpg","type":"image\/jpeg"}],"twitter_card":"summary_large_image","twitter_misc":{"Estimated reading time":"1 minute"},"schema":{"@context":"https:\/\/schema.org","@graph":[{"@type":"WebPage","@id":"https:\/\/kvanumzen.hu\/bajai-zen-kozpont\/","url":"https:\/\/kvanumzen.hu\/bajai-zen-kozpont\/","name":"Bajai Zen k\u00f6zpont - Kvan Um Zen Magyarorsz\u00e1g","isPartOf":{"@id":"https:\/\/kvanumzen.hu\/#website"},"primaryImageOfPage":{"@id":"https:\/\/kvanumzen.hu\/bajai-zen-kozpont\/#primaryimage"},"image":{"@id":"https:\/\/kvanumzen.hu\/bajai-zen-kozpont\/#primaryimage"},"thumbnailUrl":"https:\/\/kvanumzen.hu\/wp-content\/uploads\/2025\/07\/BZC_03-768x1024.jpg","datePublished":"2025-07-30T02:36:49+00:00","dateModified":"2025-07-30T02:46:15+00:00","breadcrumb":{"@id":"https:\/\/kvanumzen.hu\/bajai-zen-kozpont\/#breadcrumb"},"inLanguage":"en-GB","potentialAction":[{"@type":"ReadAction","target":["https:\/\/kvanumzen.hu\/bajai-zen-kozpont\/"]}]},{"@type":"ImageObject","inLanguage":"en-GB","@id":"https:\/\/kvanumzen.hu\/bajai-zen-kozpont\/#primaryimage","url":"https:\/\/kvanumzen.hu\/wp-content\/uploads\/2025\/07\/BZC_03-768x1024.jpg","contentUrl":"https:\/\/kvanumzen.hu\/wp-content\/uploads\/2025\/07\/BZC_03-768x1024.jpg"},{"@type":"BreadcrumbList","@id":"https:\/\/kvanumzen.hu\/bajai-zen-kozpont\/#breadcrumb","itemListElement":[{"@type":"ListItem","position":1,"name":"Home","item":"https:\/\/kvanumzen.hu\/"},{"@type":"ListItem","position":2,"name":"Bajai Zen k\u00f6zpont"}]},{"@type":"WebSite","@id":"https:\/\/kvanumzen.hu\/#website","url":"https:\/\/kvanumzen.hu\/","name":"Kwan Um Zen Hungary","description":"","publisher":{"@id":"https:\/\/kvanumzen.hu\/#organization"},"potentialAction":[{"@type":"SearchAction","target":{"@type":"EntryPoint","urlTemplate":"https:\/\/kvanumzen.hu\/?s={search_term_string}"},"query-input":{"@type":"PropertyValueSpecification","valueRequired":true,"valueName":"search_term_string"}}],"inLanguage":"en-GB"},{"@type":"Organization","@id":"https:\/\/kvanumzen.hu\/#organization","name":"Kwan Um Zen Hungary","url":"https:\/\/kvanumzen.hu\/","logo":{"@type":"ImageObject","inLanguage":"en-GB","@id":"https:\/\/kvanumzen.hu\/#\/schema\/logo\/image\/","url":"https:\/\/kvanumzen.hu\/wp-content\/uploads\/2020\/08\/KvanUm_200x200.png","contentUrl":"https:\/\/kvanumzen.hu\/wp-content\/uploads\/2020\/08\/KvanUm_200x200.png","width":200,"height":199,"caption":"Kvan Um Zen Magyarorsz\u00e1g"},"image":{"@id":"https:\/\/kvanumzen.hu\/#\/schema\/logo\/image\/"},"sameAs":["https:\/\/www.facebook.com\/KvanumZenIskola"]}]}},"_links":{"self":[{"href":"https:\/\/kvanumzen.hu\/en\/wp-json\/wp\/v2\/pages\/681","targetHints":{"allow":["GET"]}}],"collection":[{"href":"https:\/\/kvanumzen.hu\/en\/wp-json\/wp\/v2\/pages"}],"about":[{"href":"https:\/\/kvanumzen.hu\/en\/wp-json\/wp\/v2\/types\/page"}],"author":[{"embeddable":true,"href":"https:\/\/kvanumzen.hu\/en\/wp-json\/wp\/v2\/users\/1"}],"replies":[{"embeddable":true,"href":"https:\/\/kvanumzen.hu\/en\/wp-json\/wp\/v2\/comments?post=681"}],"version-history":[{"count":4,"href":"https:\/\/kvanumzen.hu\/en\/wp-json\/wp\/v2\/pages\/681\/revisions"}],"predecessor-version":[{"id":691,"href":"https:\/\/kvanumzen.hu\/en\/wp-json\/wp\/v2\/pages\/681\/revisions\/691"}],"wp:attachment":[{"href":"https:\/\/kvanumzen.hu\/en\/wp-json\/wp\/v2\/media?parent=681"}],"curies":[{"name":"wp","href":"https:\/\/api.w.org\/{rel}","templated":true}]}}