{"id":68,"date":"2020-08-11T17:25:51","date_gmt":"2020-08-11T15:25:51","guid":{"rendered":"https:\/\/newzen.kvanumzen.hu\/?page_id=68"},"modified":"2020-12-02T18:42:49","modified_gmt":"2020-12-02T16:42:49","slug":"enekles","status":"publish","type":"page","link":"https:\/\/kvanumzen.hu\/en\/enekles\/","title":{"rendered":"Chanting"},"content":{"rendered":"<p style=\"text-align: justify;\">Chanting meditation means keeping a not-moving mind and perceiving the sound of your own voice. Perceiving your voice means perceiving your true self or true nature. Then you and the sound are never separate, which means that you and the whole universe are never separate. Thus, to perceive our true nature is to perceive universal substance. With regular chanting, our sense of being centered gets stronger and stronger. When we are strongly centered, we can control our feelings, and thus our condition and situation.<\/p>\n<p style=\"text-align: justify;\">In our meditation centers, people live and practice together. People usually come with strong opinions, likes and dislikes. For most of them, chanting meditation is not easy at all because of the many confusing thoughts, attraction, and repulsion. However, when we practice correctly, we hear the singing voice of ourselves and those around us, our mind becomes clear. There is no attraction and repulsion in clear mind, only sound. In the end, we see that chanting meditation is not for our personal pleasure, not to have a pleasant feeling, but to clear our direction. And our direction is to clear our mind, to attain enlightenment, so that we can save all beings from suffering.<\/p>\n<p style=\"text-align: justify;\">So when you are chanting, you must perceive the sound of your voice: you and the universe have already become one, suffering disappears, true happiness appears. This is called nirvana. If you keep nirvana, your mind is clear like space. Clear like space means clear like a mirror. Red comes, red. White comes, white. Someone is happy; I am happy. Someone is sad; I am sad. Someone is hungry; give them food. The name for this is great love, great compassion, the great Bodhisattva way. That also means great wisdom. This is chanting meditation, chanting zen.<\/p>\n<figure id=\"attachment_27\" aria-describedby=\"caption-attachment-27\" style=\"width: 266px\" class=\"wp-caption alignleft\"><img decoding=\"async\" class=\"wp-image-27 size-full\" src=\"https:\/\/kvanumzen.hu\/wp-content\/uploads\/2020\/08\/moktak.jpg\" alt=\"\" width=\"266\" height=\"320\" srcset=\"https:\/\/kvanumzen.hu\/wp-content\/uploads\/2020\/08\/moktak.jpg 266w, https:\/\/kvanumzen.hu\/wp-content\/uploads\/2020\/08\/moktak-249x300.jpg 249w\" sizes=\"(max-width: 266px) 100vw, 266px\" \/><figcaption id=\"caption-attachment-27\" class=\"wp-caption-text\">Moktak<\/figcaption><\/figure>\n<p style=\"text-align: justify;\">To perceive the sound means that everything is the sound of the universe. The song of birds, the thunder, the barking of dogs, it\u2019s all the sound of the universe. If you do not have self-consciousness, you will perceive everything exactly as it really is. Therefore, when you sing with clear mind, the voice is the voice of the universe. If you cling to the self, the voice is \u201cmy voice\u201d. However, if your mind is as clear as space, then even the barking of a dog or the hum of a car can result in enlightenment, because at that moment the voice and you become one. When the voice and you become one, you no longer hear the voice, you are the voice.<\/p>\n<p style=\"text-align: justify;\">A famous Zen master, hearing the roar of a cock, reached enlightenment. Another Zen master was just sweeping the yard when he tapped a pebble on a bamboo with his broom, he too reached enlightenment. The voice and they became one. The question of sound in zen is very simple. Any sound will do. All that matters is that we perceive and become one with it without discrimination, without creating the \u2018I\u2019 and the \u2018voice\u2019. In the moment of complete experience, there is no thought, no discrimination, only the perception of sound. This is the critical point. Therefore, when singing, grasp the singing of yourself and others, or just hear the sound of a bell or percussion instrument, so cut off your thinking. Then your wisdom mind will become stronger, you will attain enlightenment, and you will save all beings.<\/p>\n<p>&nbsp;<\/p>\n\n<div\n    class='wp-block-pdfp-pdf-poster  alignnone'\n    id='block-2'\n    data-attributes='{&quot;uniqueId&quot;:&quot;pdfp1&quot;,&quot;file&quot;:&quot;https:\\\/\\\/kvanumzen.hu\\\/wp-content\\\/uploads\\\/2021\\\/12\\\/Kvanum-enekeskonyv.pdf&quot;,&quot;title&quot;:&quot;\\u00c9nekek \\u00e9s a templomi szab\\u00e1lyok&quot;,&quot;height&quot;:&quot;1122px&quot;,&quot;width&quot;:&quot;100%&quot;,&quot;print&quot;:false,&quot;fullscreenButton&quot;:&quot;1&quot;,&quot;fullscreenButtonText&quot;:&quot;View Fullscreen&quot;,&quot;newWindow&quot;:false,&quot;showName&quot;:&quot;1&quot;,&quot;downloadButton&quot;:false,&quot;downloadButtonText&quot;:&quot;Download File&quot;,&quot;protect&quot;:false,&quot;onlyPDF&quot;:false,&quot;defaultBrowser&quot;:false,&quot;thumbMenu&quot;:false,&quot;initialPage&quot;:0,&quot;sidebarOpen&quot;:false,&quot;lastVersion&quot;:false,&quot;hrScroll&quot;:0,&quot;alert&quot;:false,&quot;btnStyles&quot;:{&quot;background&quot;:&quot;#1e73be&quot;,&quot;color&quot;:&quot;#fff&quot;,&quot;fontSize&quot;:&quot;1rem&quot;,&quot;padding&quot;:{&quot;top&quot;:10,&quot;right&quot;:20,&quot;bottom&quot;:10,&quot;left&quot;:10}},&quot;popupOptions&quot;:{&quot;enabled&quot;:0,&quot;text&quot;:&quot;Open PDF&quot;,&quot;triggerType&quot;:&quot;button&quot;,&quot;image&quot;:&quot;&quot;,&quot;imageHeight&quot;:&quot;200px&quot;,&quot;imageWidth&quot;:&quot;300px&quot;,&quot;imagePdfIcon&quot;:true,&quot;triggerAlignment&quot;:&quot;center&quot;,&quot;btnStyle&quot;:{&quot;background&quot;:&quot;#1e73be&quot;,&quot;color&quot;:&quot;#fff&quot;,&quot;fontSize&quot;:&quot;1rem&quot;,&quot;padding&quot;:{&quot;top&quot;:10,&quot;right&quot;:20,&quot;bottom&quot;:10,&quot;left&quot;:10}}},&quot;actionsPosition&quot;:&quot;top&quot;,&quot;socialShare&quot;:{&quot;enabled&quot;:false,&quot;facebook&quot;:false,&quot;twitter&quot;:false,&quot;linkedin&quot;:false,&quot;pinterest&quot;:false,&quot;position&quot;:&quot;top&quot;},&quot;adobeEmbedder&quot;:false,&quot;align&quot;:&quot;none&quot;,&quot;alignment&quot;:&quot;left&quot;,&quot;titleFontSize&quot;:&quot;16px&quot;,&quot;isHideRightToolbar&quot;:false,&quot;additional&quot;:{&quot;ID&quot;:&quot;&quot;,&quot;Class&quot;:&quot;&quot;,&quot;CSS&quot;:&quot;&quot;},&quot;adobeOptions&quot;:{&quot;showDownloadPDF&quot;:true,&quot;showPrintPDF&quot;:true,&quot;showAnnotationTools&quot;:true,&quot;showFullScreen&quot;:false,&quot;embedMode&quot;:&quot;SIZED_CONTAINER&quot;},&quot;popupBtnStyle&quot;:{&quot;background&quot;:&quot;#2271b1&quot;,&quot;color&quot;:&quot;#fff&quot;,&quot;padding&quot;:{&quot;top&quot;:10,&quot;right&quot;:20,&quot;bottom&quot;:10,&quot;left&quot;:10}},&quot;popupBtnText&quot;:&quot;Open Document&quot;,&quot;CSS&quot;:&quot;&quot;,&quot;TrpContentRestriction&quot;:{&quot;restriction_type&quot;:&quot;exclude&quot;,&quot;selected_languages&quot;:[],&quot;panel_open&quot;:true},&quot;isPremium&quot;:false}'\n    style=\"text-align: left\">\n            <div class=\"pdfp_loading_placeholder\" style=\"height: 1122px; width: 100%; display: flex; align-items: center; justify-content: center; background: #f5f5f5; border: 1px solid #ddd;\">\n             <p>Loading Viewer...<\/p>\n        <\/div>\n    <\/div>","protected":false},"excerpt":{"rendered":"<p>A medit\u00e1ci\u00f3s \u00e9nekl\u00e9s a nem-mozdul\u00f3 tudat megtart\u00e1sa, \u00e9s saj\u00e1t hangunk felfog\u00e1sa. Az \u00e9neked hangj\u00e1nak felfog\u00e1sa az igazi \u00e9ned, az igazi term\u00e9szeted meg\u00e9rt\u00e9se. Ekkor a hang \u00e9s te m\u00e1r nem k\u00fcl\u00f6nb\u00f6zt\u00f6k, eggy\u00e9 v\u00e1lsz a vil\u00e1gmindens\u00e9ggel. Igaz term\u00e9szet\u00fcnk megl\u00e1t\u00e1sa a vil\u00e1gmindens\u00e9g l\u00e9nyeg\u00e9nek megl\u00e1t\u00e1sa. Rendszeres \u00e9nekl\u00e9ssel k\u00f6z\u00e9ppontunk egyre er\u0151sebb\u00e9 v\u00e1lik, \u00e9s \u00edgy kezelhetj\u00fck \u00e9rz\u00e9seinket, k\u00f6r\u00fclm\u00e9nyeinket \u00e9s \u00e9lethelyzet\u00fcnket. Medit\u00e1ci\u00f3s k\u00f6zpontjainkban az emberek egy\u00fctt \u00e9lnek \u00e9s gyakorolnak. Az emberek \u00e1ltal\u00e1ban er\u0151s v\u00e9lem\u00e9nyekkel, rokon- \u00e9s ellenszenvekkel \u00e9rkeznek. Nagy r\u00e9sz\u00fcknek a medit\u00e1ci\u00f3s \u00e9nekl\u00e9s egy\u00e1ltal\u00e1n nem k\u00f6nny\u0171 a sok zavaros gondolat, vonz\u00f3d\u00e1s \u00e9s tasz\u00edt\u00e1s miatt. Amikor azonban helyesen gyakorlunk, a saj\u00e1t \u00e9s a k\u00f6r\u00fcl\u00f6tt\u00fcnk l\u00e9v\u0151k \u00e9nekhangj\u00e1t egyar\u00e1nt halljuk, akkor tudatunk letisztul. A tiszta tudatban nincs vonz\u00f3d\u00e1s \u00e9s tasz\u00edt\u00e1s, csak a hang. V\u00e9g\u00fcl \u00e1tl\u00e1tjuk, hogy a medit\u00e1ci\u00f3s \u00e9nekl\u00e9s nem [&hellip;]<\/p>\n","protected":false},"author":1,"featured_media":0,"parent":0,"menu_order":0,"comment_status":"closed","ping_status":"open","template":"","meta":{"footnotes":""},"class_list":["post-68","page","type-page","status-publish","hentry"],"yoast_head":"<!-- This site is optimized with the Yoast SEO plugin v27.5 - https:\/\/yoast.com\/product\/yoast-seo-wordpress\/ -->\n<title>\u00c9nekl\u00e9s - Kvan Um Zen Magyarorsz\u00e1g<\/title>\n<meta name=\"robots\" content=\"index, follow, max-snippet:-1, max-image-preview:large, max-video-preview:-1\" \/>\n<link rel=\"canonical\" href=\"https:\/\/kvanumzen.hu\/en\/enekles\/\" \/>\n<meta property=\"og:locale\" content=\"en_GB\" \/>\n<meta property=\"og:type\" content=\"article\" \/>\n<meta property=\"og:title\" content=\"\u00c9nekl\u00e9s - Kvan Um Zen Magyarorsz\u00e1g\" \/>\n<meta property=\"og:description\" content=\"A medit\u00e1ci\u00f3s \u00e9nekl\u00e9s a nem-mozdul\u00f3 tudat megtart\u00e1sa, \u00e9s saj\u00e1t hangunk felfog\u00e1sa. Az \u00e9neked hangj\u00e1nak felfog\u00e1sa az igazi \u00e9ned, az igazi term\u00e9szeted meg\u00e9rt\u00e9se. Ekkor a hang \u00e9s te m\u00e1r nem k\u00fcl\u00f6nb\u00f6zt\u00f6k, eggy\u00e9 v\u00e1lsz a vil\u00e1gmindens\u00e9ggel. Igaz term\u00e9szet\u00fcnk megl\u00e1t\u00e1sa a vil\u00e1gmindens\u00e9g l\u00e9nyeg\u00e9nek megl\u00e1t\u00e1sa. Rendszeres \u00e9nekl\u00e9ssel k\u00f6z\u00e9ppontunk egyre er\u0151sebb\u00e9 v\u00e1lik, \u00e9s \u00edgy kezelhetj\u00fck \u00e9rz\u00e9seinket, k\u00f6r\u00fclm\u00e9nyeinket \u00e9s \u00e9lethelyzet\u00fcnket. Medit\u00e1ci\u00f3s k\u00f6zpontjainkban az emberek egy\u00fctt \u00e9lnek \u00e9s gyakorolnak. Az emberek \u00e1ltal\u00e1ban er\u0151s v\u00e9lem\u00e9nyekkel, rokon- \u00e9s ellenszenvekkel \u00e9rkeznek. Nagy r\u00e9sz\u00fcknek a medit\u00e1ci\u00f3s \u00e9nekl\u00e9s egy\u00e1ltal\u00e1n nem k\u00f6nny\u0171 a sok zavaros gondolat, vonz\u00f3d\u00e1s \u00e9s tasz\u00edt\u00e1s miatt. Amikor azonban helyesen gyakorlunk, a saj\u00e1t \u00e9s a k\u00f6r\u00fcl\u00f6tt\u00fcnk l\u00e9v\u0151k \u00e9nekhangj\u00e1t egyar\u00e1nt halljuk, akkor tudatunk letisztul. A tiszta tudatban nincs vonz\u00f3d\u00e1s \u00e9s tasz\u00edt\u00e1s, csak a hang. V\u00e9g\u00fcl \u00e1tl\u00e1tjuk, hogy a medit\u00e1ci\u00f3s \u00e9nekl\u00e9s nem [&hellip;]\" \/>\n<meta property=\"og:url\" content=\"https:\/\/kvanumzen.hu\/en\/enekles\/\" \/>\n<meta property=\"og:site_name\" content=\"Kvan Um Zen Magyarorsz\u00e1g\" \/>\n<meta property=\"article:publisher\" content=\"https:\/\/www.facebook.com\/KvanumZenIskola\" \/>\n<meta property=\"article:modified_time\" content=\"2020-12-02T16:42:49+00:00\" \/>\n<meta property=\"og:image\" content=\"https:\/\/kvanumzen.hu\/wp-content\/uploads\/2020\/08\/moktak.jpg\" \/>\n<meta name=\"twitter:card\" content=\"summary_large_image\" \/>\n<meta name=\"twitter:label1\" content=\"Estimated reading time\" \/>\n\t<meta name=\"twitter:data1\" content=\"4 minutes\" \/>\n<script type=\"application\/ld+json\" class=\"yoast-schema-graph\">{\"@context\":\"https:\\\/\\\/schema.org\",\"@graph\":[{\"@type\":\"WebPage\",\"@id\":\"https:\\\/\\\/kvanumzen.hu\\\/hu\\\/enekles\\\/\",\"url\":\"https:\\\/\\\/kvanumzen.hu\\\/hu\\\/enekles\\\/\",\"name\":\"\u00c9nekl\u00e9s - Kvan Um Zen Magyarorsz\u00e1g\",\"isPartOf\":{\"@id\":\"https:\\\/\\\/kvanumzen.hu\\\/#website\"},\"primaryImageOfPage\":{\"@id\":\"https:\\\/\\\/kvanumzen.hu\\\/hu\\\/enekles\\\/#primaryimage\"},\"image\":{\"@id\":\"https:\\\/\\\/kvanumzen.hu\\\/hu\\\/enekles\\\/#primaryimage\"},\"thumbnailUrl\":\"https:\\\/\\\/kvanumzen.hu\\\/wp-content\\\/uploads\\\/2020\\\/08\\\/moktak.jpg\",\"datePublished\":\"2020-08-11T15:25:51+00:00\",\"dateModified\":\"2020-12-02T16:42:49+00:00\",\"breadcrumb\":{\"@id\":\"https:\\\/\\\/kvanumzen.hu\\\/hu\\\/enekles\\\/#breadcrumb\"},\"inLanguage\":\"en-GB\",\"potentialAction\":[{\"@type\":\"ReadAction\",\"target\":[\"https:\\\/\\\/kvanumzen.hu\\\/hu\\\/enekles\\\/\"]}]},{\"@type\":\"ImageObject\",\"inLanguage\":\"en-GB\",\"@id\":\"https:\\\/\\\/kvanumzen.hu\\\/hu\\\/enekles\\\/#primaryimage\",\"url\":\"https:\\\/\\\/kvanumzen.hu\\\/wp-content\\\/uploads\\\/2020\\\/08\\\/moktak.jpg\",\"contentUrl\":\"https:\\\/\\\/kvanumzen.hu\\\/wp-content\\\/uploads\\\/2020\\\/08\\\/moktak.jpg\"},{\"@type\":\"BreadcrumbList\",\"@id\":\"https:\\\/\\\/kvanumzen.hu\\\/hu\\\/enekles\\\/#breadcrumb\",\"itemListElement\":[{\"@type\":\"ListItem\",\"position\":1,\"name\":\"Home\",\"item\":\"https:\\\/\\\/kvanumzen.hu\\\/\"},{\"@type\":\"ListItem\",\"position\":2,\"name\":\"\u00c9nekl\u00e9s\"}]},{\"@type\":\"WebSite\",\"@id\":\"https:\\\/\\\/kvanumzen.hu\\\/#website\",\"url\":\"https:\\\/\\\/kvanumzen.hu\\\/\",\"name\":\"Kvan Um Zen Magyarorsz\u00e1g\",\"description\":\"\",\"publisher\":{\"@id\":\"https:\\\/\\\/kvanumzen.hu\\\/#organization\"},\"potentialAction\":[{\"@type\":\"SearchAction\",\"target\":{\"@type\":\"EntryPoint\",\"urlTemplate\":\"https:\\\/\\\/kvanumzen.hu\\\/?s={search_term_string}\"},\"query-input\":{\"@type\":\"PropertyValueSpecification\",\"valueRequired\":true,\"valueName\":\"search_term_string\"}}],\"inLanguage\":\"en-GB\"},{\"@type\":\"Organization\",\"@id\":\"https:\\\/\\\/kvanumzen.hu\\\/#organization\",\"name\":\"Kvan Um Zen Magyarorsz\u00e1g\",\"url\":\"https:\\\/\\\/kvanumzen.hu\\\/\",\"logo\":{\"@type\":\"ImageObject\",\"inLanguage\":\"en-GB\",\"@id\":\"https:\\\/\\\/kvanumzen.hu\\\/#\\\/schema\\\/logo\\\/image\\\/\",\"url\":\"https:\\\/\\\/kvanumzen.hu\\\/wp-content\\\/uploads\\\/2020\\\/08\\\/KvanUm_200x200.png\",\"contentUrl\":\"https:\\\/\\\/kvanumzen.hu\\\/wp-content\\\/uploads\\\/2020\\\/08\\\/KvanUm_200x200.png\",\"width\":200,\"height\":199,\"caption\":\"Kvan Um Zen Magyarorsz\u00e1g\"},\"image\":{\"@id\":\"https:\\\/\\\/kvanumzen.hu\\\/#\\\/schema\\\/logo\\\/image\\\/\"},\"sameAs\":[\"https:\\\/\\\/www.facebook.com\\\/KvanumZenIskola\"]}]}<\/script>\n<!-- \/ Yoast SEO plugin. -->","yoast_head_json":{"title":"\u00c9nekl\u00e9s - Kvan Um Zen Magyarorsz\u00e1g","robots":{"index":"index","follow":"follow","max-snippet":"max-snippet:-1","max-image-preview":"max-image-preview:large","max-video-preview":"max-video-preview:-1"},"canonical":"https:\/\/kvanumzen.hu\/en\/enekles\/","og_locale":"en_GB","og_type":"article","og_title":"\u00c9nekl\u00e9s - Kvan Um Zen Magyarorsz\u00e1g","og_description":"A medit\u00e1ci\u00f3s \u00e9nekl\u00e9s a nem-mozdul\u00f3 tudat megtart\u00e1sa, \u00e9s saj\u00e1t hangunk felfog\u00e1sa. Az \u00e9neked hangj\u00e1nak felfog\u00e1sa az igazi \u00e9ned, az igazi term\u00e9szeted meg\u00e9rt\u00e9se. Ekkor a hang \u00e9s te m\u00e1r nem k\u00fcl\u00f6nb\u00f6zt\u00f6k, eggy\u00e9 v\u00e1lsz a vil\u00e1gmindens\u00e9ggel. Igaz term\u00e9szet\u00fcnk megl\u00e1t\u00e1sa a vil\u00e1gmindens\u00e9g l\u00e9nyeg\u00e9nek megl\u00e1t\u00e1sa. Rendszeres \u00e9nekl\u00e9ssel k\u00f6z\u00e9ppontunk egyre er\u0151sebb\u00e9 v\u00e1lik, \u00e9s \u00edgy kezelhetj\u00fck \u00e9rz\u00e9seinket, k\u00f6r\u00fclm\u00e9nyeinket \u00e9s \u00e9lethelyzet\u00fcnket. Medit\u00e1ci\u00f3s k\u00f6zpontjainkban az emberek egy\u00fctt \u00e9lnek \u00e9s gyakorolnak. Az emberek \u00e1ltal\u00e1ban er\u0151s v\u00e9lem\u00e9nyekkel, rokon- \u00e9s ellenszenvekkel \u00e9rkeznek. Nagy r\u00e9sz\u00fcknek a medit\u00e1ci\u00f3s \u00e9nekl\u00e9s egy\u00e1ltal\u00e1n nem k\u00f6nny\u0171 a sok zavaros gondolat, vonz\u00f3d\u00e1s \u00e9s tasz\u00edt\u00e1s miatt. Amikor azonban helyesen gyakorlunk, a saj\u00e1t \u00e9s a k\u00f6r\u00fcl\u00f6tt\u00fcnk l\u00e9v\u0151k \u00e9nekhangj\u00e1t egyar\u00e1nt halljuk, akkor tudatunk letisztul. A tiszta tudatban nincs vonz\u00f3d\u00e1s \u00e9s tasz\u00edt\u00e1s, csak a hang. V\u00e9g\u00fcl \u00e1tl\u00e1tjuk, hogy a medit\u00e1ci\u00f3s \u00e9nekl\u00e9s nem [&hellip;]","og_url":"https:\/\/kvanumzen.hu\/en\/enekles\/","og_site_name":"Kvan Um Zen Magyarorsz\u00e1g","article_publisher":"https:\/\/www.facebook.com\/KvanumZenIskola","article_modified_time":"2020-12-02T16:42:49+00:00","og_image":[{"url":"https:\/\/kvanumzen.hu\/wp-content\/uploads\/2020\/08\/moktak.jpg","type":"","width":"","height":""}],"twitter_card":"summary_large_image","twitter_misc":{"Estimated reading time":"4 minutes"},"schema":{"@context":"https:\/\/schema.org","@graph":[{"@type":"WebPage","@id":"https:\/\/kvanumzen.hu\/hu\/enekles\/","url":"https:\/\/kvanumzen.hu\/hu\/enekles\/","name":"\u00c9nekl\u00e9s - Kvan Um Zen Magyarorsz\u00e1g","isPartOf":{"@id":"https:\/\/kvanumzen.hu\/#website"},"primaryImageOfPage":{"@id":"https:\/\/kvanumzen.hu\/hu\/enekles\/#primaryimage"},"image":{"@id":"https:\/\/kvanumzen.hu\/hu\/enekles\/#primaryimage"},"thumbnailUrl":"https:\/\/kvanumzen.hu\/wp-content\/uploads\/2020\/08\/moktak.jpg","datePublished":"2020-08-11T15:25:51+00:00","dateModified":"2020-12-02T16:42:49+00:00","breadcrumb":{"@id":"https:\/\/kvanumzen.hu\/hu\/enekles\/#breadcrumb"},"inLanguage":"en-GB","potentialAction":[{"@type":"ReadAction","target":["https:\/\/kvanumzen.hu\/hu\/enekles\/"]}]},{"@type":"ImageObject","inLanguage":"en-GB","@id":"https:\/\/kvanumzen.hu\/hu\/enekles\/#primaryimage","url":"https:\/\/kvanumzen.hu\/wp-content\/uploads\/2020\/08\/moktak.jpg","contentUrl":"https:\/\/kvanumzen.hu\/wp-content\/uploads\/2020\/08\/moktak.jpg"},{"@type":"BreadcrumbList","@id":"https:\/\/kvanumzen.hu\/hu\/enekles\/#breadcrumb","itemListElement":[{"@type":"ListItem","position":1,"name":"Home","item":"https:\/\/kvanumzen.hu\/"},{"@type":"ListItem","position":2,"name":"\u00c9nekl\u00e9s"}]},{"@type":"WebSite","@id":"https:\/\/kvanumzen.hu\/#website","url":"https:\/\/kvanumzen.hu\/","name":"Kwan Um Zen Hungary","description":"","publisher":{"@id":"https:\/\/kvanumzen.hu\/#organization"},"potentialAction":[{"@type":"SearchAction","target":{"@type":"EntryPoint","urlTemplate":"https:\/\/kvanumzen.hu\/?s={search_term_string}"},"query-input":{"@type":"PropertyValueSpecification","valueRequired":true,"valueName":"search_term_string"}}],"inLanguage":"en-GB"},{"@type":"Organization","@id":"https:\/\/kvanumzen.hu\/#organization","name":"Kwan Um Zen Hungary","url":"https:\/\/kvanumzen.hu\/","logo":{"@type":"ImageObject","inLanguage":"en-GB","@id":"https:\/\/kvanumzen.hu\/#\/schema\/logo\/image\/","url":"https:\/\/kvanumzen.hu\/wp-content\/uploads\/2020\/08\/KvanUm_200x200.png","contentUrl":"https:\/\/kvanumzen.hu\/wp-content\/uploads\/2020\/08\/KvanUm_200x200.png","width":200,"height":199,"caption":"Kvan Um Zen Magyarorsz\u00e1g"},"image":{"@id":"https:\/\/kvanumzen.hu\/#\/schema\/logo\/image\/"},"sameAs":["https:\/\/www.facebook.com\/KvanumZenIskola"]}]}},"_links":{"self":[{"href":"https:\/\/kvanumzen.hu\/en\/wp-json\/wp\/v2\/pages\/68","targetHints":{"allow":["GET"]}}],"collection":[{"href":"https:\/\/kvanumzen.hu\/en\/wp-json\/wp\/v2\/pages"}],"about":[{"href":"https:\/\/kvanumzen.hu\/en\/wp-json\/wp\/v2\/types\/page"}],"author":[{"embeddable":true,"href":"https:\/\/kvanumzen.hu\/en\/wp-json\/wp\/v2\/users\/1"}],"replies":[{"embeddable":true,"href":"https:\/\/kvanumzen.hu\/en\/wp-json\/wp\/v2\/comments?post=68"}],"version-history":[{"count":4,"href":"https:\/\/kvanumzen.hu\/en\/wp-json\/wp\/v2\/pages\/68\/revisions"}],"predecessor-version":[{"id":386,"href":"https:\/\/kvanumzen.hu\/en\/wp-json\/wp\/v2\/pages\/68\/revisions\/386"}],"wp:attachment":[{"href":"https:\/\/kvanumzen.hu\/en\/wp-json\/wp\/v2\/media?parent=68"}],"curies":[{"name":"wp","href":"https:\/\/api.w.org\/{rel}","templated":true}]}}