{"id":351,"date":"2020-10-05T20:35:04","date_gmt":"2020-10-05T18:35:04","guid":{"rendered":"https:\/\/kvanumzen.hu\/?page_id=351"},"modified":"2020-10-05T20:40:18","modified_gmt":"2020-10-05T18:40:18","slug":"szangha","status":"publish","type":"page","link":"https:\/\/kvanumzen.hu\/en\/szangha\/","title":{"rendered":"Sangha"},"content":{"rendered":"<p><\/p>\n\n\n\n<figure class=\"wp-block-image size-large is-style-default\"><img decoding=\"async\" width=\"1024\" height=\"244\" src=\"https:\/\/kvanumzen.hu\/wp-content\/uploads\/2020\/08\/musangsa-1024x244.jpg\" alt=\"\" class=\"wp-image-29\" srcset=\"https:\/\/kvanumzen.hu\/wp-content\/uploads\/2020\/08\/musangsa-1024x244.jpg 1024w, https:\/\/kvanumzen.hu\/wp-content\/uploads\/2020\/08\/musangsa-300x72.jpg 300w, https:\/\/kvanumzen.hu\/wp-content\/uploads\/2020\/08\/musangsa-768x183.jpg 768w, https:\/\/kvanumzen.hu\/wp-content\/uploads\/2020\/08\/musangsa.jpg 1200w\" sizes=\"(max-width: 1024px) 100vw, 1024px\" \/><\/figure>\n\n\n\n<h4 class=\"has-text-align-center wp-block-heading\"><a href=\"https:\/\/www.zen-meditation.wien\/\" target=\"_blank\" rel=\"noreferrer noopener\">Vienna Zen Center<\/a><\/h4>\n\n\n\n<h4 class=\"has-text-align-center wp-block-heading\"><a href=\"https:\/\/vraznezen.org\/\" target=\"_blank\" rel=\"noreferrer noopener nofollow\">Vr\u00e1\u017en\u00e9 Zen Center<\/a><\/h4>\n\n\n\n<h4 class=\"has-text-align-center wp-block-heading\"><a href=\"https:\/\/www.kwanumeurope.org\/\" target=\"_blank\" rel=\"noreferrer noopener nofollow\">KUSZ Europe<\/a><\/h4>","protected":false},"excerpt":{"rendered":"<p>B\u00e9csi Zen K\u00f6zpont Vr\u00e1\u017en\u00e9 Zen K\u00f6zpont KUSZ Europe<\/p>","protected":false},"author":1,"featured_media":0,"parent":0,"menu_order":0,"comment_status":"closed","ping_status":"closed","template":"","meta":{"footnotes":""},"class_list":["post-351","page","type-page","status-publish","hentry"],"yoast_head":"<!-- This site is optimized with the Yoast SEO plugin v27.3 - https:\/\/yoast.com\/product\/yoast-seo-wordpress\/ -->\n<title>Szangha - Kvan Um Zen Magyarorsz\u00e1g<\/title>\n<meta name=\"robots\" content=\"index, follow, max-snippet:-1, max-image-preview:large, max-video-preview:-1\" \/>\n<link rel=\"canonical\" href=\"https:\/\/kvanumzen.hu\/en\/szangha\/\" \/>\n<meta property=\"og:locale\" content=\"en_GB\" \/>\n<meta property=\"og:type\" content=\"article\" \/>\n<meta property=\"og:title\" content=\"Szangha - Kvan Um Zen Magyarorsz\u00e1g\" \/>\n<meta property=\"og:description\" content=\"B\u00e9csi Zen K\u00f6zpont Vr\u00e1\u017en\u00e9 Zen K\u00f6zpont KUSZ Europe\" \/>\n<meta property=\"og:url\" content=\"https:\/\/kvanumzen.hu\/en\/szangha\/\" \/>\n<meta property=\"og:site_name\" content=\"Kvan Um Zen Magyarorsz\u00e1g\" \/>\n<meta property=\"article:publisher\" content=\"https:\/\/www.facebook.com\/KvanumZenIskola\" \/>\n<meta property=\"article:modified_time\" content=\"2020-10-05T18:40:18+00:00\" \/>\n<meta property=\"og:image\" content=\"https:\/\/kvanumzen.hu\/wp-content\/uploads\/2020\/08\/musangsa-1024x244.jpg\" \/>\n<meta name=\"twitter:card\" content=\"summary_large_image\" \/>\n<script type=\"application\/ld+json\" class=\"yoast-schema-graph\">{\"@context\":\"https:\\\/\\\/schema.org\",\"@graph\":[{\"@type\":\"WebPage\",\"@id\":\"https:\\\/\\\/kvanumzen.hu\\\/hu\\\/szangha\\\/\",\"url\":\"https:\\\/\\\/kvanumzen.hu\\\/hu\\\/szangha\\\/\",\"name\":\"Szangha - Kvan Um Zen Magyarorsz\u00e1g\",\"isPartOf\":{\"@id\":\"https:\\\/\\\/kvanumzen.hu\\\/#website\"},\"primaryImageOfPage\":{\"@id\":\"https:\\\/\\\/kvanumzen.hu\\\/hu\\\/szangha\\\/#primaryimage\"},\"image\":{\"@id\":\"https:\\\/\\\/kvanumzen.hu\\\/hu\\\/szangha\\\/#primaryimage\"},\"thumbnailUrl\":\"https:\\\/\\\/kvanumzen.hu\\\/wp-content\\\/uploads\\\/2020\\\/08\\\/musangsa-1024x244.jpg\",\"datePublished\":\"2020-10-05T18:35:04+00:00\",\"dateModified\":\"2020-10-05T18:40:18+00:00\",\"breadcrumb\":{\"@id\":\"https:\\\/\\\/kvanumzen.hu\\\/hu\\\/szangha\\\/#breadcrumb\"},\"inLanguage\":\"en-GB\",\"potentialAction\":[{\"@type\":\"ReadAction\",\"target\":[\"https:\\\/\\\/kvanumzen.hu\\\/hu\\\/szangha\\\/\"]}]},{\"@type\":\"ImageObject\",\"inLanguage\":\"en-GB\",\"@id\":\"https:\\\/\\\/kvanumzen.hu\\\/hu\\\/szangha\\\/#primaryimage\",\"url\":\"https:\\\/\\\/kvanumzen.hu\\\/wp-content\\\/uploads\\\/2020\\\/08\\\/musangsa-1024x244.jpg\",\"contentUrl\":\"https:\\\/\\\/kvanumzen.hu\\\/wp-content\\\/uploads\\\/2020\\\/08\\\/musangsa-1024x244.jpg\"},{\"@type\":\"BreadcrumbList\",\"@id\":\"https:\\\/\\\/kvanumzen.hu\\\/hu\\\/szangha\\\/#breadcrumb\",\"itemListElement\":[{\"@type\":\"ListItem\",\"position\":1,\"name\":\"Home\",\"item\":\"https:\\\/\\\/kvanumzen.hu\\\/\"},{\"@type\":\"ListItem\",\"position\":2,\"name\":\"Szangha\"}]},{\"@type\":\"WebSite\",\"@id\":\"https:\\\/\\\/kvanumzen.hu\\\/#website\",\"url\":\"https:\\\/\\\/kvanumzen.hu\\\/\",\"name\":\"Kvan Um Zen Magyarorsz\u00e1g\",\"description\":\"\",\"publisher\":{\"@id\":\"https:\\\/\\\/kvanumzen.hu\\\/#organization\"},\"potentialAction\":[{\"@type\":\"SearchAction\",\"target\":{\"@type\":\"EntryPoint\",\"urlTemplate\":\"https:\\\/\\\/kvanumzen.hu\\\/?s={search_term_string}\"},\"query-input\":{\"@type\":\"PropertyValueSpecification\",\"valueRequired\":true,\"valueName\":\"search_term_string\"}}],\"inLanguage\":\"en-GB\"},{\"@type\":\"Organization\",\"@id\":\"https:\\\/\\\/kvanumzen.hu\\\/#organization\",\"name\":\"Kvan Um Zen Magyarorsz\u00e1g\",\"url\":\"https:\\\/\\\/kvanumzen.hu\\\/\",\"logo\":{\"@type\":\"ImageObject\",\"inLanguage\":\"en-GB\",\"@id\":\"https:\\\/\\\/kvanumzen.hu\\\/#\\\/schema\\\/logo\\\/image\\\/\",\"url\":\"https:\\\/\\\/kvanumzen.hu\\\/wp-content\\\/uploads\\\/2020\\\/08\\\/KvanUm_200x200.png\",\"contentUrl\":\"https:\\\/\\\/kvanumzen.hu\\\/wp-content\\\/uploads\\\/2020\\\/08\\\/KvanUm_200x200.png\",\"width\":200,\"height\":199,\"caption\":\"Kvan Um Zen Magyarorsz\u00e1g\"},\"image\":{\"@id\":\"https:\\\/\\\/kvanumzen.hu\\\/#\\\/schema\\\/logo\\\/image\\\/\"},\"sameAs\":[\"https:\\\/\\\/www.facebook.com\\\/KvanumZenIskola\"]}]}<\/script>\n<!-- \/ Yoast SEO plugin. -->","yoast_head_json":{"title":"Szangha - Kvan Um Zen Magyarorsz\u00e1g","robots":{"index":"index","follow":"follow","max-snippet":"max-snippet:-1","max-image-preview":"max-image-preview:large","max-video-preview":"max-video-preview:-1"},"canonical":"https:\/\/kvanumzen.hu\/en\/szangha\/","og_locale":"en_GB","og_type":"article","og_title":"Szangha - Kvan Um Zen Magyarorsz\u00e1g","og_description":"B\u00e9csi Zen K\u00f6zpont Vr\u00e1\u017en\u00e9 Zen K\u00f6zpont KUSZ Europe","og_url":"https:\/\/kvanumzen.hu\/en\/szangha\/","og_site_name":"Kvan Um Zen Magyarorsz\u00e1g","article_publisher":"https:\/\/www.facebook.com\/KvanumZenIskola","article_modified_time":"2020-10-05T18:40:18+00:00","og_image":[{"url":"https:\/\/kvanumzen.hu\/wp-content\/uploads\/2020\/08\/musangsa-1024x244.jpg","type":"","width":"","height":""}],"twitter_card":"summary_large_image","schema":{"@context":"https:\/\/schema.org","@graph":[{"@type":"WebPage","@id":"https:\/\/kvanumzen.hu\/hu\/szangha\/","url":"https:\/\/kvanumzen.hu\/hu\/szangha\/","name":"Szangha - Kvan Um Zen Magyarorsz\u00e1g","isPartOf":{"@id":"https:\/\/kvanumzen.hu\/#website"},"primaryImageOfPage":{"@id":"https:\/\/kvanumzen.hu\/hu\/szangha\/#primaryimage"},"image":{"@id":"https:\/\/kvanumzen.hu\/hu\/szangha\/#primaryimage"},"thumbnailUrl":"https:\/\/kvanumzen.hu\/wp-content\/uploads\/2020\/08\/musangsa-1024x244.jpg","datePublished":"2020-10-05T18:35:04+00:00","dateModified":"2020-10-05T18:40:18+00:00","breadcrumb":{"@id":"https:\/\/kvanumzen.hu\/hu\/szangha\/#breadcrumb"},"inLanguage":"en-GB","potentialAction":[{"@type":"ReadAction","target":["https:\/\/kvanumzen.hu\/hu\/szangha\/"]}]},{"@type":"ImageObject","inLanguage":"en-GB","@id":"https:\/\/kvanumzen.hu\/hu\/szangha\/#primaryimage","url":"https:\/\/kvanumzen.hu\/wp-content\/uploads\/2020\/08\/musangsa-1024x244.jpg","contentUrl":"https:\/\/kvanumzen.hu\/wp-content\/uploads\/2020\/08\/musangsa-1024x244.jpg"},{"@type":"BreadcrumbList","@id":"https:\/\/kvanumzen.hu\/hu\/szangha\/#breadcrumb","itemListElement":[{"@type":"ListItem","position":1,"name":"Home","item":"https:\/\/kvanumzen.hu\/"},{"@type":"ListItem","position":2,"name":"Szangha"}]},{"@type":"WebSite","@id":"https:\/\/kvanumzen.hu\/#website","url":"https:\/\/kvanumzen.hu\/","name":"Kwan Um Zen Hungary","description":"","publisher":{"@id":"https:\/\/kvanumzen.hu\/#organization"},"potentialAction":[{"@type":"SearchAction","target":{"@type":"EntryPoint","urlTemplate":"https:\/\/kvanumzen.hu\/?s={search_term_string}"},"query-input":{"@type":"PropertyValueSpecification","valueRequired":true,"valueName":"search_term_string"}}],"inLanguage":"en-GB"},{"@type":"Organization","@id":"https:\/\/kvanumzen.hu\/#organization","name":"Kwan Um Zen Hungary","url":"https:\/\/kvanumzen.hu\/","logo":{"@type":"ImageObject","inLanguage":"en-GB","@id":"https:\/\/kvanumzen.hu\/#\/schema\/logo\/image\/","url":"https:\/\/kvanumzen.hu\/wp-content\/uploads\/2020\/08\/KvanUm_200x200.png","contentUrl":"https:\/\/kvanumzen.hu\/wp-content\/uploads\/2020\/08\/KvanUm_200x200.png","width":200,"height":199,"caption":"Kvan Um Zen Magyarorsz\u00e1g"},"image":{"@id":"https:\/\/kvanumzen.hu\/#\/schema\/logo\/image\/"},"sameAs":["https:\/\/www.facebook.com\/KvanumZenIskola"]}]}},"_links":{"self":[{"href":"https:\/\/kvanumzen.hu\/en\/wp-json\/wp\/v2\/pages\/351","targetHints":{"allow":["GET"]}}],"collection":[{"href":"https:\/\/kvanumzen.hu\/en\/wp-json\/wp\/v2\/pages"}],"about":[{"href":"https:\/\/kvanumzen.hu\/en\/wp-json\/wp\/v2\/types\/page"}],"author":[{"embeddable":true,"href":"https:\/\/kvanumzen.hu\/en\/wp-json\/wp\/v2\/users\/1"}],"replies":[{"embeddable":true,"href":"https:\/\/kvanumzen.hu\/en\/wp-json\/wp\/v2\/comments?post=351"}],"version-history":[{"count":2,"href":"https:\/\/kvanumzen.hu\/en\/wp-json\/wp\/v2\/pages\/351\/revisions"}],"predecessor-version":[{"id":356,"href":"https:\/\/kvanumzen.hu\/en\/wp-json\/wp\/v2\/pages\/351\/revisions\/356"}],"wp:attachment":[{"href":"https:\/\/kvanumzen.hu\/en\/wp-json\/wp\/v2\/media?parent=351"}],"curies":[{"name":"wp","href":"https:\/\/api.w.org\/{rel}","templated":true}]}}