{"id":347,"date":"2020-10-05T20:10:31","date_gmt":"2020-10-05T18:10:31","guid":{"rendered":"https:\/\/kvanumzen.hu\/?page_id=347"},"modified":"2020-10-06T15:26:11","modified_gmt":"2020-10-06T13:26:11","slug":"koan-interju","status":"publish","type":"page","link":"https:\/\/kvanumzen.hu\/en\/koan-interju\/","title":{"rendered":"Kong-an interview"},"content":{"rendered":"<p style=\"text-align: justify;\">Koans (chinese: kung-an, korean: Kong-an, means \u201cpublic case\u201d) have their origin in the records of encounters between Zen practitioners in ancient China. Koans are probably best known for the unusual, seemingly non-rational quality of their questions, language and dialogues, and are not meant to be studied, analyzed or approached conceptually.  The koan is a tool that helps us to return to our don\u2019t-know-mind so that we can only clearly perceive and function. It is an essential part of Zen practice.<\/p>\n<blockquote>\n<p style=\"text-align: justify;\">Dzs\u00f3dzs\u00fa egyszer megk\u00e9rdezte N\u00e1m Cson mestert: \u201eMi az igazi \u00fat?&#8221;<br \/>\nN\u00e1m Cson \u00edgy v\u00e1laszolt: \u201eA mindennapi tudat az igazi \u00fat.\u201d<br \/>\n\u201eAkkor pr\u00f3b\u00e1ljam megtartani, vagy sem?&#8221;<br \/>\nN\u00e1m Cson v\u00e1lasza: &#8222;Ha megpr\u00f3b\u00e1lod megtartani, m\u00e1ris hib\u00e1zol.&#8221;<br \/>\n\u201eHa nem pr\u00f3b\u00e1lom megtartani, hogyan tudom meg\u00e9rteni az igazi utat?&#8221;<br \/>\nN\u00e1m Cson v\u00e1lasza: \u201eAz igazi \u00fat nem f\u00fcgg a meg\u00e9rt\u00e9st\u0151l vagy meg nem \u00e9rt\u00e9st\u0151l. A meg\u00e9rt\u00e9s ill\u00fazi\u00f3; a nem \u00e9rt\u00e9s \u00fcress\u00e9g. Ha teljesen el\u00e9red a nem gondolkod\u00e1s igazi \u00fatj\u00e1t, az olyan, mint a t\u00e9r, tiszta \u00e9s \u00fcres. Akkor h\u00e1t mi\u00e9rt hozol l\u00e9tre j\u00f3t \u00e9s rosszat?&#8221;<br \/>\nDzs\u00f3dzs\u00fa ezt hallva megvil\u00e1gosodott. Mit \u00e9rt el Dzs\u00f3dzs\u00fa?<\/p>\n<\/blockquote>\n<p style=\"text-align: justify;\">Often, Zen students want to \u201ckeep it\u201d. That is a big mistake. Zen means when you are doing something, just do it. You already know that understanding is illusion. Don\u2019t be attached to your understanding! Correct practice means \u201cHow does your understanding get digested and become wisdom?\u201d That is true everyday mind.<\/p>\n<p style=\"text-align: justify;\">So why make  kong-ans? Since everybody understands too much, we must use understanding medicine. What did Joju attain? If you open your mouth, it\u2019s already a mistake. But if you are not thinking, the answer is pure and clear, always in front of you.<\/p>\n<p style=\"text-align: justify;\">Zen master Seung Sahn<\/p>","protected":false},"excerpt":{"rendered":"<p>A k\u00f3anok (k\u00ednaiul: kung-an, koreaiul: kong-an, jelent\u00e9se \u201ek\u00f6z\u00fcgy\u201d) eredete a r\u00e9gi k\u00ednai zen gyakorl\u00f3k k\u00f6z\u00f6tti tal\u00e1lkoz\u00e1sok feljegyz\u00e9seihez ny\u00falik vissza. A k\u00f3anok legink\u00e1bb a szokatlan, l\u00e1tsz\u00f3lag nem racion\u00e1lis k\u00e9rd\u00e9seikr\u0151l, nyelvezet\u00fckr\u0151l \u00e9s p\u00e1rbesz\u00e9deikr\u0151l ismertek. Nem fogalmilag kell \u0151ket megk\u00f6zel\u00edteni, nem sz\u00fcks\u00e9ges tanulm\u00e1nyozni, analiz\u00e1lni \u0151ket. A k\u00f3an egy olyan eszk\u00f6z, amely seg\u00edt visszat\u00e9rni a nem-tud\u00f3 tudatunkhoz, hogy k\u00e9pesek legy\u00fcnk vil\u00e1gosan \u00e9rz\u00e9kelni \u00e9s m\u0171k\u00f6dni. A k\u00f3an a zen gyakorlat l\u00e9nyegi r\u00e9sze. Dzs\u00f3dzs\u00fa egyszer megk\u00e9rdezte N\u00e1m Cson mestert: \u201eMi az igazi \u00fat?&#8221; N\u00e1m Cson \u00edgy v\u00e1laszolt: \u201eA mindennapi tudat az igazi \u00fat.\u201d \u201eAkkor pr\u00f3b\u00e1ljam megtartani, vagy sem?&#8221; N\u00e1m Cson v\u00e1lasza: &#8222;Ha megpr\u00f3b\u00e1lod megtartani, m\u00e1ris hib\u00e1zol.&#8221; \u201eHa nem pr\u00f3b\u00e1lom megtartani, hogyan tudom meg\u00e9rteni az igazi utat?&#8221; N\u00e1m Cson v\u00e1lasza: \u201eAz igazi \u00fat nem f\u00fcgg a meg\u00e9rt\u00e9st\u0151l [&hellip;]<\/p>\n","protected":false},"author":1,"featured_media":0,"parent":0,"menu_order":0,"comment_status":"closed","ping_status":"open","template":"","meta":{"footnotes":""},"class_list":["post-347","page","type-page","status-publish","hentry"],"yoast_head":"<!-- This site is optimized with the Yoast SEO plugin v27.3 - https:\/\/yoast.com\/product\/yoast-seo-wordpress\/ -->\n<title>K\u00f3an interj\u00fa - Kvan Um Zen Magyarorsz\u00e1g<\/title>\n<meta name=\"robots\" content=\"index, follow, max-snippet:-1, max-image-preview:large, max-video-preview:-1\" \/>\n<link rel=\"canonical\" href=\"https:\/\/kvanumzen.hu\/en\/koan-interju\/\" \/>\n<meta property=\"og:locale\" content=\"en_GB\" \/>\n<meta property=\"og:type\" content=\"article\" \/>\n<meta property=\"og:title\" content=\"K\u00f3an interj\u00fa - Kvan Um Zen Magyarorsz\u00e1g\" \/>\n<meta property=\"og:description\" content=\"A k\u00f3anok (k\u00ednaiul: kung-an, koreaiul: kong-an, jelent\u00e9se \u201ek\u00f6z\u00fcgy\u201d) eredete a r\u00e9gi k\u00ednai zen gyakorl\u00f3k k\u00f6z\u00f6tti tal\u00e1lkoz\u00e1sok feljegyz\u00e9seihez ny\u00falik vissza. A k\u00f3anok legink\u00e1bb a szokatlan, l\u00e1tsz\u00f3lag nem racion\u00e1lis k\u00e9rd\u00e9seikr\u0151l, nyelvezet\u00fckr\u0151l \u00e9s p\u00e1rbesz\u00e9deikr\u0151l ismertek. Nem fogalmilag kell \u0151ket megk\u00f6zel\u00edteni, nem sz\u00fcks\u00e9ges tanulm\u00e1nyozni, analiz\u00e1lni \u0151ket. A k\u00f3an egy olyan eszk\u00f6z, amely seg\u00edt visszat\u00e9rni a nem-tud\u00f3 tudatunkhoz, hogy k\u00e9pesek legy\u00fcnk vil\u00e1gosan \u00e9rz\u00e9kelni \u00e9s m\u0171k\u00f6dni. A k\u00f3an a zen gyakorlat l\u00e9nyegi r\u00e9sze. Dzs\u00f3dzs\u00fa egyszer megk\u00e9rdezte N\u00e1m Cson mestert: \u201eMi az igazi \u00fat?&#8221; N\u00e1m Cson \u00edgy v\u00e1laszolt: \u201eA mindennapi tudat az igazi \u00fat.\u201d \u201eAkkor pr\u00f3b\u00e1ljam megtartani, vagy sem?&#8221; N\u00e1m Cson v\u00e1lasza: &#8222;Ha megpr\u00f3b\u00e1lod megtartani, m\u00e1ris hib\u00e1zol.&#8221; \u201eHa nem pr\u00f3b\u00e1lom megtartani, hogyan tudom meg\u00e9rteni az igazi utat?&#8221; N\u00e1m Cson v\u00e1lasza: \u201eAz igazi \u00fat nem f\u00fcgg a meg\u00e9rt\u00e9st\u0151l [&hellip;]\" \/>\n<meta property=\"og:url\" content=\"https:\/\/kvanumzen.hu\/en\/koan-interju\/\" \/>\n<meta property=\"og:site_name\" content=\"Kvan Um Zen Magyarorsz\u00e1g\" \/>\n<meta property=\"article:publisher\" content=\"https:\/\/www.facebook.com\/KvanumZenIskola\" \/>\n<meta property=\"article:modified_time\" content=\"2020-10-06T13:26:11+00:00\" \/>\n<meta name=\"twitter:card\" content=\"summary_large_image\" \/>\n<meta name=\"twitter:label1\" content=\"Estimated reading time\" \/>\n\t<meta name=\"twitter:data1\" content=\"2 minutes\" \/>\n<script type=\"application\/ld+json\" class=\"yoast-schema-graph\">{\"@context\":\"https:\\\/\\\/schema.org\",\"@graph\":[{\"@type\":\"WebPage\",\"@id\":\"https:\\\/\\\/kvanumzen.hu\\\/hu\\\/koan-interju\\\/\",\"url\":\"https:\\\/\\\/kvanumzen.hu\\\/hu\\\/koan-interju\\\/\",\"name\":\"K\u00f3an interj\u00fa - Kvan Um Zen Magyarorsz\u00e1g\",\"isPartOf\":{\"@id\":\"https:\\\/\\\/kvanumzen.hu\\\/#website\"},\"datePublished\":\"2020-10-05T18:10:31+00:00\",\"dateModified\":\"2020-10-06T13:26:11+00:00\",\"breadcrumb\":{\"@id\":\"https:\\\/\\\/kvanumzen.hu\\\/hu\\\/koan-interju\\\/#breadcrumb\"},\"inLanguage\":\"en-GB\",\"potentialAction\":[{\"@type\":\"ReadAction\",\"target\":[\"https:\\\/\\\/kvanumzen.hu\\\/hu\\\/koan-interju\\\/\"]}]},{\"@type\":\"BreadcrumbList\",\"@id\":\"https:\\\/\\\/kvanumzen.hu\\\/hu\\\/koan-interju\\\/#breadcrumb\",\"itemListElement\":[{\"@type\":\"ListItem\",\"position\":1,\"name\":\"Home\",\"item\":\"https:\\\/\\\/kvanumzen.hu\\\/\"},{\"@type\":\"ListItem\",\"position\":2,\"name\":\"K\u00f3an interj\u00fa\"}]},{\"@type\":\"WebSite\",\"@id\":\"https:\\\/\\\/kvanumzen.hu\\\/#website\",\"url\":\"https:\\\/\\\/kvanumzen.hu\\\/\",\"name\":\"Kvan Um Zen Magyarorsz\u00e1g\",\"description\":\"\",\"publisher\":{\"@id\":\"https:\\\/\\\/kvanumzen.hu\\\/#organization\"},\"potentialAction\":[{\"@type\":\"SearchAction\",\"target\":{\"@type\":\"EntryPoint\",\"urlTemplate\":\"https:\\\/\\\/kvanumzen.hu\\\/?s={search_term_string}\"},\"query-input\":{\"@type\":\"PropertyValueSpecification\",\"valueRequired\":true,\"valueName\":\"search_term_string\"}}],\"inLanguage\":\"en-GB\"},{\"@type\":\"Organization\",\"@id\":\"https:\\\/\\\/kvanumzen.hu\\\/#organization\",\"name\":\"Kvan Um Zen Magyarorsz\u00e1g\",\"url\":\"https:\\\/\\\/kvanumzen.hu\\\/\",\"logo\":{\"@type\":\"ImageObject\",\"inLanguage\":\"en-GB\",\"@id\":\"https:\\\/\\\/kvanumzen.hu\\\/#\\\/schema\\\/logo\\\/image\\\/\",\"url\":\"https:\\\/\\\/kvanumzen.hu\\\/wp-content\\\/uploads\\\/2020\\\/08\\\/KvanUm_200x200.png\",\"contentUrl\":\"https:\\\/\\\/kvanumzen.hu\\\/wp-content\\\/uploads\\\/2020\\\/08\\\/KvanUm_200x200.png\",\"width\":200,\"height\":199,\"caption\":\"Kvan Um Zen Magyarorsz\u00e1g\"},\"image\":{\"@id\":\"https:\\\/\\\/kvanumzen.hu\\\/#\\\/schema\\\/logo\\\/image\\\/\"},\"sameAs\":[\"https:\\\/\\\/www.facebook.com\\\/KvanumZenIskola\"]}]}<\/script>\n<!-- \/ Yoast SEO plugin. -->","yoast_head_json":{"title":"K\u00f3an interj\u00fa - Kvan Um Zen Magyarorsz\u00e1g","robots":{"index":"index","follow":"follow","max-snippet":"max-snippet:-1","max-image-preview":"max-image-preview:large","max-video-preview":"max-video-preview:-1"},"canonical":"https:\/\/kvanumzen.hu\/en\/koan-interju\/","og_locale":"en_GB","og_type":"article","og_title":"K\u00f3an interj\u00fa - Kvan Um Zen Magyarorsz\u00e1g","og_description":"A k\u00f3anok (k\u00ednaiul: kung-an, koreaiul: kong-an, jelent\u00e9se \u201ek\u00f6z\u00fcgy\u201d) eredete a r\u00e9gi k\u00ednai zen gyakorl\u00f3k k\u00f6z\u00f6tti tal\u00e1lkoz\u00e1sok feljegyz\u00e9seihez ny\u00falik vissza. A k\u00f3anok legink\u00e1bb a szokatlan, l\u00e1tsz\u00f3lag nem racion\u00e1lis k\u00e9rd\u00e9seikr\u0151l, nyelvezet\u00fckr\u0151l \u00e9s p\u00e1rbesz\u00e9deikr\u0151l ismertek. Nem fogalmilag kell \u0151ket megk\u00f6zel\u00edteni, nem sz\u00fcks\u00e9ges tanulm\u00e1nyozni, analiz\u00e1lni \u0151ket. A k\u00f3an egy olyan eszk\u00f6z, amely seg\u00edt visszat\u00e9rni a nem-tud\u00f3 tudatunkhoz, hogy k\u00e9pesek legy\u00fcnk vil\u00e1gosan \u00e9rz\u00e9kelni \u00e9s m\u0171k\u00f6dni. A k\u00f3an a zen gyakorlat l\u00e9nyegi r\u00e9sze. Dzs\u00f3dzs\u00fa egyszer megk\u00e9rdezte N\u00e1m Cson mestert: \u201eMi az igazi \u00fat?&#8221; N\u00e1m Cson \u00edgy v\u00e1laszolt: \u201eA mindennapi tudat az igazi \u00fat.\u201d \u201eAkkor pr\u00f3b\u00e1ljam megtartani, vagy sem?&#8221; N\u00e1m Cson v\u00e1lasza: &#8222;Ha megpr\u00f3b\u00e1lod megtartani, m\u00e1ris hib\u00e1zol.&#8221; \u201eHa nem pr\u00f3b\u00e1lom megtartani, hogyan tudom meg\u00e9rteni az igazi utat?&#8221; N\u00e1m Cson v\u00e1lasza: \u201eAz igazi \u00fat nem f\u00fcgg a meg\u00e9rt\u00e9st\u0151l [&hellip;]","og_url":"https:\/\/kvanumzen.hu\/en\/koan-interju\/","og_site_name":"Kvan Um Zen Magyarorsz\u00e1g","article_publisher":"https:\/\/www.facebook.com\/KvanumZenIskola","article_modified_time":"2020-10-06T13:26:11+00:00","twitter_card":"summary_large_image","twitter_misc":{"Estimated reading time":"2 minutes"},"schema":{"@context":"https:\/\/schema.org","@graph":[{"@type":"WebPage","@id":"https:\/\/kvanumzen.hu\/hu\/koan-interju\/","url":"https:\/\/kvanumzen.hu\/hu\/koan-interju\/","name":"K\u00f3an interj\u00fa - Kvan Um Zen Magyarorsz\u00e1g","isPartOf":{"@id":"https:\/\/kvanumzen.hu\/#website"},"datePublished":"2020-10-05T18:10:31+00:00","dateModified":"2020-10-06T13:26:11+00:00","breadcrumb":{"@id":"https:\/\/kvanumzen.hu\/hu\/koan-interju\/#breadcrumb"},"inLanguage":"en-GB","potentialAction":[{"@type":"ReadAction","target":["https:\/\/kvanumzen.hu\/hu\/koan-interju\/"]}]},{"@type":"BreadcrumbList","@id":"https:\/\/kvanumzen.hu\/hu\/koan-interju\/#breadcrumb","itemListElement":[{"@type":"ListItem","position":1,"name":"Home","item":"https:\/\/kvanumzen.hu\/"},{"@type":"ListItem","position":2,"name":"K\u00f3an interj\u00fa"}]},{"@type":"WebSite","@id":"https:\/\/kvanumzen.hu\/#website","url":"https:\/\/kvanumzen.hu\/","name":"Kwan Um Zen Hungary","description":"","publisher":{"@id":"https:\/\/kvanumzen.hu\/#organization"},"potentialAction":[{"@type":"SearchAction","target":{"@type":"EntryPoint","urlTemplate":"https:\/\/kvanumzen.hu\/?s={search_term_string}"},"query-input":{"@type":"PropertyValueSpecification","valueRequired":true,"valueName":"search_term_string"}}],"inLanguage":"en-GB"},{"@type":"Organization","@id":"https:\/\/kvanumzen.hu\/#organization","name":"Kwan Um Zen Hungary","url":"https:\/\/kvanumzen.hu\/","logo":{"@type":"ImageObject","inLanguage":"en-GB","@id":"https:\/\/kvanumzen.hu\/#\/schema\/logo\/image\/","url":"https:\/\/kvanumzen.hu\/wp-content\/uploads\/2020\/08\/KvanUm_200x200.png","contentUrl":"https:\/\/kvanumzen.hu\/wp-content\/uploads\/2020\/08\/KvanUm_200x200.png","width":200,"height":199,"caption":"Kvan Um Zen Magyarorsz\u00e1g"},"image":{"@id":"https:\/\/kvanumzen.hu\/#\/schema\/logo\/image\/"},"sameAs":["https:\/\/www.facebook.com\/KvanumZenIskola"]}]}},"_links":{"self":[{"href":"https:\/\/kvanumzen.hu\/en\/wp-json\/wp\/v2\/pages\/347","targetHints":{"allow":["GET"]}}],"collection":[{"href":"https:\/\/kvanumzen.hu\/en\/wp-json\/wp\/v2\/pages"}],"about":[{"href":"https:\/\/kvanumzen.hu\/en\/wp-json\/wp\/v2\/types\/page"}],"author":[{"embeddable":true,"href":"https:\/\/kvanumzen.hu\/en\/wp-json\/wp\/v2\/users\/1"}],"replies":[{"embeddable":true,"href":"https:\/\/kvanumzen.hu\/en\/wp-json\/wp\/v2\/comments?post=347"}],"version-history":[{"count":4,"href":"https:\/\/kvanumzen.hu\/en\/wp-json\/wp\/v2\/pages\/347\/revisions"}],"predecessor-version":[{"id":371,"href":"https:\/\/kvanumzen.hu\/en\/wp-json\/wp\/v2\/pages\/347\/revisions\/371"}],"wp:attachment":[{"href":"https:\/\/kvanumzen.hu\/en\/wp-json\/wp\/v2\/media?parent=347"}],"curies":[{"name":"wp","href":"https:\/\/api.w.org\/{rel}","templated":true}]}}