{"id":328,"date":"2020-10-04T19:45:06","date_gmt":"2020-10-04T17:45:06","guid":{"rendered":"https:\/\/kvanumzen.hu\/?page_id=328"},"modified":"2020-10-04T19:45:06","modified_gmt":"2020-10-04T17:45:06","slug":"szung-szan-zen-mester","status":"publish","type":"page","link":"https:\/\/kvanumzen.hu\/en\/szung-szan-zen-mester\/","title":{"rendered":"Zen master Seung Sahn"},"content":{"rendered":"<p style=\"text-align: justify;\">Zen Master Seung Sahn (Dae Soen Sa Nim) is the founding teacher of the Kwan Um School of Zen, and is the seventy-eighth Patriarch in the line of Transmission in the Chogye order of Korean Buddhism.<\/p>\n<p style=\"text-align: justify;\">He received transmission at the age of twenty-two years from the famous Korean Zen Master Ko Bong, so becoming the youngest Zen Master in Korea. After three years of silent meditation, he devoted himself to the renovation of the Chogye Order and founded an important lay organization, the United Buddhism Association. After founding temples in Tokyo and Hong Kong, Zen Master Seung Sahn came to the United States, becoming the first Korean Zen Master to live and teach in the West.<\/p>\n<p style=\"text-align: justify;\">With the aid of a small number of students, he founded the Providence Zen Center, which eventually became the headquarters of more than one hundred centers throughout the Americas, Europe, Asia, and Africa. Zen Master Seung Sahn is the author of \u2018Compass of Zen\u2019, \u2018The Whole World is a Single Flower \u2013 365 Kong-Ans For Everyday Life\u2019, \u2018Dropping Ashes on the Buddha\u2019, \u2018Only Don\u2019t Know\u2019, \u2018Ten Gates\u2019 and \u2018Bone of Space\u2019. Dae Soen Sa Nim died on 30th November 2004.<\/p>\n<p><img decoding=\"async\" class=\"aligncenter size-large wp-image-329\" src=\"https:\/\/kvanumzen.hu\/wp-content\/uploads\/2020\/10\/ZM_SS-822x1024.jpg\" alt=\"\" width=\"822\" height=\"1024\" srcset=\"https:\/\/kvanumzen.hu\/wp-content\/uploads\/2020\/10\/ZM_SS-822x1024.jpg 822w, https:\/\/kvanumzen.hu\/wp-content\/uploads\/2020\/10\/ZM_SS-241x300.jpg 241w, https:\/\/kvanumzen.hu\/wp-content\/uploads\/2020\/10\/ZM_SS-768x957.jpg 768w, https:\/\/kvanumzen.hu\/wp-content\/uploads\/2020\/10\/ZM_SS-1233x1536.jpg 1233w, https:\/\/kvanumzen.hu\/wp-content\/uploads\/2020\/10\/ZM_SS-1644x2048.jpg 1644w, https:\/\/kvanumzen.hu\/wp-content\/uploads\/2020\/10\/ZM_SS-830x1034.jpg 830w, https:\/\/kvanumzen.hu\/wp-content\/uploads\/2020\/10\/ZM_SS-230x287.jpg 230w, https:\/\/kvanumzen.hu\/wp-content\/uploads\/2020\/10\/ZM_SS-350x436.jpg 350w, https:\/\/kvanumzen.hu\/wp-content\/uploads\/2020\/10\/ZM_SS-480x598.jpg 480w\" sizes=\"(max-width: 822px) 100vw, 822px\" \/><\/p>","protected":false},"excerpt":{"rendered":"<p>Szung Sz\u00e1n zen mester (D\u00e9szonszanyim) a Kvan Um Zen Iskola alap\u00edt\u00f3ja, a koreai buddhizmus Csogje rendj\u00e9nek 78. p\u00e1tri\u00e1rk\u00e1ja. 22 \u00e9ves kor\u00e1ban kapott tan\u00e1tad\u00e1st a h\u00edres koreai zen mestert\u0151l, Ko Bongt\u00f3l, \u00edgy \u0151 lett Korea legfiatalabb zen mestere. H\u00e1rom \u00e9v csendes medit\u00e1ci\u00f3 ut\u00e1n a Csogje rend meg\u00faj\u00edt\u00e1s\u00e1nak szentelte mag\u00e1t. Miut\u00e1n Toki\u00f3ban \u00e9s Hongkongban templomokat alap\u00edtott, 1972-ben az Egyes\u00fclt \u00c1llamokba ment, \u00edgy \u0151 lett az els\u0151 koreai zen mester, aki nyugaton \u00e9lt \u00e9s tan\u00edtott. Kis sz\u00e1m\u00fa hallgat\u00f3 seg\u00edts\u00e9g\u00e9vel megalap\u00edtotta a Providence Zen K\u00f6zpontot, amely v\u00e9g\u00fcl t\u00f6bb, mint sz\u00e1z zen k\u00f6zpont centruma lett Amerik\u00e1ban, Eur\u00f3p\u00e1ban, \u00c1zsi\u00e1ban \u00e9s Afrik\u00e1ban. Szung Sz\u00e1n zen mester a szerz\u0151je a \u201eHamut a Buddh\u00e1ra\u201d, \u201eA zen ir\u00e1nyt\u0171je\u201d, az \u201eEgyetlen sz\u00e1l vir\u00e1g az eg\u00e9sz vil\u00e1g\u201d k\u00f6nyveknek. 2004. november 30-\u00e1n hunyt [&hellip;]<\/p>\n","protected":false},"author":1,"featured_media":0,"parent":0,"menu_order":0,"comment_status":"closed","ping_status":"open","template":"","meta":{"footnotes":""},"class_list":["post-328","page","type-page","status-publish","hentry"],"yoast_head":"<!-- This site is optimized with the Yoast SEO plugin v27.4 - https:\/\/yoast.com\/product\/yoast-seo-wordpress\/ -->\n<title>Szung Sz\u00e1n zen mester - Kvan Um Zen Magyarorsz\u00e1g<\/title>\n<meta name=\"robots\" content=\"index, follow, max-snippet:-1, max-image-preview:large, max-video-preview:-1\" \/>\n<link rel=\"canonical\" href=\"https:\/\/kvanumzen.hu\/en\/szung-szan-zen-mester\/\" \/>\n<meta property=\"og:locale\" content=\"en_GB\" \/>\n<meta property=\"og:type\" content=\"article\" \/>\n<meta property=\"og:title\" content=\"Szung Sz\u00e1n zen mester - Kvan Um Zen Magyarorsz\u00e1g\" \/>\n<meta property=\"og:description\" content=\"Szung Sz\u00e1n zen mester (D\u00e9szonszanyim) a Kvan Um Zen Iskola alap\u00edt\u00f3ja, a koreai buddhizmus Csogje rendj\u00e9nek 78. p\u00e1tri\u00e1rk\u00e1ja. 22 \u00e9ves kor\u00e1ban kapott tan\u00e1tad\u00e1st a h\u00edres koreai zen mestert\u0151l, Ko Bongt\u00f3l, \u00edgy \u0151 lett Korea legfiatalabb zen mestere. H\u00e1rom \u00e9v csendes medit\u00e1ci\u00f3 ut\u00e1n a Csogje rend meg\u00faj\u00edt\u00e1s\u00e1nak szentelte mag\u00e1t. Miut\u00e1n Toki\u00f3ban \u00e9s Hongkongban templomokat alap\u00edtott, 1972-ben az Egyes\u00fclt \u00c1llamokba ment, \u00edgy \u0151 lett az els\u0151 koreai zen mester, aki nyugaton \u00e9lt \u00e9s tan\u00edtott. Kis sz\u00e1m\u00fa hallgat\u00f3 seg\u00edts\u00e9g\u00e9vel megalap\u00edtotta a Providence Zen K\u00f6zpontot, amely v\u00e9g\u00fcl t\u00f6bb, mint sz\u00e1z zen k\u00f6zpont centruma lett Amerik\u00e1ban, Eur\u00f3p\u00e1ban, \u00c1zsi\u00e1ban \u00e9s Afrik\u00e1ban. Szung Sz\u00e1n zen mester a szerz\u0151je a \u201eHamut a Buddh\u00e1ra\u201d, \u201eA zen ir\u00e1nyt\u0171je\u201d, az \u201eEgyetlen sz\u00e1l vir\u00e1g az eg\u00e9sz vil\u00e1g\u201d k\u00f6nyveknek. 2004. november 30-\u00e1n hunyt [&hellip;]\" \/>\n<meta property=\"og:url\" content=\"https:\/\/kvanumzen.hu\/en\/szung-szan-zen-mester\/\" \/>\n<meta property=\"og:site_name\" content=\"Kvan Um Zen Magyarorsz\u00e1g\" \/>\n<meta property=\"article:publisher\" content=\"https:\/\/www.facebook.com\/KvanumZenIskola\" \/>\n<meta property=\"og:image\" content=\"https:\/\/kvanumzen.hu\/wp-content\/uploads\/2020\/10\/ZM_SS-822x1024.jpg\" \/>\n<meta name=\"twitter:card\" content=\"summary_large_image\" \/>\n<meta name=\"twitter:label1\" content=\"Estimated reading time\" \/>\n\t<meta name=\"twitter:data1\" content=\"1 minute\" \/>\n<script type=\"application\/ld+json\" class=\"yoast-schema-graph\">{\"@context\":\"https:\\\/\\\/schema.org\",\"@graph\":[{\"@type\":\"WebPage\",\"@id\":\"https:\\\/\\\/kvanumzen.hu\\\/hu\\\/szung-szan-zen-mester\\\/\",\"url\":\"https:\\\/\\\/kvanumzen.hu\\\/hu\\\/szung-szan-zen-mester\\\/\",\"name\":\"Szung Sz\u00e1n zen mester - Kvan Um Zen Magyarorsz\u00e1g\",\"isPartOf\":{\"@id\":\"https:\\\/\\\/kvanumzen.hu\\\/#website\"},\"primaryImageOfPage\":{\"@id\":\"https:\\\/\\\/kvanumzen.hu\\\/hu\\\/szung-szan-zen-mester\\\/#primaryimage\"},\"image\":{\"@id\":\"https:\\\/\\\/kvanumzen.hu\\\/hu\\\/szung-szan-zen-mester\\\/#primaryimage\"},\"thumbnailUrl\":\"https:\\\/\\\/kvanumzen.hu\\\/wp-content\\\/uploads\\\/2020\\\/10\\\/ZM_SS-822x1024.jpg\",\"datePublished\":\"2020-10-04T17:45:06+00:00\",\"breadcrumb\":{\"@id\":\"https:\\\/\\\/kvanumzen.hu\\\/hu\\\/szung-szan-zen-mester\\\/#breadcrumb\"},\"inLanguage\":\"en-GB\",\"potentialAction\":[{\"@type\":\"ReadAction\",\"target\":[\"https:\\\/\\\/kvanumzen.hu\\\/hu\\\/szung-szan-zen-mester\\\/\"]}]},{\"@type\":\"ImageObject\",\"inLanguage\":\"en-GB\",\"@id\":\"https:\\\/\\\/kvanumzen.hu\\\/hu\\\/szung-szan-zen-mester\\\/#primaryimage\",\"url\":\"https:\\\/\\\/kvanumzen.hu\\\/wp-content\\\/uploads\\\/2020\\\/10\\\/ZM_SS-822x1024.jpg\",\"contentUrl\":\"https:\\\/\\\/kvanumzen.hu\\\/wp-content\\\/uploads\\\/2020\\\/10\\\/ZM_SS-822x1024.jpg\"},{\"@type\":\"BreadcrumbList\",\"@id\":\"https:\\\/\\\/kvanumzen.hu\\\/hu\\\/szung-szan-zen-mester\\\/#breadcrumb\",\"itemListElement\":[{\"@type\":\"ListItem\",\"position\":1,\"name\":\"Home\",\"item\":\"https:\\\/\\\/kvanumzen.hu\\\/\"},{\"@type\":\"ListItem\",\"position\":2,\"name\":\"Szung Sz\u00e1n zen mester\"}]},{\"@type\":\"WebSite\",\"@id\":\"https:\\\/\\\/kvanumzen.hu\\\/#website\",\"url\":\"https:\\\/\\\/kvanumzen.hu\\\/\",\"name\":\"Kvan Um Zen Magyarorsz\u00e1g\",\"description\":\"\",\"publisher\":{\"@id\":\"https:\\\/\\\/kvanumzen.hu\\\/#organization\"},\"potentialAction\":[{\"@type\":\"SearchAction\",\"target\":{\"@type\":\"EntryPoint\",\"urlTemplate\":\"https:\\\/\\\/kvanumzen.hu\\\/?s={search_term_string}\"},\"query-input\":{\"@type\":\"PropertyValueSpecification\",\"valueRequired\":true,\"valueName\":\"search_term_string\"}}],\"inLanguage\":\"en-GB\"},{\"@type\":\"Organization\",\"@id\":\"https:\\\/\\\/kvanumzen.hu\\\/#organization\",\"name\":\"Kvan Um Zen Magyarorsz\u00e1g\",\"url\":\"https:\\\/\\\/kvanumzen.hu\\\/\",\"logo\":{\"@type\":\"ImageObject\",\"inLanguage\":\"en-GB\",\"@id\":\"https:\\\/\\\/kvanumzen.hu\\\/#\\\/schema\\\/logo\\\/image\\\/\",\"url\":\"https:\\\/\\\/kvanumzen.hu\\\/wp-content\\\/uploads\\\/2020\\\/08\\\/KvanUm_200x200.png\",\"contentUrl\":\"https:\\\/\\\/kvanumzen.hu\\\/wp-content\\\/uploads\\\/2020\\\/08\\\/KvanUm_200x200.png\",\"width\":200,\"height\":199,\"caption\":\"Kvan Um Zen Magyarorsz\u00e1g\"},\"image\":{\"@id\":\"https:\\\/\\\/kvanumzen.hu\\\/#\\\/schema\\\/logo\\\/image\\\/\"},\"sameAs\":[\"https:\\\/\\\/www.facebook.com\\\/KvanumZenIskola\"]}]}<\/script>\n<!-- \/ Yoast SEO plugin. -->","yoast_head_json":{"title":"Szung Sz\u00e1n zen mester - Kvan Um Zen Magyarorsz\u00e1g","robots":{"index":"index","follow":"follow","max-snippet":"max-snippet:-1","max-image-preview":"max-image-preview:large","max-video-preview":"max-video-preview:-1"},"canonical":"https:\/\/kvanumzen.hu\/en\/szung-szan-zen-mester\/","og_locale":"en_GB","og_type":"article","og_title":"Szung Sz\u00e1n zen mester - Kvan Um Zen Magyarorsz\u00e1g","og_description":"Szung Sz\u00e1n zen mester (D\u00e9szonszanyim) a Kvan Um Zen Iskola alap\u00edt\u00f3ja, a koreai buddhizmus Csogje rendj\u00e9nek 78. p\u00e1tri\u00e1rk\u00e1ja. 22 \u00e9ves kor\u00e1ban kapott tan\u00e1tad\u00e1st a h\u00edres koreai zen mestert\u0151l, Ko Bongt\u00f3l, \u00edgy \u0151 lett Korea legfiatalabb zen mestere. H\u00e1rom \u00e9v csendes medit\u00e1ci\u00f3 ut\u00e1n a Csogje rend meg\u00faj\u00edt\u00e1s\u00e1nak szentelte mag\u00e1t. Miut\u00e1n Toki\u00f3ban \u00e9s Hongkongban templomokat alap\u00edtott, 1972-ben az Egyes\u00fclt \u00c1llamokba ment, \u00edgy \u0151 lett az els\u0151 koreai zen mester, aki nyugaton \u00e9lt \u00e9s tan\u00edtott. Kis sz\u00e1m\u00fa hallgat\u00f3 seg\u00edts\u00e9g\u00e9vel megalap\u00edtotta a Providence Zen K\u00f6zpontot, amely v\u00e9g\u00fcl t\u00f6bb, mint sz\u00e1z zen k\u00f6zpont centruma lett Amerik\u00e1ban, Eur\u00f3p\u00e1ban, \u00c1zsi\u00e1ban \u00e9s Afrik\u00e1ban. Szung Sz\u00e1n zen mester a szerz\u0151je a \u201eHamut a Buddh\u00e1ra\u201d, \u201eA zen ir\u00e1nyt\u0171je\u201d, az \u201eEgyetlen sz\u00e1l vir\u00e1g az eg\u00e9sz vil\u00e1g\u201d k\u00f6nyveknek. 2004. november 30-\u00e1n hunyt [&hellip;]","og_url":"https:\/\/kvanumzen.hu\/en\/szung-szan-zen-mester\/","og_site_name":"Kvan Um Zen Magyarorsz\u00e1g","article_publisher":"https:\/\/www.facebook.com\/KvanumZenIskola","og_image":[{"url":"https:\/\/kvanumzen.hu\/wp-content\/uploads\/2020\/10\/ZM_SS-822x1024.jpg","type":"","width":"","height":""}],"twitter_card":"summary_large_image","twitter_misc":{"Estimated reading time":"1 minute"},"schema":{"@context":"https:\/\/schema.org","@graph":[{"@type":"WebPage","@id":"https:\/\/kvanumzen.hu\/hu\/szung-szan-zen-mester\/","url":"https:\/\/kvanumzen.hu\/hu\/szung-szan-zen-mester\/","name":"Szung Sz\u00e1n zen mester - Kvan Um Zen Magyarorsz\u00e1g","isPartOf":{"@id":"https:\/\/kvanumzen.hu\/#website"},"primaryImageOfPage":{"@id":"https:\/\/kvanumzen.hu\/hu\/szung-szan-zen-mester\/#primaryimage"},"image":{"@id":"https:\/\/kvanumzen.hu\/hu\/szung-szan-zen-mester\/#primaryimage"},"thumbnailUrl":"https:\/\/kvanumzen.hu\/wp-content\/uploads\/2020\/10\/ZM_SS-822x1024.jpg","datePublished":"2020-10-04T17:45:06+00:00","breadcrumb":{"@id":"https:\/\/kvanumzen.hu\/hu\/szung-szan-zen-mester\/#breadcrumb"},"inLanguage":"en-GB","potentialAction":[{"@type":"ReadAction","target":["https:\/\/kvanumzen.hu\/hu\/szung-szan-zen-mester\/"]}]},{"@type":"ImageObject","inLanguage":"en-GB","@id":"https:\/\/kvanumzen.hu\/hu\/szung-szan-zen-mester\/#primaryimage","url":"https:\/\/kvanumzen.hu\/wp-content\/uploads\/2020\/10\/ZM_SS-822x1024.jpg","contentUrl":"https:\/\/kvanumzen.hu\/wp-content\/uploads\/2020\/10\/ZM_SS-822x1024.jpg"},{"@type":"BreadcrumbList","@id":"https:\/\/kvanumzen.hu\/hu\/szung-szan-zen-mester\/#breadcrumb","itemListElement":[{"@type":"ListItem","position":1,"name":"Home","item":"https:\/\/kvanumzen.hu\/"},{"@type":"ListItem","position":2,"name":"Szung Sz\u00e1n zen mester"}]},{"@type":"WebSite","@id":"https:\/\/kvanumzen.hu\/#website","url":"https:\/\/kvanumzen.hu\/","name":"Kwan Um Zen Hungary","description":"","publisher":{"@id":"https:\/\/kvanumzen.hu\/#organization"},"potentialAction":[{"@type":"SearchAction","target":{"@type":"EntryPoint","urlTemplate":"https:\/\/kvanumzen.hu\/?s={search_term_string}"},"query-input":{"@type":"PropertyValueSpecification","valueRequired":true,"valueName":"search_term_string"}}],"inLanguage":"en-GB"},{"@type":"Organization","@id":"https:\/\/kvanumzen.hu\/#organization","name":"Kwan Um Zen Hungary","url":"https:\/\/kvanumzen.hu\/","logo":{"@type":"ImageObject","inLanguage":"en-GB","@id":"https:\/\/kvanumzen.hu\/#\/schema\/logo\/image\/","url":"https:\/\/kvanumzen.hu\/wp-content\/uploads\/2020\/08\/KvanUm_200x200.png","contentUrl":"https:\/\/kvanumzen.hu\/wp-content\/uploads\/2020\/08\/KvanUm_200x200.png","width":200,"height":199,"caption":"Kvan Um Zen Magyarorsz\u00e1g"},"image":{"@id":"https:\/\/kvanumzen.hu\/#\/schema\/logo\/image\/"},"sameAs":["https:\/\/www.facebook.com\/KvanumZenIskola"]}]}},"_links":{"self":[{"href":"https:\/\/kvanumzen.hu\/en\/wp-json\/wp\/v2\/pages\/328","targetHints":{"allow":["GET"]}}],"collection":[{"href":"https:\/\/kvanumzen.hu\/en\/wp-json\/wp\/v2\/pages"}],"about":[{"href":"https:\/\/kvanumzen.hu\/en\/wp-json\/wp\/v2\/types\/page"}],"author":[{"embeddable":true,"href":"https:\/\/kvanumzen.hu\/en\/wp-json\/wp\/v2\/users\/1"}],"replies":[{"embeddable":true,"href":"https:\/\/kvanumzen.hu\/en\/wp-json\/wp\/v2\/comments?post=328"}],"version-history":[{"count":0,"href":"https:\/\/kvanumzen.hu\/en\/wp-json\/wp\/v2\/pages\/328\/revisions"}],"wp:attachment":[{"href":"https:\/\/kvanumzen.hu\/en\/wp-json\/wp\/v2\/media?parent=328"}],"curies":[{"name":"wp","href":"https:\/\/api.w.org\/{rel}","templated":true}]}}