{"id":324,"date":"2020-10-04T19:29:43","date_gmt":"2020-10-04T17:29:43","guid":{"rendered":"https:\/\/kvanumzen.hu\/?page_id=324"},"modified":"2020-10-05T19:25:19","modified_gmt":"2020-10-05T17:25:19","slug":"hyon-ja-zen-mester","status":"publish","type":"page","link":"https:\/\/kvanumzen.hu\/en\/hyon-ja-zen-mester\/","title":{"rendered":"Zen master Hyon Ja"},"content":{"rendered":"<p>Guiding teacher of the Hungarian sangha<\/p>\n<p style=\"text-align: justify;\">Zen master Hyon Ja (Jo-Alma Potter) was born in Arizona 1954 and grew up in a Mexican-American family. She studied clinical nutrition and graduated from Arizona State University. She began to practice meditation when she was seventeen years old and traveled to India in early 1980. She began to study Zen and Buddhism in India.<\/p>\n<p style=\"text-align: justify;\">In 1986, she moved to Berlin Germany, living there for 25 years, learned the German language and worked for a financial office. She met Zen Master Seung Sahn and his teachings in the early 1990\u2019s and intensified her meditation practice in the Kwan Um School of Zen with Zen Master Seung Sahn and his successors.<\/p>\n<p style=\"text-align: justify;\">She worked as the Abbot of the Berlin Zen Center from 1995 until 2006 and helped to build and establish that the Zen Center.<\/p>\n<p style=\"text-align: justify;\">In 2008, she received the title Ji Do Poep Sa and Inka (the official seal of approval to teach Kong-an) from Zen Master Wu Bong. She has traveled worldwide leading and teaching Zen retreats.<\/p>\n<p style=\"text-align: justify;\">In 2012 she moved to Vienna and, together with Knud Rosenmayr JDPSN and Jan Sendzimir SDT, guides the Vienna Zen Center.<\/p>\n<p style=\"text-align: justify;\">In 2020 she became a zen master, she received Dharma transmission from zen master Bon Shim. She teaches regularly in the USA, Russia, Europe and is the guiding teacher of the Kwan Um Zen groups in Palma de Mallorca and Hungary.<\/p>\n<p><img decoding=\"async\" class=\"aligncenter size-full wp-image-325\" src=\"https:\/\/kvanumzen.hu\/wp-content\/uploads\/2020\/10\/ZM_HJ.jpg\" alt=\"\" width=\"960\" height=\"640\" srcset=\"https:\/\/kvanumzen.hu\/wp-content\/uploads\/2020\/10\/ZM_HJ.jpg 960w, https:\/\/kvanumzen.hu\/wp-content\/uploads\/2020\/10\/ZM_HJ-300x200.jpg 300w, https:\/\/kvanumzen.hu\/wp-content\/uploads\/2020\/10\/ZM_HJ-768x512.jpg 768w, https:\/\/kvanumzen.hu\/wp-content\/uploads\/2020\/10\/ZM_HJ-830x553.jpg 830w, https:\/\/kvanumzen.hu\/wp-content\/uploads\/2020\/10\/ZM_HJ-230x153.jpg 230w, https:\/\/kvanumzen.hu\/wp-content\/uploads\/2020\/10\/ZM_HJ-350x233.jpg 350w, https:\/\/kvanumzen.hu\/wp-content\/uploads\/2020\/10\/ZM_HJ-480x320.jpg 480w\" sizes=\"(max-width: 960px) 100vw, 960px\" \/><\/p>","protected":false},"excerpt":{"rendered":"<p>A magyarorsz\u00e1gi k\u00f6z\u00f6ss\u00e9g vezet\u0151 tan\u00edt\u00f3ja Hyon Ja zen mester (Jo-Alma Potter) 1954-ben sz\u00fcletett Arizon\u00e1ban, mexik\u00f3i-amerikai csal\u00e1dban n\u0151tt fel. Az Arizonai \u00c1llami Egyetemen szerzett diplom\u00e1t a klinikai t\u00e1pl\u00e1l\u00e1s ter\u00fclet\u00e9n. Tizenh\u00e9t \u00e9ves kor\u00e1ban kezdett medit\u00e1lni, majd az 1980-as \u00e9vek elej\u00e9n Indi\u00e1ba utazott, itt kezdte el tanulm\u00e1nyozni a zent \u00e9s a buddhizmust. 1986-ban Berlinbe, N\u00e9metorsz\u00e1gba k\u00f6lt\u00f6z\u00f6tt, itt \u00e9lt 25 \u00e9vig, megtanult n\u00e9met\u00fcl, \u00e9s egy p\u00e9nz\u00fcgyi irod\u00e1ban dolgozott. Az 1990-es \u00e9vek elej\u00e9n tal\u00e1lkozott Szung Sz\u00e1n zen mesterrel \u00e9s tan\u00edt\u00e1s\u00e1val. Medit\u00e1ci\u00f3s gyakorlat\u00e1t a Kvan Um Zen Iskol\u00e1ban m\u00e9ly\u00edtette el Szung Sz\u00e1n zen mesterrel \u00e9s dharma \u00f6r\u00f6k\u00f6seivel. 1995 \u00e9s 2006 k\u00f6z\u00f6tt a Berlini Zen K\u00f6zpont ap\u00e1tjak\u00e9nt dolgozott, nagy szerepe volt a zen k\u00f6zpont fel\u00e9p\u00edt\u00e9s\u00e9ben \u00e9s l\u00e9trehoz\u00e1s\u00e1ban. 2008-ban kapta meg Wu Bong zen mestert\u0151l az Ink\u00e1t (felhatalmaz\u00e1s [&hellip;]<\/p>\n","protected":false},"author":1,"featured_media":0,"parent":0,"menu_order":0,"comment_status":"closed","ping_status":"open","template":"","meta":{"footnotes":""},"class_list":["post-324","page","type-page","status-publish","hentry"],"yoast_head":"<!-- This site is optimized with the Yoast SEO plugin v27.5 - https:\/\/yoast.com\/product\/yoast-seo-wordpress\/ -->\n<title>Hyon Ja zen mester - Kvan Um Zen Magyarorsz\u00e1g<\/title>\n<meta name=\"robots\" content=\"index, follow, max-snippet:-1, max-image-preview:large, max-video-preview:-1\" \/>\n<link rel=\"canonical\" href=\"https:\/\/kvanumzen.hu\/en\/hyon-ja-zen-mester\/\" \/>\n<meta property=\"og:locale\" content=\"en_GB\" \/>\n<meta property=\"og:type\" content=\"article\" \/>\n<meta property=\"og:title\" content=\"Hyon Ja zen mester - Kvan Um Zen Magyarorsz\u00e1g\" \/>\n<meta property=\"og:description\" content=\"A magyarorsz\u00e1gi k\u00f6z\u00f6ss\u00e9g vezet\u0151 tan\u00edt\u00f3ja Hyon Ja zen mester (Jo-Alma Potter) 1954-ben sz\u00fcletett Arizon\u00e1ban, mexik\u00f3i-amerikai csal\u00e1dban n\u0151tt fel. Az Arizonai \u00c1llami Egyetemen szerzett diplom\u00e1t a klinikai t\u00e1pl\u00e1l\u00e1s ter\u00fclet\u00e9n. Tizenh\u00e9t \u00e9ves kor\u00e1ban kezdett medit\u00e1lni, majd az 1980-as \u00e9vek elej\u00e9n Indi\u00e1ba utazott, itt kezdte el tanulm\u00e1nyozni a zent \u00e9s a buddhizmust. 1986-ban Berlinbe, N\u00e9metorsz\u00e1gba k\u00f6lt\u00f6z\u00f6tt, itt \u00e9lt 25 \u00e9vig, megtanult n\u00e9met\u00fcl, \u00e9s egy p\u00e9nz\u00fcgyi irod\u00e1ban dolgozott. Az 1990-es \u00e9vek elej\u00e9n tal\u00e1lkozott Szung Sz\u00e1n zen mesterrel \u00e9s tan\u00edt\u00e1s\u00e1val. Medit\u00e1ci\u00f3s gyakorlat\u00e1t a Kvan Um Zen Iskol\u00e1ban m\u00e9ly\u00edtette el Szung Sz\u00e1n zen mesterrel \u00e9s dharma \u00f6r\u00f6k\u00f6seivel. 1995 \u00e9s 2006 k\u00f6z\u00f6tt a Berlini Zen K\u00f6zpont ap\u00e1tjak\u00e9nt dolgozott, nagy szerepe volt a zen k\u00f6zpont fel\u00e9p\u00edt\u00e9s\u00e9ben \u00e9s l\u00e9trehoz\u00e1s\u00e1ban. 2008-ban kapta meg Wu Bong zen mestert\u0151l az Ink\u00e1t (felhatalmaz\u00e1s [&hellip;]\" \/>\n<meta property=\"og:url\" content=\"https:\/\/kvanumzen.hu\/en\/hyon-ja-zen-mester\/\" \/>\n<meta property=\"og:site_name\" content=\"Kvan Um Zen Magyarorsz\u00e1g\" \/>\n<meta property=\"article:publisher\" content=\"https:\/\/www.facebook.com\/KvanumZenIskola\" \/>\n<meta property=\"article:modified_time\" content=\"2020-10-05T17:25:19+00:00\" \/>\n<meta property=\"og:image\" content=\"https:\/\/kvanumzen.hu\/wp-content\/uploads\/2020\/10\/ZM_HJ.jpg\" \/>\n<meta name=\"twitter:card\" content=\"summary_large_image\" \/>\n<meta name=\"twitter:label1\" content=\"Estimated reading time\" \/>\n\t<meta name=\"twitter:data1\" content=\"1 minute\" \/>\n<script type=\"application\/ld+json\" class=\"yoast-schema-graph\">{\"@context\":\"https:\\\/\\\/schema.org\",\"@graph\":[{\"@type\":\"WebPage\",\"@id\":\"https:\\\/\\\/kvanumzen.hu\\\/hu\\\/hyon-ja-zen-mester\\\/\",\"url\":\"https:\\\/\\\/kvanumzen.hu\\\/hu\\\/hyon-ja-zen-mester\\\/\",\"name\":\"Hyon Ja zen mester - Kvan Um Zen Magyarorsz\u00e1g\",\"isPartOf\":{\"@id\":\"https:\\\/\\\/kvanumzen.hu\\\/#website\"},\"primaryImageOfPage\":{\"@id\":\"https:\\\/\\\/kvanumzen.hu\\\/hu\\\/hyon-ja-zen-mester\\\/#primaryimage\"},\"image\":{\"@id\":\"https:\\\/\\\/kvanumzen.hu\\\/hu\\\/hyon-ja-zen-mester\\\/#primaryimage\"},\"thumbnailUrl\":\"https:\\\/\\\/kvanumzen.hu\\\/wp-content\\\/uploads\\\/2020\\\/10\\\/ZM_HJ.jpg\",\"datePublished\":\"2020-10-04T17:29:43+00:00\",\"dateModified\":\"2020-10-05T17:25:19+00:00\",\"breadcrumb\":{\"@id\":\"https:\\\/\\\/kvanumzen.hu\\\/hu\\\/hyon-ja-zen-mester\\\/#breadcrumb\"},\"inLanguage\":\"en-GB\",\"potentialAction\":[{\"@type\":\"ReadAction\",\"target\":[\"https:\\\/\\\/kvanumzen.hu\\\/hu\\\/hyon-ja-zen-mester\\\/\"]}]},{\"@type\":\"ImageObject\",\"inLanguage\":\"en-GB\",\"@id\":\"https:\\\/\\\/kvanumzen.hu\\\/hu\\\/hyon-ja-zen-mester\\\/#primaryimage\",\"url\":\"https:\\\/\\\/kvanumzen.hu\\\/wp-content\\\/uploads\\\/2020\\\/10\\\/ZM_HJ.jpg\",\"contentUrl\":\"https:\\\/\\\/kvanumzen.hu\\\/wp-content\\\/uploads\\\/2020\\\/10\\\/ZM_HJ.jpg\"},{\"@type\":\"BreadcrumbList\",\"@id\":\"https:\\\/\\\/kvanumzen.hu\\\/hu\\\/hyon-ja-zen-mester\\\/#breadcrumb\",\"itemListElement\":[{\"@type\":\"ListItem\",\"position\":1,\"name\":\"Home\",\"item\":\"https:\\\/\\\/kvanumzen.hu\\\/\"},{\"@type\":\"ListItem\",\"position\":2,\"name\":\"Hyon Ja zen mester\"}]},{\"@type\":\"WebSite\",\"@id\":\"https:\\\/\\\/kvanumzen.hu\\\/#website\",\"url\":\"https:\\\/\\\/kvanumzen.hu\\\/\",\"name\":\"Kvan Um Zen Magyarorsz\u00e1g\",\"description\":\"\",\"publisher\":{\"@id\":\"https:\\\/\\\/kvanumzen.hu\\\/#organization\"},\"potentialAction\":[{\"@type\":\"SearchAction\",\"target\":{\"@type\":\"EntryPoint\",\"urlTemplate\":\"https:\\\/\\\/kvanumzen.hu\\\/?s={search_term_string}\"},\"query-input\":{\"@type\":\"PropertyValueSpecification\",\"valueRequired\":true,\"valueName\":\"search_term_string\"}}],\"inLanguage\":\"en-GB\"},{\"@type\":\"Organization\",\"@id\":\"https:\\\/\\\/kvanumzen.hu\\\/#organization\",\"name\":\"Kvan Um Zen Magyarorsz\u00e1g\",\"url\":\"https:\\\/\\\/kvanumzen.hu\\\/\",\"logo\":{\"@type\":\"ImageObject\",\"inLanguage\":\"en-GB\",\"@id\":\"https:\\\/\\\/kvanumzen.hu\\\/#\\\/schema\\\/logo\\\/image\\\/\",\"url\":\"https:\\\/\\\/kvanumzen.hu\\\/wp-content\\\/uploads\\\/2020\\\/08\\\/KvanUm_200x200.png\",\"contentUrl\":\"https:\\\/\\\/kvanumzen.hu\\\/wp-content\\\/uploads\\\/2020\\\/08\\\/KvanUm_200x200.png\",\"width\":200,\"height\":199,\"caption\":\"Kvan Um Zen Magyarorsz\u00e1g\"},\"image\":{\"@id\":\"https:\\\/\\\/kvanumzen.hu\\\/#\\\/schema\\\/logo\\\/image\\\/\"},\"sameAs\":[\"https:\\\/\\\/www.facebook.com\\\/KvanumZenIskola\"]}]}<\/script>\n<!-- \/ Yoast SEO plugin. -->","yoast_head_json":{"title":"Hyon Ja zen mester - Kvan Um Zen Magyarorsz\u00e1g","robots":{"index":"index","follow":"follow","max-snippet":"max-snippet:-1","max-image-preview":"max-image-preview:large","max-video-preview":"max-video-preview:-1"},"canonical":"https:\/\/kvanumzen.hu\/en\/hyon-ja-zen-mester\/","og_locale":"en_GB","og_type":"article","og_title":"Hyon Ja zen mester - Kvan Um Zen Magyarorsz\u00e1g","og_description":"A magyarorsz\u00e1gi k\u00f6z\u00f6ss\u00e9g vezet\u0151 tan\u00edt\u00f3ja Hyon Ja zen mester (Jo-Alma Potter) 1954-ben sz\u00fcletett Arizon\u00e1ban, mexik\u00f3i-amerikai csal\u00e1dban n\u0151tt fel. Az Arizonai \u00c1llami Egyetemen szerzett diplom\u00e1t a klinikai t\u00e1pl\u00e1l\u00e1s ter\u00fclet\u00e9n. Tizenh\u00e9t \u00e9ves kor\u00e1ban kezdett medit\u00e1lni, majd az 1980-as \u00e9vek elej\u00e9n Indi\u00e1ba utazott, itt kezdte el tanulm\u00e1nyozni a zent \u00e9s a buddhizmust. 1986-ban Berlinbe, N\u00e9metorsz\u00e1gba k\u00f6lt\u00f6z\u00f6tt, itt \u00e9lt 25 \u00e9vig, megtanult n\u00e9met\u00fcl, \u00e9s egy p\u00e9nz\u00fcgyi irod\u00e1ban dolgozott. Az 1990-es \u00e9vek elej\u00e9n tal\u00e1lkozott Szung Sz\u00e1n zen mesterrel \u00e9s tan\u00edt\u00e1s\u00e1val. Medit\u00e1ci\u00f3s gyakorlat\u00e1t a Kvan Um Zen Iskol\u00e1ban m\u00e9ly\u00edtette el Szung Sz\u00e1n zen mesterrel \u00e9s dharma \u00f6r\u00f6k\u00f6seivel. 1995 \u00e9s 2006 k\u00f6z\u00f6tt a Berlini Zen K\u00f6zpont ap\u00e1tjak\u00e9nt dolgozott, nagy szerepe volt a zen k\u00f6zpont fel\u00e9p\u00edt\u00e9s\u00e9ben \u00e9s l\u00e9trehoz\u00e1s\u00e1ban. 2008-ban kapta meg Wu Bong zen mestert\u0151l az Ink\u00e1t (felhatalmaz\u00e1s [&hellip;]","og_url":"https:\/\/kvanumzen.hu\/en\/hyon-ja-zen-mester\/","og_site_name":"Kvan Um Zen Magyarorsz\u00e1g","article_publisher":"https:\/\/www.facebook.com\/KvanumZenIskola","article_modified_time":"2020-10-05T17:25:19+00:00","og_image":[{"url":"https:\/\/kvanumzen.hu\/wp-content\/uploads\/2020\/10\/ZM_HJ.jpg","type":"","width":"","height":""}],"twitter_card":"summary_large_image","twitter_misc":{"Estimated reading time":"1 minute"},"schema":{"@context":"https:\/\/schema.org","@graph":[{"@type":"WebPage","@id":"https:\/\/kvanumzen.hu\/hu\/hyon-ja-zen-mester\/","url":"https:\/\/kvanumzen.hu\/hu\/hyon-ja-zen-mester\/","name":"Hyon Ja zen mester - Kvan Um Zen Magyarorsz\u00e1g","isPartOf":{"@id":"https:\/\/kvanumzen.hu\/#website"},"primaryImageOfPage":{"@id":"https:\/\/kvanumzen.hu\/hu\/hyon-ja-zen-mester\/#primaryimage"},"image":{"@id":"https:\/\/kvanumzen.hu\/hu\/hyon-ja-zen-mester\/#primaryimage"},"thumbnailUrl":"https:\/\/kvanumzen.hu\/wp-content\/uploads\/2020\/10\/ZM_HJ.jpg","datePublished":"2020-10-04T17:29:43+00:00","dateModified":"2020-10-05T17:25:19+00:00","breadcrumb":{"@id":"https:\/\/kvanumzen.hu\/hu\/hyon-ja-zen-mester\/#breadcrumb"},"inLanguage":"en-GB","potentialAction":[{"@type":"ReadAction","target":["https:\/\/kvanumzen.hu\/hu\/hyon-ja-zen-mester\/"]}]},{"@type":"ImageObject","inLanguage":"en-GB","@id":"https:\/\/kvanumzen.hu\/hu\/hyon-ja-zen-mester\/#primaryimage","url":"https:\/\/kvanumzen.hu\/wp-content\/uploads\/2020\/10\/ZM_HJ.jpg","contentUrl":"https:\/\/kvanumzen.hu\/wp-content\/uploads\/2020\/10\/ZM_HJ.jpg"},{"@type":"BreadcrumbList","@id":"https:\/\/kvanumzen.hu\/hu\/hyon-ja-zen-mester\/#breadcrumb","itemListElement":[{"@type":"ListItem","position":1,"name":"Home","item":"https:\/\/kvanumzen.hu\/"},{"@type":"ListItem","position":2,"name":"Hyon Ja zen mester"}]},{"@type":"WebSite","@id":"https:\/\/kvanumzen.hu\/#website","url":"https:\/\/kvanumzen.hu\/","name":"Kwan Um Zen Hungary","description":"","publisher":{"@id":"https:\/\/kvanumzen.hu\/#organization"},"potentialAction":[{"@type":"SearchAction","target":{"@type":"EntryPoint","urlTemplate":"https:\/\/kvanumzen.hu\/?s={search_term_string}"},"query-input":{"@type":"PropertyValueSpecification","valueRequired":true,"valueName":"search_term_string"}}],"inLanguage":"en-GB"},{"@type":"Organization","@id":"https:\/\/kvanumzen.hu\/#organization","name":"Kwan Um Zen Hungary","url":"https:\/\/kvanumzen.hu\/","logo":{"@type":"ImageObject","inLanguage":"en-GB","@id":"https:\/\/kvanumzen.hu\/#\/schema\/logo\/image\/","url":"https:\/\/kvanumzen.hu\/wp-content\/uploads\/2020\/08\/KvanUm_200x200.png","contentUrl":"https:\/\/kvanumzen.hu\/wp-content\/uploads\/2020\/08\/KvanUm_200x200.png","width":200,"height":199,"caption":"Kvan Um Zen Magyarorsz\u00e1g"},"image":{"@id":"https:\/\/kvanumzen.hu\/#\/schema\/logo\/image\/"},"sameAs":["https:\/\/www.facebook.com\/KvanumZenIskola"]}]}},"_links":{"self":[{"href":"https:\/\/kvanumzen.hu\/en\/wp-json\/wp\/v2\/pages\/324","targetHints":{"allow":["GET"]}}],"collection":[{"href":"https:\/\/kvanumzen.hu\/en\/wp-json\/wp\/v2\/pages"}],"about":[{"href":"https:\/\/kvanumzen.hu\/en\/wp-json\/wp\/v2\/types\/page"}],"author":[{"embeddable":true,"href":"https:\/\/kvanumzen.hu\/en\/wp-json\/wp\/v2\/users\/1"}],"replies":[{"embeddable":true,"href":"https:\/\/kvanumzen.hu\/en\/wp-json\/wp\/v2\/comments?post=324"}],"version-history":[{"count":2,"href":"https:\/\/kvanumzen.hu\/en\/wp-json\/wp\/v2\/pages\/324\/revisions"}],"predecessor-version":[{"id":346,"href":"https:\/\/kvanumzen.hu\/en\/wp-json\/wp\/v2\/pages\/324\/revisions\/346"}],"wp:attachment":[{"href":"https:\/\/kvanumzen.hu\/en\/wp-json\/wp\/v2\/media?parent=324"}],"curies":[{"name":"wp","href":"https:\/\/api.w.org\/{rel}","templated":true}]}}