{"id":316,"date":"2020-10-04T18:45:23","date_gmt":"2020-10-04T16:45:23","guid":{"rendered":"https:\/\/kvanumzen.hu\/?page_id=316"},"modified":"2020-10-06T15:59:53","modified_gmt":"2020-10-06T13:59:53","slug":"szegedi-zen-kozpont","status":"publish","type":"page","link":"https:\/\/kvanumzen.hu\/en\/szegedi-zen-kozpont\/","title":{"rendered":"Szeged Zen Center"},"content":{"rendered":"<p style=\"text-align: justify;\">Regular practice every Saturday from 5 pm in Szeged, R\u00f3na u. 27., in the Kung Fu Gym located in the Barrack Building  (right rear).<\/p>\n<p style=\"text-align: justify;\">Information: <a href=\"mailto:kaszaf@gmail.com\">Ferenc Kasza<\/a> (70\/ 622 1117)<\/p>\n<p><img decoding=\"async\" class=\"aligncenter wp-image-317\" src=\"https:\/\/kvanumzen.hu\/wp-content\/uploads\/2020\/10\/szeged_buddha.jpg\" alt=\"\" width=\"600\" height=\"806\" srcset=\"https:\/\/kvanumzen.hu\/wp-content\/uploads\/2020\/10\/szeged_buddha.jpg 1200w, https:\/\/kvanumzen.hu\/wp-content\/uploads\/2020\/10\/szeged_buddha-223x300.jpg 223w, https:\/\/kvanumzen.hu\/wp-content\/uploads\/2020\/10\/szeged_buddha-763x1024.jpg 763w, https:\/\/kvanumzen.hu\/wp-content\/uploads\/2020\/10\/szeged_buddha-768x1031.jpg 768w, https:\/\/kvanumzen.hu\/wp-content\/uploads\/2020\/10\/szeged_buddha-1144x1536.jpg 1144w, https:\/\/kvanumzen.hu\/wp-content\/uploads\/2020\/10\/szeged_buddha-830x1114.jpg 830w, https:\/\/kvanumzen.hu\/wp-content\/uploads\/2020\/10\/szeged_buddha-230x309.jpg 230w, https:\/\/kvanumzen.hu\/wp-content\/uploads\/2020\/10\/szeged_buddha-350x470.jpg 350w, https:\/\/kvanumzen.hu\/wp-content\/uploads\/2020\/10\/szeged_buddha-480x644.jpg 480w\" sizes=\"(max-width: 600px) 100vw, 600px\" \/><\/p>","protected":false},"excerpt":{"rendered":"<p>Rendszeres gyakorlat szombatonk\u00e9nt 17 \u00f3r\u00e1t\u00f3l a Szeged, R\u00f3na u. 27. sz\u00e1m alatti barakk \u00e9p\u00fcletben (jobb oldalt h\u00e1tul) tal\u00e1lhat\u00f3 Kung Fu edz\u0151teremben. Inform\u00e1ci\u00f3: Kasza Ferenc (70\/ 622 1117)<\/p>","protected":false},"author":1,"featured_media":0,"parent":0,"menu_order":0,"comment_status":"closed","ping_status":"open","template":"","meta":{"footnotes":""},"class_list":["post-316","page","type-page","status-publish","hentry"],"yoast_head":"<!-- This site is optimized with the Yoast SEO plugin v27.3 - https:\/\/yoast.com\/product\/yoast-seo-wordpress\/ -->\n<title>Szegedi Zen K\u00f6zpont - Kvan Um Zen Magyarorsz\u00e1g<\/title>\n<meta name=\"robots\" content=\"index, follow, max-snippet:-1, max-image-preview:large, max-video-preview:-1\" \/>\n<link rel=\"canonical\" href=\"https:\/\/kvanumzen.hu\/en\/szegedi-zen-kozpont\/\" \/>\n<meta property=\"og:locale\" content=\"en_GB\" \/>\n<meta property=\"og:type\" content=\"article\" \/>\n<meta property=\"og:title\" content=\"Szegedi Zen K\u00f6zpont - Kvan Um Zen Magyarorsz\u00e1g\" \/>\n<meta property=\"og:description\" content=\"Rendszeres gyakorlat szombatonk\u00e9nt 17 \u00f3r\u00e1t\u00f3l a Szeged, R\u00f3na u. 27. sz\u00e1m alatti barakk \u00e9p\u00fcletben (jobb oldalt h\u00e1tul) tal\u00e1lhat\u00f3 Kung Fu edz\u0151teremben. Inform\u00e1ci\u00f3: Kasza Ferenc (70\/ 622 1117)\" \/>\n<meta property=\"og:url\" content=\"https:\/\/kvanumzen.hu\/en\/szegedi-zen-kozpont\/\" \/>\n<meta property=\"og:site_name\" content=\"Kvan Um Zen Magyarorsz\u00e1g\" \/>\n<meta property=\"article:publisher\" content=\"https:\/\/www.facebook.com\/KvanumZenIskola\" \/>\n<meta property=\"article:modified_time\" content=\"2020-10-06T13:59:53+00:00\" \/>\n<meta property=\"og:image\" content=\"https:\/\/kvanumzen.hu\/wp-content\/uploads\/2020\/10\/szeged_buddha.jpg\" \/>\n<meta name=\"twitter:card\" content=\"summary_large_image\" \/>\n<script type=\"application\/ld+json\" class=\"yoast-schema-graph\">{\"@context\":\"https:\\\/\\\/schema.org\",\"@graph\":[{\"@type\":\"WebPage\",\"@id\":\"https:\\\/\\\/kvanumzen.hu\\\/hu\\\/szegedi-zen-kozpont\\\/\",\"url\":\"https:\\\/\\\/kvanumzen.hu\\\/hu\\\/szegedi-zen-kozpont\\\/\",\"name\":\"Szegedi Zen K\u00f6zpont - Kvan Um Zen Magyarorsz\u00e1g\",\"isPartOf\":{\"@id\":\"https:\\\/\\\/kvanumzen.hu\\\/#website\"},\"primaryImageOfPage\":{\"@id\":\"https:\\\/\\\/kvanumzen.hu\\\/hu\\\/szegedi-zen-kozpont\\\/#primaryimage\"},\"image\":{\"@id\":\"https:\\\/\\\/kvanumzen.hu\\\/hu\\\/szegedi-zen-kozpont\\\/#primaryimage\"},\"thumbnailUrl\":\"https:\\\/\\\/kvanumzen.hu\\\/wp-content\\\/uploads\\\/2020\\\/10\\\/szeged_buddha.jpg\",\"datePublished\":\"2020-10-04T16:45:23+00:00\",\"dateModified\":\"2020-10-06T13:59:53+00:00\",\"breadcrumb\":{\"@id\":\"https:\\\/\\\/kvanumzen.hu\\\/hu\\\/szegedi-zen-kozpont\\\/#breadcrumb\"},\"inLanguage\":\"en-GB\",\"potentialAction\":[{\"@type\":\"ReadAction\",\"target\":[\"https:\\\/\\\/kvanumzen.hu\\\/hu\\\/szegedi-zen-kozpont\\\/\"]}]},{\"@type\":\"ImageObject\",\"inLanguage\":\"en-GB\",\"@id\":\"https:\\\/\\\/kvanumzen.hu\\\/hu\\\/szegedi-zen-kozpont\\\/#primaryimage\",\"url\":\"https:\\\/\\\/kvanumzen.hu\\\/wp-content\\\/uploads\\\/2020\\\/10\\\/szeged_buddha.jpg\",\"contentUrl\":\"https:\\\/\\\/kvanumzen.hu\\\/wp-content\\\/uploads\\\/2020\\\/10\\\/szeged_buddha.jpg\"},{\"@type\":\"BreadcrumbList\",\"@id\":\"https:\\\/\\\/kvanumzen.hu\\\/hu\\\/szegedi-zen-kozpont\\\/#breadcrumb\",\"itemListElement\":[{\"@type\":\"ListItem\",\"position\":1,\"name\":\"Home\",\"item\":\"https:\\\/\\\/kvanumzen.hu\\\/\"},{\"@type\":\"ListItem\",\"position\":2,\"name\":\"Szegedi Zen K\u00f6zpont\"}]},{\"@type\":\"WebSite\",\"@id\":\"https:\\\/\\\/kvanumzen.hu\\\/#website\",\"url\":\"https:\\\/\\\/kvanumzen.hu\\\/\",\"name\":\"Kvan Um Zen Magyarorsz\u00e1g\",\"description\":\"\",\"publisher\":{\"@id\":\"https:\\\/\\\/kvanumzen.hu\\\/#organization\"},\"potentialAction\":[{\"@type\":\"SearchAction\",\"target\":{\"@type\":\"EntryPoint\",\"urlTemplate\":\"https:\\\/\\\/kvanumzen.hu\\\/?s={search_term_string}\"},\"query-input\":{\"@type\":\"PropertyValueSpecification\",\"valueRequired\":true,\"valueName\":\"search_term_string\"}}],\"inLanguage\":\"en-GB\"},{\"@type\":\"Organization\",\"@id\":\"https:\\\/\\\/kvanumzen.hu\\\/#organization\",\"name\":\"Kvan Um Zen Magyarorsz\u00e1g\",\"url\":\"https:\\\/\\\/kvanumzen.hu\\\/\",\"logo\":{\"@type\":\"ImageObject\",\"inLanguage\":\"en-GB\",\"@id\":\"https:\\\/\\\/kvanumzen.hu\\\/#\\\/schema\\\/logo\\\/image\\\/\",\"url\":\"https:\\\/\\\/kvanumzen.hu\\\/wp-content\\\/uploads\\\/2020\\\/08\\\/KvanUm_200x200.png\",\"contentUrl\":\"https:\\\/\\\/kvanumzen.hu\\\/wp-content\\\/uploads\\\/2020\\\/08\\\/KvanUm_200x200.png\",\"width\":200,\"height\":199,\"caption\":\"Kvan Um Zen Magyarorsz\u00e1g\"},\"image\":{\"@id\":\"https:\\\/\\\/kvanumzen.hu\\\/#\\\/schema\\\/logo\\\/image\\\/\"},\"sameAs\":[\"https:\\\/\\\/www.facebook.com\\\/KvanumZenIskola\"]}]}<\/script>\n<!-- \/ Yoast SEO plugin. -->","yoast_head_json":{"title":"Szegedi Zen K\u00f6zpont - Kvan Um Zen Magyarorsz\u00e1g","robots":{"index":"index","follow":"follow","max-snippet":"max-snippet:-1","max-image-preview":"max-image-preview:large","max-video-preview":"max-video-preview:-1"},"canonical":"https:\/\/kvanumzen.hu\/en\/szegedi-zen-kozpont\/","og_locale":"en_GB","og_type":"article","og_title":"Szegedi Zen K\u00f6zpont - Kvan Um Zen Magyarorsz\u00e1g","og_description":"Rendszeres gyakorlat szombatonk\u00e9nt 17 \u00f3r\u00e1t\u00f3l a Szeged, R\u00f3na u. 27. sz\u00e1m alatti barakk \u00e9p\u00fcletben (jobb oldalt h\u00e1tul) tal\u00e1lhat\u00f3 Kung Fu edz\u0151teremben. Inform\u00e1ci\u00f3: Kasza Ferenc (70\/ 622 1117)","og_url":"https:\/\/kvanumzen.hu\/en\/szegedi-zen-kozpont\/","og_site_name":"Kvan Um Zen Magyarorsz\u00e1g","article_publisher":"https:\/\/www.facebook.com\/KvanumZenIskola","article_modified_time":"2020-10-06T13:59:53+00:00","og_image":[{"url":"https:\/\/kvanumzen.hu\/wp-content\/uploads\/2020\/10\/szeged_buddha.jpg","type":"","width":"","height":""}],"twitter_card":"summary_large_image","schema":{"@context":"https:\/\/schema.org","@graph":[{"@type":"WebPage","@id":"https:\/\/kvanumzen.hu\/hu\/szegedi-zen-kozpont\/","url":"https:\/\/kvanumzen.hu\/hu\/szegedi-zen-kozpont\/","name":"Szegedi Zen K\u00f6zpont - Kvan Um Zen Magyarorsz\u00e1g","isPartOf":{"@id":"https:\/\/kvanumzen.hu\/#website"},"primaryImageOfPage":{"@id":"https:\/\/kvanumzen.hu\/hu\/szegedi-zen-kozpont\/#primaryimage"},"image":{"@id":"https:\/\/kvanumzen.hu\/hu\/szegedi-zen-kozpont\/#primaryimage"},"thumbnailUrl":"https:\/\/kvanumzen.hu\/wp-content\/uploads\/2020\/10\/szeged_buddha.jpg","datePublished":"2020-10-04T16:45:23+00:00","dateModified":"2020-10-06T13:59:53+00:00","breadcrumb":{"@id":"https:\/\/kvanumzen.hu\/hu\/szegedi-zen-kozpont\/#breadcrumb"},"inLanguage":"en-GB","potentialAction":[{"@type":"ReadAction","target":["https:\/\/kvanumzen.hu\/hu\/szegedi-zen-kozpont\/"]}]},{"@type":"ImageObject","inLanguage":"en-GB","@id":"https:\/\/kvanumzen.hu\/hu\/szegedi-zen-kozpont\/#primaryimage","url":"https:\/\/kvanumzen.hu\/wp-content\/uploads\/2020\/10\/szeged_buddha.jpg","contentUrl":"https:\/\/kvanumzen.hu\/wp-content\/uploads\/2020\/10\/szeged_buddha.jpg"},{"@type":"BreadcrumbList","@id":"https:\/\/kvanumzen.hu\/hu\/szegedi-zen-kozpont\/#breadcrumb","itemListElement":[{"@type":"ListItem","position":1,"name":"Home","item":"https:\/\/kvanumzen.hu\/"},{"@type":"ListItem","position":2,"name":"Szegedi Zen K\u00f6zpont"}]},{"@type":"WebSite","@id":"https:\/\/kvanumzen.hu\/#website","url":"https:\/\/kvanumzen.hu\/","name":"Kwan Um Zen Hungary","description":"","publisher":{"@id":"https:\/\/kvanumzen.hu\/#organization"},"potentialAction":[{"@type":"SearchAction","target":{"@type":"EntryPoint","urlTemplate":"https:\/\/kvanumzen.hu\/?s={search_term_string}"},"query-input":{"@type":"PropertyValueSpecification","valueRequired":true,"valueName":"search_term_string"}}],"inLanguage":"en-GB"},{"@type":"Organization","@id":"https:\/\/kvanumzen.hu\/#organization","name":"Kwan Um Zen Hungary","url":"https:\/\/kvanumzen.hu\/","logo":{"@type":"ImageObject","inLanguage":"en-GB","@id":"https:\/\/kvanumzen.hu\/#\/schema\/logo\/image\/","url":"https:\/\/kvanumzen.hu\/wp-content\/uploads\/2020\/08\/KvanUm_200x200.png","contentUrl":"https:\/\/kvanumzen.hu\/wp-content\/uploads\/2020\/08\/KvanUm_200x200.png","width":200,"height":199,"caption":"Kvan Um Zen Magyarorsz\u00e1g"},"image":{"@id":"https:\/\/kvanumzen.hu\/#\/schema\/logo\/image\/"},"sameAs":["https:\/\/www.facebook.com\/KvanumZenIskola"]}]}},"_links":{"self":[{"href":"https:\/\/kvanumzen.hu\/en\/wp-json\/wp\/v2\/pages\/316","targetHints":{"allow":["GET"]}}],"collection":[{"href":"https:\/\/kvanumzen.hu\/en\/wp-json\/wp\/v2\/pages"}],"about":[{"href":"https:\/\/kvanumzen.hu\/en\/wp-json\/wp\/v2\/types\/page"}],"author":[{"embeddable":true,"href":"https:\/\/kvanumzen.hu\/en\/wp-json\/wp\/v2\/users\/1"}],"replies":[{"embeddable":true,"href":"https:\/\/kvanumzen.hu\/en\/wp-json\/wp\/v2\/comments?post=316"}],"version-history":[{"count":4,"href":"https:\/\/kvanumzen.hu\/en\/wp-json\/wp\/v2\/pages\/316\/revisions"}],"predecessor-version":[{"id":359,"href":"https:\/\/kvanumzen.hu\/en\/wp-json\/wp\/v2\/pages\/316\/revisions\/359"}],"wp:attachment":[{"href":"https:\/\/kvanumzen.hu\/en\/wp-json\/wp\/v2\/media?parent=316"}],"curies":[{"name":"wp","href":"https:\/\/api.w.org\/{rel}","templated":true}]}}