{"id":312,"date":"2020-10-04T18:43:03","date_gmt":"2020-10-04T16:43:03","guid":{"rendered":"https:\/\/kvanumzen.hu\/?page_id=312"},"modified":"2022-09-21T16:58:00","modified_gmt":"2022-09-21T14:58:00","slug":"budapesti-zen-kozpont","status":"publish","type":"page","link":"https:\/\/kvanumzen.hu\/en\/budapesti-zen-kozpont\/","title":{"rendered":"Budapest Zen Center"},"content":{"rendered":"<p style=\"text-align: justify;\">Regular practice times are Tuesdays and Fridays 6:30-8:00 a.m., Mondays and Thursdays 6:00-8:00 p.m. (Gyarmat utca 5\/B, doorbell 4).<\/p>\n<p>Information: Tam\u00e1s M\u00e9sz\u00e1ros (+36 70\/ 457 0486)<\/p>\n<p>\u00a0<\/p>\n\n\n<figure class=\"wp-block-gallery aligncenter has-nested-images columns-default is-cropped wp-block-gallery-1 is-layout-flex wp-block-gallery-is-layout-flex\">\n<figure class=\"wp-block-image size-large\"><img decoding=\"async\" width=\"1024\" height=\"681\" data-id=\"529\" src=\"https:\/\/kvanumzen.hu\/wp-content\/uploads\/2022\/09\/DSC_0002-9-1024x681.jpg\" alt=\"\" class=\"wp-image-529\" srcset=\"https:\/\/kvanumzen.hu\/wp-content\/uploads\/2022\/09\/DSC_0002-9-1024x681.jpg 1024w, https:\/\/kvanumzen.hu\/wp-content\/uploads\/2022\/09\/DSC_0002-9-300x199.jpg 300w, https:\/\/kvanumzen.hu\/wp-content\/uploads\/2022\/09\/DSC_0002-9-768x511.jpg 768w, https:\/\/kvanumzen.hu\/wp-content\/uploads\/2022\/09\/DSC_0002-9-1536x1021.jpg 1536w, https:\/\/kvanumzen.hu\/wp-content\/uploads\/2022\/09\/DSC_0002-9-2048x1362.jpg 2048w, https:\/\/kvanumzen.hu\/wp-content\/uploads\/2022\/09\/DSC_0002-9-18x12.jpg 18w, https:\/\/kvanumzen.hu\/wp-content\/uploads\/2022\/09\/DSC_0002-9-1000x665.jpg 1000w, https:\/\/kvanumzen.hu\/wp-content\/uploads\/2022\/09\/DSC_0002-9-230x153.jpg 230w, https:\/\/kvanumzen.hu\/wp-content\/uploads\/2022\/09\/DSC_0002-9-350x233.jpg 350w, https:\/\/kvanumzen.hu\/wp-content\/uploads\/2022\/09\/DSC_0002-9-480x319.jpg 480w\" sizes=\"(max-width: 1024px) 100vw, 1024px\" \/><\/figure>\n\n\n\n<figure class=\"wp-block-image size-large\"><img decoding=\"async\" width=\"1024\" height=\"681\" data-id=\"527\" src=\"https:\/\/kvanumzen.hu\/wp-content\/uploads\/2022\/09\/DSC_0004-9-1024x681.jpg\" alt=\"\" class=\"wp-image-527\" srcset=\"https:\/\/kvanumzen.hu\/wp-content\/uploads\/2022\/09\/DSC_0004-9-1024x681.jpg 1024w, https:\/\/kvanumzen.hu\/wp-content\/uploads\/2022\/09\/DSC_0004-9-300x199.jpg 300w, https:\/\/kvanumzen.hu\/wp-content\/uploads\/2022\/09\/DSC_0004-9-768x511.jpg 768w, https:\/\/kvanumzen.hu\/wp-content\/uploads\/2022\/09\/DSC_0004-9-1536x1021.jpg 1536w, https:\/\/kvanumzen.hu\/wp-content\/uploads\/2022\/09\/DSC_0004-9-2048x1362.jpg 2048w, https:\/\/kvanumzen.hu\/wp-content\/uploads\/2022\/09\/DSC_0004-9-18x12.jpg 18w, https:\/\/kvanumzen.hu\/wp-content\/uploads\/2022\/09\/DSC_0004-9-1000x665.jpg 1000w, https:\/\/kvanumzen.hu\/wp-content\/uploads\/2022\/09\/DSC_0004-9-230x153.jpg 230w, https:\/\/kvanumzen.hu\/wp-content\/uploads\/2022\/09\/DSC_0004-9-350x233.jpg 350w, https:\/\/kvanumzen.hu\/wp-content\/uploads\/2022\/09\/DSC_0004-9-480x319.jpg 480w\" sizes=\"(max-width: 1024px) 100vw, 1024px\" \/><\/figure>\n\n\n\n<figure class=\"wp-block-image size-large\"><img decoding=\"async\" width=\"1024\" height=\"681\" data-id=\"528\" src=\"https:\/\/kvanumzen.hu\/wp-content\/uploads\/2022\/09\/DSC_0005-10-1024x681.jpg\" alt=\"\" class=\"wp-image-528\" srcset=\"https:\/\/kvanumzen.hu\/wp-content\/uploads\/2022\/09\/DSC_0005-10-1024x681.jpg 1024w, https:\/\/kvanumzen.hu\/wp-content\/uploads\/2022\/09\/DSC_0005-10-300x199.jpg 300w, https:\/\/kvanumzen.hu\/wp-content\/uploads\/2022\/09\/DSC_0005-10-768x511.jpg 768w, https:\/\/kvanumzen.hu\/wp-content\/uploads\/2022\/09\/DSC_0005-10-1536x1021.jpg 1536w, https:\/\/kvanumzen.hu\/wp-content\/uploads\/2022\/09\/DSC_0005-10-2048x1362.jpg 2048w, https:\/\/kvanumzen.hu\/wp-content\/uploads\/2022\/09\/DSC_0005-10-18x12.jpg 18w, https:\/\/kvanumzen.hu\/wp-content\/uploads\/2022\/09\/DSC_0005-10-1000x665.jpg 1000w, https:\/\/kvanumzen.hu\/wp-content\/uploads\/2022\/09\/DSC_0005-10-230x153.jpg 230w, https:\/\/kvanumzen.hu\/wp-content\/uploads\/2022\/09\/DSC_0005-10-350x233.jpg 350w, https:\/\/kvanumzen.hu\/wp-content\/uploads\/2022\/09\/DSC_0005-10-480x319.jpg 480w\" sizes=\"(max-width: 1024px) 100vw, 1024px\" \/><\/figure>\n<\/figure>","protected":false},"excerpt":{"rendered":"<p>A rendszeres gyakorlatok ideje kedden \u00e9s p\u00e9nteken 6:30-8:00, h\u00e9tf\u0151n \u00e9s cs\u00fct\u00f6rt\u00f6k\u00f6n 18:00-20:00 (Gyarmat utca 5\/B, 4-es kapucseng\u0151). Inform\u00e1ci\u00f3: M\u00e9sz\u00e1ros Tam\u00e1s (70\/ 457 0486) \u00a0<\/p>","protected":false},"author":1,"featured_media":0,"parent":0,"menu_order":0,"comment_status":"closed","ping_status":"open","template":"","meta":{"footnotes":""},"class_list":["post-312","page","type-page","status-publish","hentry"],"yoast_head":"<!-- This site is optimized with the Yoast SEO plugin v27.5 - https:\/\/yoast.com\/product\/yoast-seo-wordpress\/ -->\n<title>Budapesti Zen K\u00f6zpont - Kvan Um Zen Magyarorsz\u00e1g<\/title>\n<meta name=\"robots\" content=\"index, follow, max-snippet:-1, max-image-preview:large, max-video-preview:-1\" \/>\n<link rel=\"canonical\" href=\"https:\/\/kvanumzen.hu\/en\/budapesti-zen-kozpont\/\" \/>\n<meta property=\"og:locale\" content=\"en_GB\" \/>\n<meta property=\"og:type\" content=\"article\" \/>\n<meta property=\"og:title\" content=\"Budapesti Zen K\u00f6zpont - Kvan Um Zen Magyarorsz\u00e1g\" \/>\n<meta property=\"og:description\" content=\"A rendszeres gyakorlatok ideje kedden \u00e9s p\u00e9nteken 6:30-8:00, h\u00e9tf\u0151n \u00e9s cs\u00fct\u00f6rt\u00f6k\u00f6n 18:00-20:00 (Gyarmat utca 5\/B, 4-es kapucseng\u0151). Inform\u00e1ci\u00f3: M\u00e9sz\u00e1ros Tam\u00e1s (70\/ 457 0486) \u00a0\" \/>\n<meta property=\"og:url\" content=\"https:\/\/kvanumzen.hu\/en\/budapesti-zen-kozpont\/\" \/>\n<meta property=\"og:site_name\" content=\"Kvan Um Zen Magyarorsz\u00e1g\" \/>\n<meta property=\"article:publisher\" content=\"https:\/\/www.facebook.com\/KvanumZenIskola\" \/>\n<meta property=\"article:modified_time\" content=\"2022-09-21T14:58:00+00:00\" \/>\n<meta property=\"og:image\" content=\"https:\/\/kvanumzen.hu\/wp-content\/uploads\/2022\/09\/DSC_0002-9-1024x681.jpg\" \/>\n<meta name=\"twitter:card\" content=\"summary_large_image\" \/>\n<meta name=\"twitter:label1\" content=\"Estimated reading time\" \/>\n\t<meta name=\"twitter:data1\" content=\"1 minute\" \/>\n<script type=\"application\/ld+json\" class=\"yoast-schema-graph\">{\"@context\":\"https:\\\/\\\/schema.org\",\"@graph\":[{\"@type\":\"WebPage\",\"@id\":\"https:\\\/\\\/kvanumzen.hu\\\/budapesti-zen-kozpont\\\/\",\"url\":\"https:\\\/\\\/kvanumzen.hu\\\/budapesti-zen-kozpont\\\/\",\"name\":\"Budapesti Zen K\u00f6zpont - Kvan Um Zen Magyarorsz\u00e1g\",\"isPartOf\":{\"@id\":\"https:\\\/\\\/kvanumzen.hu\\\/#website\"},\"primaryImageOfPage\":{\"@id\":\"https:\\\/\\\/kvanumzen.hu\\\/budapesti-zen-kozpont\\\/#primaryimage\"},\"image\":{\"@id\":\"https:\\\/\\\/kvanumzen.hu\\\/budapesti-zen-kozpont\\\/#primaryimage\"},\"thumbnailUrl\":\"https:\\\/\\\/kvanumzen.hu\\\/wp-content\\\/uploads\\\/2022\\\/09\\\/DSC_0002-9-1024x681.jpg\",\"datePublished\":\"2020-10-04T16:43:03+00:00\",\"dateModified\":\"2022-09-21T14:58:00+00:00\",\"breadcrumb\":{\"@id\":\"https:\\\/\\\/kvanumzen.hu\\\/budapesti-zen-kozpont\\\/#breadcrumb\"},\"inLanguage\":\"en-GB\",\"potentialAction\":[{\"@type\":\"ReadAction\",\"target\":[\"https:\\\/\\\/kvanumzen.hu\\\/budapesti-zen-kozpont\\\/\"]}]},{\"@type\":\"ImageObject\",\"inLanguage\":\"en-GB\",\"@id\":\"https:\\\/\\\/kvanumzen.hu\\\/budapesti-zen-kozpont\\\/#primaryimage\",\"url\":\"https:\\\/\\\/kvanumzen.hu\\\/wp-content\\\/uploads\\\/2022\\\/09\\\/DSC_0002-9-1024x681.jpg\",\"contentUrl\":\"https:\\\/\\\/kvanumzen.hu\\\/wp-content\\\/uploads\\\/2022\\\/09\\\/DSC_0002-9-1024x681.jpg\"},{\"@type\":\"BreadcrumbList\",\"@id\":\"https:\\\/\\\/kvanumzen.hu\\\/budapesti-zen-kozpont\\\/#breadcrumb\",\"itemListElement\":[{\"@type\":\"ListItem\",\"position\":1,\"name\":\"Home\",\"item\":\"https:\\\/\\\/kvanumzen.hu\\\/\"},{\"@type\":\"ListItem\",\"position\":2,\"name\":\"Budapesti Zen K\u00f6zpont\"}]},{\"@type\":\"WebSite\",\"@id\":\"https:\\\/\\\/kvanumzen.hu\\\/#website\",\"url\":\"https:\\\/\\\/kvanumzen.hu\\\/\",\"name\":\"Kvan Um Zen Magyarorsz\u00e1g\",\"description\":\"\",\"publisher\":{\"@id\":\"https:\\\/\\\/kvanumzen.hu\\\/#organization\"},\"potentialAction\":[{\"@type\":\"SearchAction\",\"target\":{\"@type\":\"EntryPoint\",\"urlTemplate\":\"https:\\\/\\\/kvanumzen.hu\\\/?s={search_term_string}\"},\"query-input\":{\"@type\":\"PropertyValueSpecification\",\"valueRequired\":true,\"valueName\":\"search_term_string\"}}],\"inLanguage\":\"en-GB\"},{\"@type\":\"Organization\",\"@id\":\"https:\\\/\\\/kvanumzen.hu\\\/#organization\",\"name\":\"Kvan Um Zen Magyarorsz\u00e1g\",\"url\":\"https:\\\/\\\/kvanumzen.hu\\\/\",\"logo\":{\"@type\":\"ImageObject\",\"inLanguage\":\"en-GB\",\"@id\":\"https:\\\/\\\/kvanumzen.hu\\\/#\\\/schema\\\/logo\\\/image\\\/\",\"url\":\"https:\\\/\\\/kvanumzen.hu\\\/wp-content\\\/uploads\\\/2020\\\/08\\\/KvanUm_200x200.png\",\"contentUrl\":\"https:\\\/\\\/kvanumzen.hu\\\/wp-content\\\/uploads\\\/2020\\\/08\\\/KvanUm_200x200.png\",\"width\":200,\"height\":199,\"caption\":\"Kvan Um Zen Magyarorsz\u00e1g\"},\"image\":{\"@id\":\"https:\\\/\\\/kvanumzen.hu\\\/#\\\/schema\\\/logo\\\/image\\\/\"},\"sameAs\":[\"https:\\\/\\\/www.facebook.com\\\/KvanumZenIskola\"]}]}<\/script>\n<!-- \/ Yoast SEO plugin. -->","yoast_head_json":{"title":"Budapesti Zen K\u00f6zpont - Kvan Um Zen Magyarorsz\u00e1g","robots":{"index":"index","follow":"follow","max-snippet":"max-snippet:-1","max-image-preview":"max-image-preview:large","max-video-preview":"max-video-preview:-1"},"canonical":"https:\/\/kvanumzen.hu\/en\/budapesti-zen-kozpont\/","og_locale":"en_GB","og_type":"article","og_title":"Budapesti Zen K\u00f6zpont - Kvan Um Zen Magyarorsz\u00e1g","og_description":"A rendszeres gyakorlatok ideje kedden \u00e9s p\u00e9nteken 6:30-8:00, h\u00e9tf\u0151n \u00e9s cs\u00fct\u00f6rt\u00f6k\u00f6n 18:00-20:00 (Gyarmat utca 5\/B, 4-es kapucseng\u0151). Inform\u00e1ci\u00f3: M\u00e9sz\u00e1ros Tam\u00e1s (70\/ 457 0486) \u00a0","og_url":"https:\/\/kvanumzen.hu\/en\/budapesti-zen-kozpont\/","og_site_name":"Kvan Um Zen Magyarorsz\u00e1g","article_publisher":"https:\/\/www.facebook.com\/KvanumZenIskola","article_modified_time":"2022-09-21T14:58:00+00:00","og_image":[{"url":"https:\/\/kvanumzen.hu\/wp-content\/uploads\/2022\/09\/DSC_0002-9-1024x681.jpg","type":"","width":"","height":""}],"twitter_card":"summary_large_image","twitter_misc":{"Estimated reading time":"1 minute"},"schema":{"@context":"https:\/\/schema.org","@graph":[{"@type":"WebPage","@id":"https:\/\/kvanumzen.hu\/budapesti-zen-kozpont\/","url":"https:\/\/kvanumzen.hu\/budapesti-zen-kozpont\/","name":"Budapesti Zen K\u00f6zpont - Kvan Um Zen Magyarorsz\u00e1g","isPartOf":{"@id":"https:\/\/kvanumzen.hu\/#website"},"primaryImageOfPage":{"@id":"https:\/\/kvanumzen.hu\/budapesti-zen-kozpont\/#primaryimage"},"image":{"@id":"https:\/\/kvanumzen.hu\/budapesti-zen-kozpont\/#primaryimage"},"thumbnailUrl":"https:\/\/kvanumzen.hu\/wp-content\/uploads\/2022\/09\/DSC_0002-9-1024x681.jpg","datePublished":"2020-10-04T16:43:03+00:00","dateModified":"2022-09-21T14:58:00+00:00","breadcrumb":{"@id":"https:\/\/kvanumzen.hu\/budapesti-zen-kozpont\/#breadcrumb"},"inLanguage":"en-GB","potentialAction":[{"@type":"ReadAction","target":["https:\/\/kvanumzen.hu\/budapesti-zen-kozpont\/"]}]},{"@type":"ImageObject","inLanguage":"en-GB","@id":"https:\/\/kvanumzen.hu\/budapesti-zen-kozpont\/#primaryimage","url":"https:\/\/kvanumzen.hu\/wp-content\/uploads\/2022\/09\/DSC_0002-9-1024x681.jpg","contentUrl":"https:\/\/kvanumzen.hu\/wp-content\/uploads\/2022\/09\/DSC_0002-9-1024x681.jpg"},{"@type":"BreadcrumbList","@id":"https:\/\/kvanumzen.hu\/budapesti-zen-kozpont\/#breadcrumb","itemListElement":[{"@type":"ListItem","position":1,"name":"Home","item":"https:\/\/kvanumzen.hu\/"},{"@type":"ListItem","position":2,"name":"Budapesti Zen K\u00f6zpont"}]},{"@type":"WebSite","@id":"https:\/\/kvanumzen.hu\/#website","url":"https:\/\/kvanumzen.hu\/","name":"Kwan Um Zen Hungary","description":"","publisher":{"@id":"https:\/\/kvanumzen.hu\/#organization"},"potentialAction":[{"@type":"SearchAction","target":{"@type":"EntryPoint","urlTemplate":"https:\/\/kvanumzen.hu\/?s={search_term_string}"},"query-input":{"@type":"PropertyValueSpecification","valueRequired":true,"valueName":"search_term_string"}}],"inLanguage":"en-GB"},{"@type":"Organization","@id":"https:\/\/kvanumzen.hu\/#organization","name":"Kwan Um Zen Hungary","url":"https:\/\/kvanumzen.hu\/","logo":{"@type":"ImageObject","inLanguage":"en-GB","@id":"https:\/\/kvanumzen.hu\/#\/schema\/logo\/image\/","url":"https:\/\/kvanumzen.hu\/wp-content\/uploads\/2020\/08\/KvanUm_200x200.png","contentUrl":"https:\/\/kvanumzen.hu\/wp-content\/uploads\/2020\/08\/KvanUm_200x200.png","width":200,"height":199,"caption":"Kvan Um Zen Magyarorsz\u00e1g"},"image":{"@id":"https:\/\/kvanumzen.hu\/#\/schema\/logo\/image\/"},"sameAs":["https:\/\/www.facebook.com\/KvanumZenIskola"]}]}},"_links":{"self":[{"href":"https:\/\/kvanumzen.hu\/en\/wp-json\/wp\/v2\/pages\/312","targetHints":{"allow":["GET"]}}],"collection":[{"href":"https:\/\/kvanumzen.hu\/en\/wp-json\/wp\/v2\/pages"}],"about":[{"href":"https:\/\/kvanumzen.hu\/en\/wp-json\/wp\/v2\/types\/page"}],"author":[{"embeddable":true,"href":"https:\/\/kvanumzen.hu\/en\/wp-json\/wp\/v2\/users\/1"}],"replies":[{"embeddable":true,"href":"https:\/\/kvanumzen.hu\/en\/wp-json\/wp\/v2\/comments?post=312"}],"version-history":[{"count":5,"href":"https:\/\/kvanumzen.hu\/en\/wp-json\/wp\/v2\/pages\/312\/revisions"}],"predecessor-version":[{"id":685,"href":"https:\/\/kvanumzen.hu\/en\/wp-json\/wp\/v2\/pages\/312\/revisions\/685"}],"wp:attachment":[{"href":"https:\/\/kvanumzen.hu\/en\/wp-json\/wp\/v2\/media?parent=312"}],"curies":[{"name":"wp","href":"https:\/\/api.w.org\/{rel}","templated":true}]}}